{"id":1969,"date":"2024-04-23T10:39:40","date_gmt":"2024-04-23T07:39:40","guid":{"rendered":"http:\/\/jnats.eu\/?post_type=product&#038;p=1969"},"modified":"2024-11-28T00:01:11","modified_gmt":"2024-11-27T22:01:11","slug":"ohira-renge-suita-kopa","status":"publish","type":"product","link":"https:\/\/jnats.eu\/it\/prodotto-2\/ohira-renge-suita-kopa\/","title":{"rendered":"Ohira Renge Suite Koppa"},"content":{"rendered":"<p>Una tuta Ohira Renge molto versatile per una variet\u00e0 di compiti. La risposta \u00e8 molto fluida, le linee non sono un problema a questo punto, ma \u00e8 meglio evitare macchie marroni visibili perch\u00e9 possono danneggiare la lama, quindi il prezzo \u00e8 notevolmente ridotto. La finitura Kasumi \u00e8 brillante e raffinata, mettendo in risalto i dettagli del materiale della lama e lasciando una superficie &quot;priva di graffi&quot; in tutto tranne che nella luce pi\u00f9 intensa. \u00c8 una pietra eccellente adatta per una variet\u00e0 di compiti: affilatura finale di coltelli da cucina, lucidatura kasumi, utensili, forbici. Tale Ohira Suita ha aiutato la miniera a raggiungere una reputazione cos\u00ec eccezionale.<\/p>\n\n\n\n<p>Questo abito shiro bianco \u00e8 decorato con &quot;fiori di loto&quot; rossi noti anche come motivo renge. Ha una forma e una dimensione decenti e le linee non sono un problema con la nitidezza. Il fondo della pietra \u00e8 riempito di polimero.<\/p>\n\n\n\n<p><strong>Ohira (\u5927\u5e73, Oohira, Ohirayama)<\/strong><br>Miniera occidentale, famosa per la qualit\u00e0 di Uchigumori e Suita. Anche se la miniera viene ancora sfruttata occasionalmente, gli uchigumori e gli ohira suite esportabili sono sempre pi\u00f9 difficili da trovare. Secondo quanto riferito, molti minatori sono preoccupati per la fornitura a lungo termine di pietre uchigumori di qualit\u00e0. A causa della qualit\u00e0 superiore di Ohira suita e uchigumori, non \u00e8 raro che pietre provenienti da altre miniere vengano stampate o vendute come Ohira.<\/p>\n\n\n\n<figure class=\"wp-block-embed is-type-video is-provider-youtube wp-block-embed-youtube wp-embed-aspect-16-9 wp-has-aspect-ratio\"><div class=\"wp-block-embed__wrapper\">\n<div class=\"video-container\"><iframe title=\"Kasumi finisce su Jnats: Ohira, Nisshoyama Naikumo Suita, Shobudani Karasu\" width=\"1170\" height=\"658\" src=\"https:\/\/www.youtube.com\/embed\/EufKzrz4gFs?start=147&#038;feature=oembed\" frameborder=\"0\" allow=\"accelerometer; autoplay; clipboard-write; encrypted-media; gyroscope; picture-in-picture; web-share\" referrerpolicy=\"strict-origin-when-cross-origin\" allowfullscreen><\/iframe><\/div>\n<\/div><\/figure>","protected":false},"excerpt":{"rendered":"<ul>\n<li>Adatto per la rifinitura di coltelli, forbici, falegnameria e altri utensili. Anche Kasumi per il finale.<\/li>\n<li>Dimensioni: 180x120x28 mm<\/li>\n<li>Peso: 1390 grammi<\/li>\n<li>Durezza: Lv 4<\/li>\n<li>Le linee sono sicure, <span style=\"color: #993300;\"><strong>macchie &quot;tossiche&quot;<\/strong><\/span><\/li>\n<li>Si consiglia di lavorare con acqua calda, perch\u00e9 l&#039;acqua fredda deteriora la velocit\u00e0 di lavoro e la risposta.<\/li>\n<\/ul>","protected":false},"featured_media":1971,"comment_status":"open","ping_status":"closed","template":"","meta":[],"product_brand":[],"product_cat":[22],"product_tag":[241,47,86,50],"class_list":{"0":"post-1969","1":"product","2":"type-product","3":"status-publish","4":"has-post-thumbnail","6":"product_cat-jnats","7":"product_tag-kopa","8":"product_tag-ohira","9":"product_tag-renge","10":"product_tag-suita","11":"product_shipping_class-iprastas","13":"first","14":"outofstock","15":"sale","16":"shipping-taxable","17":"purchasable","18":"product-type-simple"},"_links":{"self":[{"href":"https:\/\/jnats.eu\/it\/wp-json\/wp\/v2\/product\/1969","targetHints":{"allow":["GET"]}}],"collection":[{"href":"https:\/\/jnats.eu\/it\/wp-json\/wp\/v2\/product"}],"about":[{"href":"https:\/\/jnats.eu\/it\/wp-json\/wp\/v2\/types\/product"}],"replies":[{"embeddable":true,"href":"https:\/\/jnats.eu\/it\/wp-json\/wp\/v2\/comments?post=1969"}],"wp:featuredmedia":[{"embeddable":true,"href":"https:\/\/jnats.eu\/it\/wp-json\/wp\/v2\/media\/1971"}],"wp:attachment":[{"href":"https:\/\/jnats.eu\/it\/wp-json\/wp\/v2\/media?parent=1969"}],"wp:term":[{"taxonomy":"product_brand","embeddable":true,"href":"https:\/\/jnats.eu\/it\/wp-json\/wp\/v2\/product_brand?post=1969"},{"taxonomy":"product_cat","embeddable":true,"href":"https:\/\/jnats.eu\/it\/wp-json\/wp\/v2\/product_cat?post=1969"},{"taxonomy":"product_tag","embeddable":true,"href":"https:\/\/jnats.eu\/it\/wp-json\/wp\/v2\/product_tag?post=1969"}],"curies":[{"name":"wp","href":"https:\/\/api.w.org\/{rel}","templated":true}]}}