{"id":1976,"date":"2024-04-23T10:52:41","date_gmt":"2024-04-23T07:52:41","guid":{"rendered":"http:\/\/jnats.eu\/?post_type=product&#038;p=1976"},"modified":"2024-04-26T10:14:33","modified_gmt":"2024-04-26T07:14:33","slug":"suite-atago-shiro","status":"publish","type":"product","link":"https:\/\/jnats.eu\/it\/prodotto-2\/suite-atago-shiro\/","title":{"rendered":"Atago Shiro Suite"},"content":{"rendered":"<p>Un abito molto raro che ho visto in commercio solo poche volte. Questa pietra \u00e8 mediamente dura e fine con una sensazione di affilatura e una velocit\u00e0 medie. Non former\u00e0 una sospensione, quindi consigliamo di utilizzare nagura per accelerare la lucidatura dei coltelli. Al contrario, i residui di metallo nero si accumuleranno rapidamente quando si lavora la lama sulla pietra. Con la pazienza e la tecnica adeguate, le pietre lasciano un kasumi lucido e raffinato sia sul morbido laminato che sul duro acciaio.<\/p>\n\n\n\n<p>La lama \u00e8 abbastanza non aggressiva, ma \u00e8 perfetta per i coltelli da cucina. Questa pietra funziona bene anche con strumenti di falegnameria, ad es. per scalpelli e pialle ed \u00e8 un eccellente preparatore per la prefinitura del rasoio. <\/p>\n\n\n\n<p>La pietra per affilare Atago Shiro Suita far\u00e0 tutto il lavoro perfettamente. La pietra \u00e8 di colore grigio con macchie rosate e linee giallastre in namaz, che a prima vista possono sembrare graffi. Nessuna linea tossica.<\/p>\n\n\n\n<p><strong>Atagoyama<\/strong><br>Questa miniera produceva pietre di Chu-ishi naori, generalmente grandi e pulite. Il monte Atago \u00e8 spesso considerato il centro dell&#039;area mineraria della pietra per affilare di Kyoto.<\/p>\n\n\n\n<figure class=\"wp-block-embed is-type-video is-provider-youtube wp-block-embed-youtube wp-embed-aspect-16-9 wp-has-aspect-ratio\"><div class=\"wp-block-embed__wrapper\">\n<div class=\"video-container\"><iframe title=\"Completo Okudo Tenjyou, Completo Okudo Black Lotus Shiro, Completo Ohira Renge, Completo Atago Shiro\" width=\"1170\" height=\"658\" src=\"https:\/\/www.youtube.com\/embed\/rH67SY_9N9o?start=549&#038;feature=oembed\" frameborder=\"0\" allow=\"accelerometer; autoplay; clipboard-write; encrypted-media; gyroscope; picture-in-picture; web-share\" referrerpolicy=\"strict-origin-when-cross-origin\" allowfullscreen><\/iframe><\/div>\n<\/div><\/figure>","protected":false},"excerpt":{"rendered":"<ul>\n<li>Adatto per la finitura di coltelli, forbici, attrezzi da falegnameria e altri utensili. Per i rasoi - un prefinish.<\/li>\n<li>Dimensioni: 204x75x33 mm<\/li>\n<li>Peso con supporto: 1780 g<\/li>\n<li>Durezza: Lv 4<\/li>\n<li>Linee sicure<\/li>\n<li>La superficie \u00e8 liscia e pronta per il lavoro<\/li>\n<li>Si consiglia di lavorare con acqua calda, perch\u00e9 l&#039;acqua fredda deteriora la velocit\u00e0 di lavoro e la risposta.<\/li>\n<\/ul>","protected":false},"featured_media":1980,"comment_status":"open","ping_status":"closed","template":"","meta":[],"product_brand":[],"product_cat":[22],"product_tag":[242,87,50],"class_list":{"0":"post-1976","1":"product","2":"type-product","3":"status-publish","4":"has-post-thumbnail","6":"product_cat-jnats","7":"product_tag-atago","8":"product_tag-shiro","9":"product_tag-suita","10":"product_shipping_class-iprastas","12":"first","13":"instock","14":"sale","15":"shipping-taxable","16":"purchasable","17":"product-type-simple"},"_links":{"self":[{"href":"https:\/\/jnats.eu\/it\/wp-json\/wp\/v2\/product\/1976","targetHints":{"allow":["GET"]}}],"collection":[{"href":"https:\/\/jnats.eu\/it\/wp-json\/wp\/v2\/product"}],"about":[{"href":"https:\/\/jnats.eu\/it\/wp-json\/wp\/v2\/types\/product"}],"replies":[{"embeddable":true,"href":"https:\/\/jnats.eu\/it\/wp-json\/wp\/v2\/comments?post=1976"}],"wp:featuredmedia":[{"embeddable":true,"href":"https:\/\/jnats.eu\/it\/wp-json\/wp\/v2\/media\/1980"}],"wp:attachment":[{"href":"https:\/\/jnats.eu\/it\/wp-json\/wp\/v2\/media?parent=1976"}],"wp:term":[{"taxonomy":"product_brand","embeddable":true,"href":"https:\/\/jnats.eu\/it\/wp-json\/wp\/v2\/product_brand?post=1976"},{"taxonomy":"product_cat","embeddable":true,"href":"https:\/\/jnats.eu\/it\/wp-json\/wp\/v2\/product_cat?post=1976"},{"taxonomy":"product_tag","embeddable":true,"href":"https:\/\/jnats.eu\/it\/wp-json\/wp\/v2\/product_tag?post=1976"}],"curies":[{"name":"wp","href":"https:\/\/api.w.org\/{rel}","templated":true}]}}