{"id":1982,"date":"2024-04-23T11:05:48","date_gmt":"2024-04-23T08:05:48","guid":{"rendered":"http:\/\/jnats.eu\/?post_type=product&#038;p=1982"},"modified":"2024-12-15T22:12:52","modified_gmt":"2024-12-15T20:12:52","slug":"suite-rishonzan-shiro-loto-rosso","status":"publish","type":"product","link":"https:\/\/jnats.eu\/it\/prodotto-2\/suite-rishonzan-shiro-loto-rosso\/","title":{"rendered":"Abito Nisshoyama Rishonzan Shiro Loto Rosso"},"content":{"rendered":"<p>Suite molto rara Nisshoyama Rishonzan Shiro Red Lotus. Questa pietra \u00e8 medio dura e fine con una sensazione di affilatura e una velocit\u00e0 medie. \u00c8 difficile rilasciare la propria sospensione, quindi consigliamo di utilizzare nagura per accelerare la lucidatura dei coltelli. Al contrario, i rifiuti di metallo nero si accumuleranno rapidamente quando affili la lama sulla pietra. Con la pazienza e la tecnica adeguate, le pietre lasciano un kasumi lucido e raffinato sia sul morbido laminato che sul duro acciaio.<\/p>\n\n\n\n<p>La lama \u00e8 abbastanza aggressiva ed \u00e8 perfetta per i coltelli da cucina. Questa pietra funziona bene anche con strumenti di falegnameria, ad es. scalpelli e pialle. I rasoi non funzionano a causa dei fori relativamente grandi sulla superficie, chiamati in Giappone <em>con<\/em>. Per questo motivo \u00e8 anche meglio non usare molta forza durante l&#039;affilatura.<\/p>\n\n\n\n<p>Il fondo non \u00e8 liscio, quindi sarebbe meglio incollare la pietra al legno o lisciarlo.<\/p>\n\n\n\n<figure class=\"wp-block-embed is-type-video is-provider-youtube wp-block-embed-youtube wp-embed-aspect-16-9 wp-has-aspect-ratio\"><div class=\"wp-block-embed__wrapper\">\n<div class=\"video-container\"><iframe title=\"Kasumi finisce su Jnats: Ohira, Nisshoyama Naikumo Suita, Shobudani Karasu\" width=\"1170\" height=\"658\" src=\"https:\/\/www.youtube.com\/embed\/EufKzrz4gFs?start=437&feature=oembed\" frameborder=\"0\" allow=\"accelerometer; autoplay; clipboard-write; encrypted-media; gyroscope; picture-in-picture; web-share\" referrerpolicy=\"strict-origin-when-cross-origin\" allowfullscreen><\/iframe><\/div>\n<\/div><\/figure>","protected":false},"excerpt":{"rendered":"<ul>\n<li>Adatto per la finitura di coltelli, forbici, attrezzi da falegnameria e altri utensili.<\/li>\n<li>Dimensioni: 150x90x30mm<\/li>\n<li>Peso: 960 g<\/li>\n<li>Durezza: Lv 4<\/li>\n<li>Linee sicure<\/li>\n<li>La superficie \u00e8 liscia e pronta per il lavoro<\/li>\n<li>Si consiglia di lavorare con acqua calda, perch\u00e9 l&#039;acqua fredda deteriora la velocit\u00e0 di lavoro e la risposta.<\/li>\n<\/ul>","protected":false},"featured_media":1985,"comment_status":"open","ping_status":"closed","template":"","meta":[],"product_brand":[],"product_cat":[22],"product_tag":[179,244,243,87,50],"class_list":{"0":"post-1982","1":"product","2":"type-product","3":"status-publish","4":"has-post-thumbnail","6":"product_cat-jnats","7":"product_tag-nisshoyama","8":"product_tag-red-lotus","9":"product_tag-rishonzan","10":"product_tag-shiro","11":"product_tag-suita","12":"product_shipping_class-iprastas","14":"first","15":"outofstock","16":"sale","17":"shipping-taxable","18":"purchasable","19":"product-type-simple"},"_links":{"self":[{"href":"https:\/\/jnats.eu\/it\/wp-json\/wp\/v2\/product\/1982","targetHints":{"allow":["GET"]}}],"collection":[{"href":"https:\/\/jnats.eu\/it\/wp-json\/wp\/v2\/product"}],"about":[{"href":"https:\/\/jnats.eu\/it\/wp-json\/wp\/v2\/types\/product"}],"replies":[{"embeddable":true,"href":"https:\/\/jnats.eu\/it\/wp-json\/wp\/v2\/comments?post=1982"}],"wp:featuredmedia":[{"embeddable":true,"href":"https:\/\/jnats.eu\/it\/wp-json\/wp\/v2\/media\/1985"}],"wp:attachment":[{"href":"https:\/\/jnats.eu\/it\/wp-json\/wp\/v2\/media?parent=1982"}],"wp:term":[{"taxonomy":"product_brand","embeddable":true,"href":"https:\/\/jnats.eu\/it\/wp-json\/wp\/v2\/product_brand?post=1982"},{"taxonomy":"product_cat","embeddable":true,"href":"https:\/\/jnats.eu\/it\/wp-json\/wp\/v2\/product_cat?post=1982"},{"taxonomy":"product_tag","embeddable":true,"href":"https:\/\/jnats.eu\/it\/wp-json\/wp\/v2\/product_tag?post=1982"}],"curies":[{"name":"wp","href":"https:\/\/api.w.org\/{rel}","templated":true}]}}