{"id":200,"date":"2024-02-25T13:49:31","date_gmt":"2024-02-25T11:49:31","guid":{"rendered":"http:\/\/jnats.eu\/?post_type=product&#038;p=200"},"modified":"2024-07-03T10:06:44","modified_gmt":"2024-07-03T07:06:44","slug":"pietra-verde-di-nakayama-per-rasoi","status":"publish","type":"product","link":"https:\/\/jnats.eu\/it\/prodotto-2\/pietra-verde-di-nakayama-per-rasoi\/","title":{"rendered":"Pietra per rasoio verde Nakayama Honzan"},"content":{"rendered":"<p>La pietra verde Nakayama \u00e8 ideale per la finitura dei rasoi. Naturalmente si adatta facilmente a coltelli e altri utensili. Una pietra naturale omogenea di prima classe che meriterebbe certamente il marchio Maruka se fosse regolarmente sagomata. Qui tutto \u00e8 perfetto: la struttura, la velocit\u00e0 di lavorazione, la levigatezza, la risposta, ecc. Questo tipo di pietra \u00e8 una delle pi\u00f9 apprezzate non solo in Giappone, ma anche dagli artigiani di tutto il mondo, e costa migliaia di euro. \u00c8 un investimento per tutta la vita e per le generazioni a venire, perch\u00e9 la pietra si usura molto lentamente.<\/p>\n\n\n\n<p>La pietra da macina Nakayama \u00e8 il punto pi\u00f9 bello estratto nella Prefettura di Kyoto quasi 900 anni fa. La miniera \u00e8 stata chiusa pi\u00f9 di 30 anni fa. La miniera era molto importante come miniera militare, poich\u00e9 le pietre estratte venivano utilizzate per affilare le spade, e per questo \u00e8 stata a lungo sorvegliata dall'imperatore del Giappone o dal governo giapponese. Per molto tempo, solo la famiglia Honma poteva gestire la miniera. La Nakayama Maruka \u00e8 una pietra da finitura molto ricercata, anche in Giappone, perch\u00e9 la miniera \u00e8 stata chiusa ed \u00e8 sempre pi\u00f9 difficile trovarla. \u00c8 ideale per affilare rasoi, coltelli o altri utensili che necessitano di una finitura molto delicata.<\/p>\n\n\n\n<ul class=\"wp-block-list\">\n<li><strong>Durezza: Lv <\/strong>5+<\/li>\n\n\n\n<li><strong>Dimensioni (circa): 190x120x20 mm<\/strong><\/li>\n\n\n\n<li><strong>Peso (con supporto): 1310 g.<\/strong><\/li>\n\n\n\n<li><strong>Pietra dura e veloce con struttura omogenea. Ideale per la finitura di rasoi, coltelli, attrezzi da falegnameria e altri utensili.&nbsp;<\/strong><\/li>\n<\/ul>","protected":false},"excerpt":{"rendered":"<p><!-- wp:list --><\/p>\n<ul><!-- wp:list-item --><\/p>\n<li><strong>Durezza: Lv 5+<\/strong><\/li>\n<p><!-- \/wp:list-item --><\/p>\n<p><!-- wp:list-item --><\/p>\n<li><strong>Dimensioni (circa): 190x120x20 mm<\/strong><\/li>\n<p><!-- \/wp:list-item --><\/p>\n<p><!-- wp:list-item --><\/p>\n<li><strong>Peso (con supporto): 1310 g.<\/strong><\/li>\n<p><!-- \/wp:list-item --><\/p>\n<p><!-- wp:list-item --><\/p>\n<li><strong>Pietra dura e veloce con struttura omogenea. Ideale per la finitura di rasoi, coltelli, attrezzi da falegnameria e altri utensili.\u00a0<\/strong><\/li>\n<p><!-- \/wp:list-item --><\/ul>\n<p><!-- \/wp:list --><\/p>","protected":false},"featured_media":1210,"comment_status":"open","ping_status":"closed","template":"","meta":[],"product_brand":[],"product_cat":[22],"product_tag":[58,49],"class_list":{"0":"post-200","1":"product","2":"type-product","3":"status-publish","4":"has-post-thumbnail","6":"product_cat-jnats","7":"product_tag-maruka","8":"product_tag-nakayama","9":"product_shipping_class-iprastas","11":"first","12":"outofstock","13":"sale","14":"shipping-taxable","15":"purchasable","16":"product-type-simple"},"_links":{"self":[{"href":"https:\/\/jnats.eu\/it\/wp-json\/wp\/v2\/product\/200","targetHints":{"allow":["GET"]}}],"collection":[{"href":"https:\/\/jnats.eu\/it\/wp-json\/wp\/v2\/product"}],"about":[{"href":"https:\/\/jnats.eu\/it\/wp-json\/wp\/v2\/types\/product"}],"replies":[{"embeddable":true,"href":"https:\/\/jnats.eu\/it\/wp-json\/wp\/v2\/comments?post=200"}],"wp:featuredmedia":[{"embeddable":true,"href":"https:\/\/jnats.eu\/it\/wp-json\/wp\/v2\/media\/1210"}],"wp:attachment":[{"href":"https:\/\/jnats.eu\/it\/wp-json\/wp\/v2\/media?parent=200"}],"wp:term":[{"taxonomy":"product_brand","embeddable":true,"href":"https:\/\/jnats.eu\/it\/wp-json\/wp\/v2\/product_brand?post=200"},{"taxonomy":"product_cat","embeddable":true,"href":"https:\/\/jnats.eu\/it\/wp-json\/wp\/v2\/product_cat?post=200"},{"taxonomy":"product_tag","embeddable":true,"href":"https:\/\/jnats.eu\/it\/wp-json\/wp\/v2\/product_tag?post=200"}],"curies":[{"name":"wp","href":"https:\/\/api.w.org\/{rel}","templated":true}]}}