{"id":2008,"date":"2024-04-24T10:08:32","date_gmt":"2024-04-24T07:08:32","guid":{"rendered":"http:\/\/jnats.eu\/?post_type=product&#038;p=2008"},"modified":"2024-06-30T20:00:20","modified_gmt":"2024-06-30T17:00:20","slug":"shohonyama-aiiwatani-kiita-nashiji-tomae-koppa","status":"publish","type":"product","link":"https:\/\/jnats.eu\/it\/prodotto-2\/shohonyama-aiiwatani-kiita-nashiji-tomae-koppa\/","title":{"rendered":"Shohonyama Aiiwatani Kiita Nashiji Tomae Koppa"},"content":{"rendered":"<p>Sebbene la superficie sia abbastanza grande da essere funzionale per piccoli lavori di affilatura, la forma di questa pietra la rende pi\u00f9 adatta come lussuoso tomo-nagura per pietre da affilatura pi\u00f9 grandi. La pietra \u00e8 molto fine e non troppo dura, il che la rende un donatore di sospensione ideale per le pietre Awasedo extra fini e dure.<\/p>\n\n\n\n<p>La pietra presenta colori kiita e asagi con uno strato nashiji. Il lato posteriore \u00e8 irregolare.<\/p>\n\n\n\n<p><strong>Aiiwatani (\u76f8\u5ca9\u8c37, \u76f8\u5ca9\u8c37\u7523, \u5ca9\u8c37, Iwatani, Iwadani, Ai Iwatani, Aiwadani)<\/strong><br>Questa prolifica miniera orientale produceva pietre ritenute dure e fini. Sono spesso venduti come alternativa pi\u00f9 economica al durissimo Nakayama awasedo utilizzato per rifinire rasoi e strumenti di falegnameria.<\/p>","protected":false},"excerpt":{"rendered":"<ul>\n<li>Adatto per la finitura di rasoi, coltelli, forbici, attrezzi da falegnameria e altri utensili.<\/li>\n<li>Dimensioni: 135x102x20 mm<\/li>\n<li>Peso: 700 g<\/li>\n<li>Durezza: Lv 4<\/li>\n<li>La superficie \u00e8 liscia e pronta per il lavoro<\/li>\n<li>Si consiglia di lavorare con acqua calda, perch\u00e9 l&#039;acqua fredda deteriora la velocit\u00e0 di lavoro e la risposta.<\/li>\n<\/ul>","protected":false},"featured_media":2010,"comment_status":"open","ping_status":"closed","template":"","meta":[],"product_brand":[],"product_cat":[22],"product_tag":[65,248,67],"class_list":{"0":"post-2008","1":"product","2":"type-product","3":"status-publish","4":"has-post-thumbnail","6":"product_cat-jnats","7":"product_tag-aiwatani","8":"product_tag-shohonyma","9":"product_tag-tomae","10":"product_shipping_class-iprastas","12":"first","13":"outofstock","14":"shipping-taxable","15":"purchasable","16":"product-type-simple"},"_links":{"self":[{"href":"https:\/\/jnats.eu\/it\/wp-json\/wp\/v2\/product\/2008","targetHints":{"allow":["GET"]}}],"collection":[{"href":"https:\/\/jnats.eu\/it\/wp-json\/wp\/v2\/product"}],"about":[{"href":"https:\/\/jnats.eu\/it\/wp-json\/wp\/v2\/types\/product"}],"replies":[{"embeddable":true,"href":"https:\/\/jnats.eu\/it\/wp-json\/wp\/v2\/comments?post=2008"}],"wp:featuredmedia":[{"embeddable":true,"href":"https:\/\/jnats.eu\/it\/wp-json\/wp\/v2\/media\/2010"}],"wp:attachment":[{"href":"https:\/\/jnats.eu\/it\/wp-json\/wp\/v2\/media?parent=2008"}],"wp:term":[{"taxonomy":"product_brand","embeddable":true,"href":"https:\/\/jnats.eu\/it\/wp-json\/wp\/v2\/product_brand?post=2008"},{"taxonomy":"product_cat","embeddable":true,"href":"https:\/\/jnats.eu\/it\/wp-json\/wp\/v2\/product_cat?post=2008"},{"taxonomy":"product_tag","embeddable":true,"href":"https:\/\/jnats.eu\/it\/wp-json\/wp\/v2\/product_tag?post=2008"}],"curies":[{"name":"wp","href":"https:\/\/api.w.org\/{rel}","templated":true}]}}