{"id":2025,"date":"2024-04-24T10:29:46","date_gmt":"2024-04-24T07:29:46","guid":{"rendered":"http:\/\/jnats.eu\/?post_type=product&#038;p=2025"},"modified":"2025-10-06T23:26:09","modified_gmt":"2025-10-06T20:26:09","slug":"suite-della-verginita-ohira","status":"publish","type":"product","link":"https:\/\/jnats.eu\/it\/prodotto-2\/suite-della-verginita-ohira\/","title":{"rendered":"Suite della Verginit\u00e0 Ohira"},"content":{"rendered":"<p>Il piccolo Ohira Naikumo Suita \u00e8 facile da usare e ideale per lucidare e affilare i coltelli da cucina. Se si preme con forza, la pietra rilascia una sospensione e affila il coltello, mentre se si applica una pressione pi\u00f9 leggera, si lucida.  La risposta \u00e8 fluida e sufficientemente informativa per dare all'utente una buona sensazione del processo di affilatura. Questa pietra \u00e8 un eccellente e prezioso strumento di lavoro per l'affilatura e la lucidatura.<\/p>\n\n\n\n<p>Questo abito ha una base crema\/blu pallido, sparse macchie rosse sul renge e alcune linee marroni benigne.<\/p>\n\n\n\n<figure class=\"wp-block-embed is-type-video is-provider-youtube wp-block-embed-youtube wp-embed-aspect-16-9 wp-has-aspect-ratio\"><div class=\"wp-block-embed__wrapper\">\n<div class=\"video-container\"><iframe title=\"Kasumi finisce su Jnats: Ohira, Nisshoyama Naikumo Suita, Shobudani Karasu\" width=\"1170\" height=\"658\" src=\"https:\/\/www.youtube.com\/embed\/EufKzrz4gFs?start=715&feature=oembed\" frameborder=\"0\" allow=\"accelerometer; autoplay; clipboard-write; encrypted-media; gyroscope; picture-in-picture; web-share\" referrerpolicy=\"strict-origin-when-cross-origin\" allowfullscreen><\/iframe><\/div>\n<\/div><\/figure>\n\n\n\n<p><strong>Ohira (\u5927\u5e73, Oohira, Ohirayama)<\/strong><br>Miniera occidentale, famosa per la qualit\u00e0 di Uchigumori e Suita. Anche se la miniera viene ancora sfruttata occasionalmente, gli uchigumori e gli ohira suite esportabili sono sempre pi\u00f9 difficili da trovare. Secondo quanto riferito, molti minatori sono preoccupati per la fornitura a lungo termine di pietre uchigumori di qualit\u00e0. A causa della qualit\u00e0 superiore di Ohira suita e uchigumori, non \u00e8 raro che pietre provenienti da altre miniere vengano stampate o vendute come Ohira.<\/p>","protected":false},"excerpt":{"rendered":"<ul>\n<li>Adatto per la finitura di coltelli, forbici, attrezzi da falegnameria e altri utensili.<\/li>\n<li>Dimensioni: 205x74x27mm<\/li>\n<li>Peso: 985 g<\/li>\n<li>Durezza: Lv 4<\/li>\n<li>Linee sicure<\/li>\n<li>La superficie non \u00e8 completamente liscia, sono presenti buchi sui bordi.<\/li>\n<li>Si consiglia di lavorare con acqua calda, perch\u00e9 l&#039;acqua fredda deteriora la velocit\u00e0 di lavoro e la risposta.<\/li>\n<\/ul>","protected":false},"featured_media":2026,"comment_status":"open","ping_status":"closed","template":"","meta":[],"product_brand":[],"product_cat":[22],"product_tag":[252,47,50],"class_list":{"0":"post-2025","1":"product","2":"type-product","3":"status-publish","4":"has-post-thumbnail","6":"product_cat-jnats","7":"product_tag-naikumo","8":"product_tag-ohira","9":"product_tag-suita","10":"product_shipping_class-iprastas","12":"first","13":"outofstock","14":"sale","15":"shipping-taxable","16":"purchasable","17":"product-type-simple"},"_links":{"self":[{"href":"https:\/\/jnats.eu\/it\/wp-json\/wp\/v2\/product\/2025","targetHints":{"allow":["GET"]}}],"collection":[{"href":"https:\/\/jnats.eu\/it\/wp-json\/wp\/v2\/product"}],"about":[{"href":"https:\/\/jnats.eu\/it\/wp-json\/wp\/v2\/types\/product"}],"replies":[{"embeddable":true,"href":"https:\/\/jnats.eu\/it\/wp-json\/wp\/v2\/comments?post=2025"}],"wp:featuredmedia":[{"embeddable":true,"href":"https:\/\/jnats.eu\/it\/wp-json\/wp\/v2\/media\/2026"}],"wp:attachment":[{"href":"https:\/\/jnats.eu\/it\/wp-json\/wp\/v2\/media?parent=2025"}],"wp:term":[{"taxonomy":"product_brand","embeddable":true,"href":"https:\/\/jnats.eu\/it\/wp-json\/wp\/v2\/product_brand?post=2025"},{"taxonomy":"product_cat","embeddable":true,"href":"https:\/\/jnats.eu\/it\/wp-json\/wp\/v2\/product_cat?post=2025"},{"taxonomy":"product_tag","embeddable":true,"href":"https:\/\/jnats.eu\/it\/wp-json\/wp\/v2\/product_tag?post=2025"}],"curies":[{"name":"wp","href":"https:\/\/api.w.org\/{rel}","templated":true}]}}