{"id":2033,"date":"2024-04-24T10:37:39","date_gmt":"2024-04-24T07:37:39","guid":{"rendered":"http:\/\/jnats.eu\/?post_type=product&#038;p=2033"},"modified":"2024-12-05T07:22:36","modified_gmt":"2024-12-05T05:22:36","slug":"ohira-renge-suita-2","status":"publish","type":"product","link":"https:\/\/jnats.eu\/it\/prodotto-2\/ohira-renge-suita-2\/","title":{"rendered":"Suite Ohira Renge"},"content":{"rendered":"<p>Una tuta Ohira Renge molto versatile per una variet\u00e0 di compiti. La risposta \u00e8 molto fluida, le linee non sono un problema al momento. La finitura Kasumi \u00e8 brillante e raffinata, mettendo in risalto i dettagli del materiale della lama e lasciando una superficie &quot;priva di graffi&quot; in tutto tranne che nella luce pi\u00f9 intensa. \u00c8 una pietra eccellente adatta per una variet\u00e0 di compiti: affilatura finale di coltelli da cucina, lucidatura kasumi, utensili, forbici. Tale Ohira Suita ha aiutato la miniera a raggiungere una reputazione cos\u00ec eccezionale.<\/p>\n\n\n\n<p>Questo Ohira Shiro Suita bianco \u00e8 decorato con \u201efiori di loto\u201d rossi, noti anche come motivo renge. La pietra ha una buona forma e dimensione e le linee sono facili da affilare. Entrambi i lati sono pronti per essere lavorati.<\/p>\n\n\n\n<figure class=\"wp-block-embed is-type-video is-provider-youtube wp-block-embed-youtube wp-embed-aspect-16-9 wp-has-aspect-ratio\"><div class=\"wp-block-embed__wrapper\">\n<div class=\"video-container\"><iframe title=\"Aoto, Aizu, Ohira Suite, Ozuku - Affilatura del rasoio Le Moulin\" width=\"1170\" height=\"658\" src=\"https:\/\/www.youtube.com\/embed\/5Q8Nm6aKSYc?start=612&feature=oembed\" frameborder=\"0\" allow=\"accelerometer; autoplay; clipboard-write; encrypted-media; gyroscope; picture-in-picture; web-share\" referrerpolicy=\"strict-origin-when-cross-origin\" allowfullscreen><\/iframe><\/div>\n<\/div><\/figure>\n\n\n\n<p><strong>Ohira (\u5927\u5e73, Oohira, Ohirayama)<\/strong><br>Miniera occidentale, famosa per la qualit\u00e0 di Uchigumori e Suita. Anche se la miniera viene ancora sfruttata occasionalmente, gli uchigumori e gli ohira suite esportabili sono sempre pi\u00f9 difficili da trovare. Secondo quanto riferito, molti minatori sono preoccupati per la fornitura a lungo termine di pietre uchigumori di qualit\u00e0. A causa della qualit\u00e0 superiore di Ohira suita e uchigumori, non \u00e8 raro che pietre provenienti da altre miniere vengano stampate o vendute come Ohira.<\/p>","protected":false},"excerpt":{"rendered":"<ul>\n<li>Adatto per la rifinitura di coltelli, forbici, falegnameria e altri utensili. Anche Kasumi per il finale.<\/li>\n<li>Dimensioni: 207x76x22 mm<\/li>\n<li>Peso: 707 g<\/li>\n<li>Durezza: Lv 4<\/li>\n<li>Linee sicure<\/li>\n<li>Entrambe le parti sono pronte all'azione.<\/li>\n<li>Si consiglia di lavorare con acqua calda, perch\u00e9 l&#039;acqua fredda deteriora la velocit\u00e0 di lavoro e la risposta.<\/li>\n<\/ul>","protected":false},"featured_media":2036,"comment_status":"open","ping_status":"closed","template":"","meta":[],"product_brand":[],"product_cat":[22],"product_tag":[47,86,50],"class_list":{"0":"post-2033","1":"product","2":"type-product","3":"status-publish","4":"has-post-thumbnail","6":"product_cat-jnats","7":"product_tag-ohira","8":"product_tag-renge","9":"product_tag-suita","10":"product_shipping_class-iprastas","12":"first","13":"outofstock","14":"sale","15":"shipping-taxable","16":"purchasable","17":"product-type-simple"},"_links":{"self":[{"href":"https:\/\/jnats.eu\/it\/wp-json\/wp\/v2\/product\/2033","targetHints":{"allow":["GET"]}}],"collection":[{"href":"https:\/\/jnats.eu\/it\/wp-json\/wp\/v2\/product"}],"about":[{"href":"https:\/\/jnats.eu\/it\/wp-json\/wp\/v2\/types\/product"}],"replies":[{"embeddable":true,"href":"https:\/\/jnats.eu\/it\/wp-json\/wp\/v2\/comments?post=2033"}],"wp:featuredmedia":[{"embeddable":true,"href":"https:\/\/jnats.eu\/it\/wp-json\/wp\/v2\/media\/2036"}],"wp:attachment":[{"href":"https:\/\/jnats.eu\/it\/wp-json\/wp\/v2\/media?parent=2033"}],"wp:term":[{"taxonomy":"product_brand","embeddable":true,"href":"https:\/\/jnats.eu\/it\/wp-json\/wp\/v2\/product_brand?post=2033"},{"taxonomy":"product_cat","embeddable":true,"href":"https:\/\/jnats.eu\/it\/wp-json\/wp\/v2\/product_cat?post=2033"},{"taxonomy":"product_tag","embeddable":true,"href":"https:\/\/jnats.eu\/it\/wp-json\/wp\/v2\/product_tag?post=2033"}],"curies":[{"name":"wp","href":"https:\/\/api.w.org\/{rel}","templated":true}]}}