{"id":2039,"date":"2025-06-30T11:10:34","date_gmt":"2025-06-30T08:10:34","guid":{"rendered":"http:\/\/jnats.eu\/?post_type=product&#038;p=2039"},"modified":"2025-11-28T09:00:18","modified_gmt":"2025-11-28T07:00:18","slug":"suite-ohira-renge-shiro","status":"publish","type":"product","link":"https:\/\/jnats.eu\/it\/prodotto-2\/suite-ohira-renge-shiro\/","title":{"rendered":"Pietra per affilatura giapponese naturale Ohira Shiro Suita"},"content":{"rendered":"<p>Un&#039;Ohira Renge Suita versatile, adatta a una variet\u00e0 di lavori. La risposta \u00e8 abbastanza fluida, le linee non causano problemi evidenti al momento, ma a volte si avverte leggermente. Questa \u00e8 una buona pietra adatta a una variet\u00e0 di lavori: affilatura finale di coltelli da cucina, utensili da falegnameria, forbici, ecc. Queste Ohira Suita hanno contribuito a far s\u00ec che la miniera si guadagnasse una reputazione cos\u00ec eccezionale.<\/p>\n\n\n\n<p>La pietra ha una forma e una dimensione accettabili e le linee non creano problemi durante l&#039;affilatura.<\/p>\n\n\n\n<figure class=\"wp-block-embed is-type-video is-provider-youtube wp-block-embed-youtube wp-embed-aspect-16-9 wp-has-aspect-ratio\"><div class=\"wp-block-embed__wrapper\">\n<div class=\"video-container\"><iframe title=\"Suncraft: un falso SG2 o il miglior coltello del mondo? Galandam con Ohira Suita\" width=\"1170\" height=\"658\" src=\"https:\/\/www.youtube.com\/embed\/oKKMLcZ-l28?start=450&#038;feature=oembed\" frameborder=\"0\" allow=\"accelerometer; autoplay; clipboard-write; encrypted-media; gyroscope; picture-in-picture; web-share\" referrerpolicy=\"strict-origin-when-cross-origin\" allowfullscreen><\/iframe><\/div>\n<\/div><\/figure>\n\n\n\n<p><strong>Ohira (\u5927\u5e73, Oohira, Ohirayama)<\/strong><br>Miniera occidentale, famosa per la qualit\u00e0 di Uchigumori e Suita. Anche se la miniera viene ancora sfruttata occasionalmente, gli uchigumori e gli ohira suite esportabili sono sempre pi\u00f9 difficili da trovare. Secondo quanto riferito, molti minatori sono preoccupati per la fornitura a lungo termine di pietre uchigumori di qualit\u00e0. A causa della qualit\u00e0 superiore di Ohira suita e uchigumori, non \u00e8 raro che pietre provenienti da altre miniere vengano stampate o vendute come Ohira.<\/p>","protected":false},"excerpt":{"rendered":"<ul>\n<li>Adatto per la finitura di coltelli, forbici, attrezzi da falegnameria e altri utensili.\u00a0<\/li>\n<li>Dimensioni: 206x75x42 mm<\/li>\n<li>Peso: 1720 g<\/li>\n<li>Durezza: Lv 4.3<\/li>\n<li>Le linee sono sicure, ma una delle pi\u00f9 evidenti a volte \u00e8 un po&#039; evidente<\/li>\n<li>Si consiglia di lavorare con acqua calda, perch\u00e9 l&#039;acqua fredda deteriora la velocit\u00e0 di lavoro e la risposta.<\/li>\n<\/ul>","protected":false},"featured_media":4835,"comment_status":"open","ping_status":"closed","template":"","meta":[],"product_brand":[],"product_cat":[22],"product_tag":[47,86,87,50],"class_list":{"0":"post-2039","1":"product","2":"type-product","3":"status-publish","4":"has-post-thumbnail","6":"product_cat-jnats","7":"product_tag-ohira","8":"product_tag-renge","9":"product_tag-shiro","10":"product_tag-suita","11":"product_shipping_class-iprastas","13":"first","14":"outofstock","15":"shipping-taxable","16":"purchasable","17":"product-type-simple"},"_links":{"self":[{"href":"https:\/\/jnats.eu\/it\/wp-json\/wp\/v2\/product\/2039","targetHints":{"allow":["GET"]}}],"collection":[{"href":"https:\/\/jnats.eu\/it\/wp-json\/wp\/v2\/product"}],"about":[{"href":"https:\/\/jnats.eu\/it\/wp-json\/wp\/v2\/types\/product"}],"replies":[{"embeddable":true,"href":"https:\/\/jnats.eu\/it\/wp-json\/wp\/v2\/comments?post=2039"}],"wp:featuredmedia":[{"embeddable":true,"href":"https:\/\/jnats.eu\/it\/wp-json\/wp\/v2\/media\/4835"}],"wp:attachment":[{"href":"https:\/\/jnats.eu\/it\/wp-json\/wp\/v2\/media?parent=2039"}],"wp:term":[{"taxonomy":"product_brand","embeddable":true,"href":"https:\/\/jnats.eu\/it\/wp-json\/wp\/v2\/product_brand?post=2039"},{"taxonomy":"product_cat","embeddable":true,"href":"https:\/\/jnats.eu\/it\/wp-json\/wp\/v2\/product_cat?post=2039"},{"taxonomy":"product_tag","embeddable":true,"href":"https:\/\/jnats.eu\/it\/wp-json\/wp\/v2\/product_tag?post=2039"}],"curies":[{"name":"wp","href":"https:\/\/api.w.org\/{rel}","templated":true}]}}