{"id":2044,"date":"2024-04-24T11:07:42","date_gmt":"2024-04-24T08:07:42","guid":{"rendered":"http:\/\/jnats.eu\/?post_type=product&#038;p=2044"},"modified":"2024-05-16T10:39:33","modified_gmt":"2024-05-16T07:39:33","slug":"ohira-suzayama-renge-suita-imanishi-co-ltd","status":"publish","type":"product","link":"https:\/\/jnats.eu\/it\/prodotto-2\/ohira-suzayama-renge-suita-imanishi-co-ltd\/","title":{"rendered":"Ohira Suzayama Renge Suita Imanishi Co LTD."},"content":{"rendered":"<p>Una suite di queste dimensioni, forma ideale e classe non si trova molto spesso e una vintage con segni \u00e8 una vera scoperta. La pietra \u00e8 veloce, d\u00e0 una buona risposta e risultati eccezionali. L&#039;Ohira di alta qualit\u00e0 \u00e8 sempre pi\u00f9 raro e questa pietra \u00e8 un eccellente esempio di come la miniera abbia raggiunto la sua alta reputazione. Questo esemplare \u00e8 strutturato abbastanza finemente. Che il tuo obiettivo principale sia l&#039;affilatura della lama o la lucidatura Kasumi, la Renge Suita Ohira Suzayama non ti deluder\u00e0.<\/p>\n\n\n\n<p>Una base rosa con una stampa raffinata sul vestito. Uno degli angoli \u00e8 leggermente inclinato e sono presenti delle linee sicure. Questa \u00e8 l&#039;unica cosa che impedisce a questa pietra di diventare un esemplare da museo con un prezzo davvero astronomico.<\/p>\n\n\n\n<p><strong>Ohira (\u5927\u5e73, Oohira, Ohirayama)<\/strong><br>Miniera occidentale, famosa per la qualit\u00e0 di Uchigumori e Suita. Anche se la miniera viene ancora sfruttata occasionalmente, gli uchigumori e gli ohira suite esportabili sono sempre pi\u00f9 difficili da trovare. A causa della qualit\u00e0 superiore di Ohira suita e uchigumori, non \u00e8 raro che pietre provenienti da altre miniere vengano stampate e vendute come Ohira.<\/p>","protected":false},"excerpt":{"rendered":"<ul>\n<li>Adatto per la rifinitura di coltelli, forbici, falegnameria e altri utensili. Anche Kasumi per il finale.<\/li>\n<li>Dimensioni: 204x74x46mm<\/li>\n<li>Peso: 1760 grammi<\/li>\n<li>Durezza: Lv 4<\/li>\n<li>Linee sicure<\/li>\n<li>Si consiglia di lavorare con acqua calda, perch\u00e9 l&#039;acqua fredda deteriora la velocit\u00e0 di lavoro e la risposta.<\/li>\n<\/ul>","protected":false},"featured_media":2051,"comment_status":"open","ping_status":"closed","template":"","meta":[],"product_brand":[],"product_cat":[22],"product_tag":[255,254,47,86,50,253],"class_list":{"0":"post-2044","1":"product","2":"type-product","3":"status-publish","4":"has-post-thumbnail","6":"product_cat-jnats","7":"product_tag-co-ltd","8":"product_tag-imanishi","9":"product_tag-ohira","10":"product_tag-renge","11":"product_tag-suita","12":"product_tag-suzayama","13":"product_shipping_class-iprastas","15":"first","16":"instock","17":"sale","18":"shipping-taxable","19":"purchasable","20":"product-type-simple"},"_links":{"self":[{"href":"https:\/\/jnats.eu\/it\/wp-json\/wp\/v2\/product\/2044","targetHints":{"allow":["GET"]}}],"collection":[{"href":"https:\/\/jnats.eu\/it\/wp-json\/wp\/v2\/product"}],"about":[{"href":"https:\/\/jnats.eu\/it\/wp-json\/wp\/v2\/types\/product"}],"replies":[{"embeddable":true,"href":"https:\/\/jnats.eu\/it\/wp-json\/wp\/v2\/comments?post=2044"}],"wp:featuredmedia":[{"embeddable":true,"href":"https:\/\/jnats.eu\/it\/wp-json\/wp\/v2\/media\/2051"}],"wp:attachment":[{"href":"https:\/\/jnats.eu\/it\/wp-json\/wp\/v2\/media?parent=2044"}],"wp:term":[{"taxonomy":"product_brand","embeddable":true,"href":"https:\/\/jnats.eu\/it\/wp-json\/wp\/v2\/product_brand?post=2044"},{"taxonomy":"product_cat","embeddable":true,"href":"https:\/\/jnats.eu\/it\/wp-json\/wp\/v2\/product_cat?post=2044"},{"taxonomy":"product_tag","embeddable":true,"href":"https:\/\/jnats.eu\/it\/wp-json\/wp\/v2\/product_tag?post=2044"}],"curies":[{"name":"wp","href":"https:\/\/api.w.org\/{rel}","templated":true}]}}