{"id":2052,"date":"2024-04-24T11:11:56","date_gmt":"2024-04-24T08:11:56","guid":{"rendered":"http:\/\/jnats.eu\/?post_type=product&#038;p=2052"},"modified":"2024-10-20T14:58:20","modified_gmt":"2024-10-20T11:58:20","slug":"vestito-ohira-renge-shiro-2","status":"publish","type":"product","link":"https:\/\/jnats.eu\/it\/prodotto-2\/vestito-ohira-renge-shiro-2\/","title":{"rendered":"Abito Ohira Renge Shiro"},"content":{"rendered":"<p>Una tuta Ohira Renge molto versatile per una variet\u00e0 di compiti. La risposta \u00e8 molto fluida e le linee non sono un problema. La finitura Kasumi \u00e8 brillante e raffinata, mettendo in risalto i dettagli del materiale della lama e lasciando una superficie &quot;priva di graffi&quot; in tutto tranne che nella luce pi\u00f9 brillante. \u00c8 una pietra eccellente adatta per una variet\u00e0 di compiti: affilatura finale di coltelli da cucina, lucidatura kasumi, utensili, forbici. Tale Ohira Suita ha aiutato la miniera a raggiungere una reputazione cos\u00ec eccezionale.<\/p>\n\n\n\n<p>Questo abito shiro bianco \u00e8 decorato con &quot;fiori di loto&quot; rossi noti anche come motivo renge. Ha una forma e una dimensione eccezionali e le linee non sono un problema con la nitidezza.<\/p>\n\n\n\n<p><strong>Ohira (\u5927\u5e73, Oohira, Ohirayama)<\/strong><br>Miniera occidentale, famosa per la qualit\u00e0 di Uchigumori e Suita. Anche se la miniera viene ancora sfruttata occasionalmente, gli uchigumori e gli ohira suite esportabili sono sempre pi\u00f9 difficili da trovare. A causa della qualit\u00e0 superiore di Ohira suita e uchigumori, non \u00e8 raro che pietre provenienti da altre miniere vengano stampate o vendute come Ohira.<\/p>","protected":false},"excerpt":{"rendered":"<ul>\n<li>Adatto per la rifinitura di coltelli, forbici, falegnameria e altri utensili. Anche Kasumi per il finale.<\/li>\n<li>Dimensioni: 204x76x34mm<\/li>\n<li>Peso: 1300 grammi<\/li>\n<li>Durezza: Lv 4<\/li>\n<li>Linee sicure<\/li>\n<li>Si consiglia di lavorare con acqua calda, perch\u00e9 l&#039;acqua fredda deteriora la velocit\u00e0 di lavoro e la risposta.<\/li>\n<\/ul>","protected":false},"featured_media":2110,"comment_status":"open","ping_status":"closed","template":"","meta":[],"product_brand":[],"product_cat":[22],"product_tag":[47,86,87,50],"class_list":{"0":"post-2052","1":"product","2":"type-product","3":"status-publish","4":"has-post-thumbnail","6":"product_cat-jnats","7":"product_tag-ohira","8":"product_tag-renge","9":"product_tag-shiro","10":"product_tag-suita","11":"product_shipping_class-iprastas","13":"first","14":"outofstock","15":"shipping-taxable","16":"purchasable","17":"product-type-simple"},"_links":{"self":[{"href":"https:\/\/jnats.eu\/it\/wp-json\/wp\/v2\/product\/2052","targetHints":{"allow":["GET"]}}],"collection":[{"href":"https:\/\/jnats.eu\/it\/wp-json\/wp\/v2\/product"}],"about":[{"href":"https:\/\/jnats.eu\/it\/wp-json\/wp\/v2\/types\/product"}],"replies":[{"embeddable":true,"href":"https:\/\/jnats.eu\/it\/wp-json\/wp\/v2\/comments?post=2052"}],"wp:featuredmedia":[{"embeddable":true,"href":"https:\/\/jnats.eu\/it\/wp-json\/wp\/v2\/media\/2110"}],"wp:attachment":[{"href":"https:\/\/jnats.eu\/it\/wp-json\/wp\/v2\/media?parent=2052"}],"wp:term":[{"taxonomy":"product_brand","embeddable":true,"href":"https:\/\/jnats.eu\/it\/wp-json\/wp\/v2\/product_brand?post=2052"},{"taxonomy":"product_cat","embeddable":true,"href":"https:\/\/jnats.eu\/it\/wp-json\/wp\/v2\/product_cat?post=2052"},{"taxonomy":"product_tag","embeddable":true,"href":"https:\/\/jnats.eu\/it\/wp-json\/wp\/v2\/product_tag?post=2052"}],"curies":[{"name":"wp","href":"https:\/\/api.w.org\/{rel}","templated":true}]}}