{"id":2059,"date":"2024-04-24T11:22:04","date_gmt":"2024-04-24T08:22:04","guid":{"rendered":"http:\/\/jnats.eu\/?post_type=product&#038;p=2059"},"modified":"2025-10-22T15:09:21","modified_gmt":"2025-10-22T12:09:21","slug":"shiro-suita-renge-miyadaiku","status":"publish","type":"product","link":"https:\/\/jnats.eu\/it\/prodotto-2\/shiro-suita-renge-miyadaiku\/","title":{"rendered":"Shiro Suita Renge Miyadaiku"},"content":{"rendered":"<p>La suite pi\u00f9 pulita che abbia mai visto! Pietre giapponesi per affilare e lucidare di questo tipo, di queste dimensioni, forma ideale e grado sono rare, ed \u00e8 praticamente raro che siano completamente prive di linee. La pietra \u00e8 veloce, d\u00e0 una buona risposta e risultati eccezionali. La Suita di alta qualit\u00e0 sta diventando sempre pi\u00f9 rara sul mercato e questa pietra \u00e8 un eccellente esempio di come queste pietre per affilare e lucidare si siano guadagnate un&#039;ottima reputazione. Questo esemplare \u00e8 strutturato abbastanza finemente. Che il tuo obiettivo principale sia l&#039;affilatura della lama o la lucidatura Kasumi, il Suita Renge Miyadaiku non ti deluder\u00e0.<\/p>\n\n\n\n<p>Base bianca con piccoli &quot;loti&quot; neri e bordi gialli. <\/p>","protected":false},"excerpt":{"rendered":"<ul>\n<li>Adatto per la rifinitura di coltelli, forbici, falegnameria e altri utensili. Anche Kasumi per il finale.<\/li>\n<li>Dimensioni: 213x63x35 mm<\/li>\n<li>Peso con supporto: 1340 g<\/li>\n<li>Durezza: Lv 4<\/li>\n<li>Si consiglia di lavorare con acqua calda, perch\u00e9 l&#039;acqua fredda deteriora la velocit\u00e0 di lavoro e la risposta.<\/li>\n<\/ul>","protected":false},"featured_media":2063,"comment_status":"open","ping_status":"closed","template":"","meta":[],"product_brand":[],"product_cat":[22],"product_tag":[256,86,87,50],"class_list":{"0":"post-2059","1":"product","2":"type-product","3":"status-publish","4":"has-post-thumbnail","6":"product_cat-jnats","7":"product_tag-miyadaiku","8":"product_tag-renge","9":"product_tag-shiro","10":"product_tag-suita","11":"product_shipping_class-iprastas","13":"first","14":"instock","15":"sale","16":"shipping-taxable","17":"purchasable","18":"product-type-simple"},"_links":{"self":[{"href":"https:\/\/jnats.eu\/it\/wp-json\/wp\/v2\/product\/2059","targetHints":{"allow":["GET"]}}],"collection":[{"href":"https:\/\/jnats.eu\/it\/wp-json\/wp\/v2\/product"}],"about":[{"href":"https:\/\/jnats.eu\/it\/wp-json\/wp\/v2\/types\/product"}],"replies":[{"embeddable":true,"href":"https:\/\/jnats.eu\/it\/wp-json\/wp\/v2\/comments?post=2059"}],"wp:featuredmedia":[{"embeddable":true,"href":"https:\/\/jnats.eu\/it\/wp-json\/wp\/v2\/media\/2063"}],"wp:attachment":[{"href":"https:\/\/jnats.eu\/it\/wp-json\/wp\/v2\/media?parent=2059"}],"wp:term":[{"taxonomy":"product_brand","embeddable":true,"href":"https:\/\/jnats.eu\/it\/wp-json\/wp\/v2\/product_brand?post=2059"},{"taxonomy":"product_cat","embeddable":true,"href":"https:\/\/jnats.eu\/it\/wp-json\/wp\/v2\/product_cat?post=2059"},{"taxonomy":"product_tag","embeddable":true,"href":"https:\/\/jnats.eu\/it\/wp-json\/wp\/v2\/product_tag?post=2059"}],"curies":[{"name":"wp","href":"https:\/\/api.w.org\/{rel}","templated":true}]}}