{"id":2125,"date":"2024-04-27T14:55:52","date_gmt":"2024-04-27T11:55:52","guid":{"rendered":"http:\/\/jnats.eu\/?post_type=product&#038;p=2125"},"modified":"2024-10-25T10:57:14","modified_gmt":"2024-10-25T07:57:14","slug":"nakayama-tomae-iromono-pietra-naturale-giapponese-per-affilare-2","status":"publish","type":"product","link":"https:\/\/jnats.eu\/it\/prodotto-2\/nakayama-tomae-iromono-pietra-naturale-giapponese-per-affilare-2\/","title":{"rendered":"Pietra per affilare naturale giapponese Nakayama Tomae Iromono"},"content":{"rendered":"<p>Questo bellissimo iromono Nakayama \u00e8 una pietra naturale giapponese dura ed eccellente per rifinire l&#039;affilatura di qualsiasi utensile. \u00c8 meglio per chi ha pi\u00f9 esperienza, ma pu\u00f2 essere abbinato a un nagura per un&#039;esperienza pi\u00f9 user-friendly. La texture \u00e8 molto fine (10k+) e lo smalto tende a specchiarsi. Le linee sui bordi non si sentiranno anche se viene applicata troppa pressione e non causeranno graffi.<\/p>\n\n\n\n<p><strong>Nakayama (\u4e2d\u5c71)<\/strong><\/p>\n\n\n\n<p>Questa miniera orientale \u00e8 famosa per le sue pietre di finitura awasedo, ed \u00e8 forse la pi\u00f9 ricercata tra i professionisti dell&#039;affilatura e gli hobbisti. Rispetto alle pietre di durezza e finezza simili provenienti da altre miniere, le pietre Nakayama sono note per una sensazione di affilatura pi\u00f9 piacevole e per l&#039;elevata velocit\u00e0 di lavoro. Particolarmente apprezzate sono le pietre multistrato (Hondomae, Shikitomae) e Kiita.<\/p>","protected":false},"excerpt":{"rendered":"<ul>\n<li>Adatto per la finitura di rasoi, coltelli, forbici, attrezzi da falegnameria e altri utensili.<\/li>\n<li>Dimensioni: 204x76x18 mm<\/li>\n<li>Peso: 700 g<\/li>\n<li>Durezza: Lv 4,7<\/li>\n<li>La superficie \u00e8 liscia e pronta per il lavoro<\/li>\n<\/ul>","protected":false},"featured_media":2131,"comment_status":"open","ping_status":"closed","template":"","meta":[],"product_brand":[],"product_cat":[22],"product_tag":[41,259,49,67],"class_list":{"0":"post-2125","1":"product","2":"type-product","3":"status-publish","4":"has-post-thumbnail","6":"product_cat-jnats","7":"product_tag-iromono","8":"product_tag-japoniskas-naturalus-akmuo-galandimui","9":"product_tag-nakayama","10":"product_tag-tomae","12":"first","13":"outofstock","14":"sale","15":"shipping-taxable","16":"purchasable","17":"product-type-simple"},"_links":{"self":[{"href":"https:\/\/jnats.eu\/it\/wp-json\/wp\/v2\/product\/2125","targetHints":{"allow":["GET"]}}],"collection":[{"href":"https:\/\/jnats.eu\/it\/wp-json\/wp\/v2\/product"}],"about":[{"href":"https:\/\/jnats.eu\/it\/wp-json\/wp\/v2\/types\/product"}],"replies":[{"embeddable":true,"href":"https:\/\/jnats.eu\/it\/wp-json\/wp\/v2\/comments?post=2125"}],"wp:featuredmedia":[{"embeddable":true,"href":"https:\/\/jnats.eu\/it\/wp-json\/wp\/v2\/media\/2131"}],"wp:attachment":[{"href":"https:\/\/jnats.eu\/it\/wp-json\/wp\/v2\/media?parent=2125"}],"wp:term":[{"taxonomy":"product_brand","embeddable":true,"href":"https:\/\/jnats.eu\/it\/wp-json\/wp\/v2\/product_brand?post=2125"},{"taxonomy":"product_cat","embeddable":true,"href":"https:\/\/jnats.eu\/it\/wp-json\/wp\/v2\/product_cat?post=2125"},{"taxonomy":"product_tag","embeddable":true,"href":"https:\/\/jnats.eu\/it\/wp-json\/wp\/v2\/product_tag?post=2125"}],"curies":[{"name":"wp","href":"https:\/\/api.w.org\/{rel}","templated":true}]}}