{"id":2133,"date":"2024-04-27T15:11:40","date_gmt":"2024-04-27T12:11:40","guid":{"rendered":"http:\/\/jnats.eu\/?post_type=product&#038;p=2133"},"modified":"2025-01-11T21:46:17","modified_gmt":"2025-01-11T19:46:17","slug":"nakayama-maruka-8-sluoksniu-japoniskas-naturalus-akmuo-galandimui","status":"publish","type":"product","link":"https:\/\/jnats.eu\/it\/prodotto-2\/nakayama-maruka-8-sluoksniu-japoniskas-naturalus-akmuo-galandimui\/","title":{"rendered":"Pietra per affilare naturale giapponese Nakayama Maruka a 8 strati"},"content":{"rendered":"<p>Le pietre per affilare a otto strati Nakayama sono quasi scomparse dal mercato perch\u00e9 sono prodotti di fascia alta. \u00c8 una pietra perfetta sotto tutti gli aspetti: finezza, levigatezza, velocit\u00e0 di lavorazione e risposta. In Giappone se ne sono visti esemplari da 2,9 kg al prezzo di 10.000 euro.<br>\u00c8 una mola perfetta e in Giappone viene chiamata &quot;senza soffitto&quot;. Ci\u00f2 significa che il prezzo dichiarato della pietra non ha importanza, non importa quanto il venditore la offra. <\/p>\n\n\n\n<p>Tuttavia, poich\u00e9 si tratta di un business, il prezzo \u00e8 equo nel settore. Nella normale affilatura naturale giapponese, queste sono le pietre per affilare pi\u00f9 costose.<\/p>\n\n\n\n<p>Questa pietra vanta una forma perfetta per i rasoi e uno spessore che durer\u00e0 per diversi secoli. Il sigillo rimane in basso.<\/p>\n\n\n\n<p>La pietra Nakayama \u00e8 famosa per il marchio Kato Mutsuyama Maruka con la lettera &quot;ka&quot; e il sigillo Seihonzan \u32d5\u6b63\u672c\u5c71. Kato Mutsuyama fu il primo a scolpire un simile sigillo. Dimensioni non standard, pietre di grandi dimensioni o pietre grezze originariamente non avevano il marchio Maruka. Tuttavia, ci sono anche prodotti di qualit\u00e0 e pietre per affilare non standard che sono state successivamente contrassegnate con il timbro Maruka durante la lavorazione finale al dettaglio, cos\u00ec come pietre che sono state tagliate dal venditore da pietre grezze senza il timbro \u32d5\u6b63\u672c\u5c71. Inoltre, le mole Nakayama vendute prima del periodo di stampaggio non recano il timbro Maruka. <\/p>\n\n\n\n<p>In ogni caso, se si tratta della pietra di Kato Mutsuyama proveniente da questa miniera, sar\u00e0 la stessa pietra di Nakayama, indipendentemente dal fatto che abbia o meno il marchio Maruka. Il timbro \u32d5\u6b63\u672c\u5c71 stesso pu\u00f2 essere presente o meno a seconda del canale di distribuzione e non garantisce la qualit\u00e0. Non solo Nakayama, ma anche altre mole naturali, ognuna \u00e8 diversa e non ce ne sono due uguali. Inoltre, sono passati molti anni dalla chiusura della miniera, quindi ogni anno ci sono sempre meno esemplari buoni sul mercato.<\/p>\n\n\n\n<p>A causa della loro rarit\u00e0 e della potenza del marchio, ci sono molti falsi, quindi ti consigliamo di non fidarti troppo del sigillo Maruka e di valutare la pietra con i tuoi occhi.&nbsp;<\/p>\n\n\n\n<p>La miniera di Kato si trova sui monti Nakayama dove venivano estratte le pietre per affilare ed era cos\u00ec chiamata perch\u00e9 era di propriet\u00e0 del signor Kato. Hatanaka Whetstone \u00e8 un negozio di pietra di lunga data a Kyoto. Dopo la guerra, le vendite delle mole Nakayama estratte a Kato Utsuyama erano gestite da un gruppo di cinque persone di un importante negozio di pietre di Kyoto. Tra questi, si dice che Hatanaka Toishi sia stato per un certo periodo il pi\u00f9 fidato dei proprietari di montagne. nel 1952 Hatanaka Toishi ha registrato il marchio Junshin Honzan (\u7d14\u7a7a\u6b63\u672c\u5c71) per distinguersi dagli altri rivenditori. Dopo il 1980 dove i diritti sulla miniera di Nakayama furono acquistati da Hatanaka Whetstone e divenne proprietaria del marchio Maruka. Allo stesso tempo, le pietre di questa miniera venivano distribuite anche attraverso altri rivenditori.<\/p>\n\n\n\n<p><strong>Nakayama (\u4e2d\u5c71)<\/strong><\/p>\n\n\n\n<p>Questa miniera orientale \u00e8 famosa per le sue pietre di finitura awasedo, ed \u00e8 forse la pi\u00f9 ricercata tra i professionisti dell&#039;affilatura e gli hobbisti. Rispetto alle pietre di durezza e finezza simili provenienti da altre miniere, le pietre Nakayama sono note per una sensazione di affilatura pi\u00f9 piacevole e per l&#039;elevata velocit\u00e0 di lavoro. Particolarmente apprezzate sono le pietre multistrato (Hondomae, Shikitomae) e Kiita.<\/p>","protected":false},"excerpt":{"rendered":"<ul>\n<li>Ideale per rifinire rasoi, coltelli, forbici, falegnameria e altri utensili.<\/li>\n<li>Dimensioni: 143x79x23mm<\/li>\n<li>Peso: 645 g<\/li>\n<li>Durezza: Lv 5<\/li>\n<li>La superficie \u00e8 liscia e pronta per il lavoro<\/li>\n<li><span style=\"color: #ff0000;\"><strong>Se offrite il vostro prezzo, assicuratevi di inserire correttamente il vostro indirizzo e-mail. Altrimenti non riceverete risposta!<\/strong><\/span><\/li>\n<\/ul>","protected":false},"featured_media":2141,"comment_status":"open","ping_status":"closed","template":"","meta":[],"product_brand":[],"product_cat":[22],"product_tag":[58,49],"class_list":{"0":"post-2133","1":"product","2":"type-product","3":"status-publish","4":"has-post-thumbnail","6":"product_cat-jnats","7":"product_tag-maruka","8":"product_tag-nakayama","9":"product_shipping_class-iprastas","11":"first","12":"outofstock","13":"sale","14":"shipping-taxable","15":"purchasable","16":"product-type-simple"},"_links":{"self":[{"href":"https:\/\/jnats.eu\/it\/wp-json\/wp\/v2\/product\/2133","targetHints":{"allow":["GET"]}}],"collection":[{"href":"https:\/\/jnats.eu\/it\/wp-json\/wp\/v2\/product"}],"about":[{"href":"https:\/\/jnats.eu\/it\/wp-json\/wp\/v2\/types\/product"}],"replies":[{"embeddable":true,"href":"https:\/\/jnats.eu\/it\/wp-json\/wp\/v2\/comments?post=2133"}],"wp:featuredmedia":[{"embeddable":true,"href":"https:\/\/jnats.eu\/it\/wp-json\/wp\/v2\/media\/2141"}],"wp:attachment":[{"href":"https:\/\/jnats.eu\/it\/wp-json\/wp\/v2\/media?parent=2133"}],"wp:term":[{"taxonomy":"product_brand","embeddable":true,"href":"https:\/\/jnats.eu\/it\/wp-json\/wp\/v2\/product_brand?post=2133"},{"taxonomy":"product_cat","embeddable":true,"href":"https:\/\/jnats.eu\/it\/wp-json\/wp\/v2\/product_cat?post=2133"},{"taxonomy":"product_tag","embeddable":true,"href":"https:\/\/jnats.eu\/it\/wp-json\/wp\/v2\/product_tag?post=2133"}],"curies":[{"name":"wp","href":"https:\/\/api.w.org\/{rel}","templated":true}]}}