{"id":2149,"date":"2024-04-27T15:27:49","date_gmt":"2024-04-27T12:27:49","guid":{"rendered":"http:\/\/jnats.eu\/?post_type=product&#038;p=2149"},"modified":"2024-10-24T15:59:35","modified_gmt":"2024-10-24T12:59:35","slug":"nakayama-mitsu-asagi","status":"publish","type":"product","link":"https:\/\/jnats.eu\/it\/prodotto-2\/nakayama-mitsu-asagi\/","title":{"rendered":"Nakayama Mitsu Asagi"},"content":{"rendered":"<p>Questo asagi Nakayama \u00e8 la finitura di affilatura dei sogni per rasoi, utensili e coltelli, adatta per la lucidatura di altissima qualit\u00e0 e la rifinitura della lama. La pietra \u00e8 molto dura ma facile da maneggiare, soprattutto se utilizzata con sospensione laterale o Nagura. La lucidatura \u00e8 molto nitida e dettagliata, ma il contrasto viene mantenuto. <\/p>\n\n\n\n<p>Questo asagi grigio chiaro ha un motivo sumingashi (inchiostro sull&#039;acqua) piuttosto prominente su tutta la pietra. Nessuna inclusione \u00e8 visibile e le linee sono sicure. La pietra \u00e8 molto pi\u00f9 pesante di quanto ci si aspetterebbe date le sue dimensioni, il che significa che ha una struttura molto densa e si consumer\u00e0 molto lentamente.<\/p>","protected":false},"excerpt":{"rendered":"<ul>\n<li>Ideale per rifinire rasoi, coltelli, forbici, falegnameria e altri utensili.<\/li>\n<li>Dimensioni: 180x66x42mm<\/li>\n<li>Peso: 1420 grammi<\/li>\n<li>Durezza: Lv 5+<\/li>\n<li>Linee sicure<\/li>\n<li>La superficie \u00e8 liscia e pronta per il lavoro<\/li>\n<\/ul>","protected":false},"featured_media":2152,"comment_status":"open","ping_status":"closed","template":"","meta":[],"product_brand":[],"product_cat":[22],"product_tag":[45,261,49],"class_list":{"0":"post-2149","1":"product","2":"type-product","3":"status-publish","4":"has-post-thumbnail","6":"product_cat-jnats","7":"product_tag-asagi","8":"product_tag-mitsu","9":"product_tag-nakayama","10":"product_shipping_class-iprastas","12":"first","13":"outofstock","14":"sale","15":"shipping-taxable","16":"purchasable","17":"product-type-simple"},"_links":{"self":[{"href":"https:\/\/jnats.eu\/it\/wp-json\/wp\/v2\/product\/2149","targetHints":{"allow":["GET"]}}],"collection":[{"href":"https:\/\/jnats.eu\/it\/wp-json\/wp\/v2\/product"}],"about":[{"href":"https:\/\/jnats.eu\/it\/wp-json\/wp\/v2\/types\/product"}],"replies":[{"embeddable":true,"href":"https:\/\/jnats.eu\/it\/wp-json\/wp\/v2\/comments?post=2149"}],"wp:featuredmedia":[{"embeddable":true,"href":"https:\/\/jnats.eu\/it\/wp-json\/wp\/v2\/media\/2152"}],"wp:attachment":[{"href":"https:\/\/jnats.eu\/it\/wp-json\/wp\/v2\/media?parent=2149"}],"wp:term":[{"taxonomy":"product_brand","embeddable":true,"href":"https:\/\/jnats.eu\/it\/wp-json\/wp\/v2\/product_brand?post=2149"},{"taxonomy":"product_cat","embeddable":true,"href":"https:\/\/jnats.eu\/it\/wp-json\/wp\/v2\/product_cat?post=2149"},{"taxonomy":"product_tag","embeddable":true,"href":"https:\/\/jnats.eu\/it\/wp-json\/wp\/v2\/product_tag?post=2149"}],"curies":[{"name":"wp","href":"https:\/\/api.w.org\/{rel}","templated":true}]}}