{"id":2169,"date":"2024-04-27T15:49:23","date_gmt":"2024-04-27T12:49:23","guid":{"rendered":"http:\/\/jnats.eu\/?post_type=product&#038;p=2169"},"modified":"2024-05-13T10:16:41","modified_gmt":"2024-05-13T07:16:41","slug":"nakayama-iromono-2-2","status":"publish","type":"product","link":"https:\/\/jnats.eu\/it\/prodotto-2\/nakayama-iromono-2-2\/","title":{"rendered":"Nakayama Iromono"},"content":{"rendered":"<p>Una morbida pietra per affilare Nakayama Iromono facile da lavorare. \u00c8 abbastanza buono per rifinire un rasoio, ma abbastanza facile da usare da essere adatto anche per i coltelli. \u00c8 possibile fare a meno del fondo o della piastra diamantata, perch\u00e9 la pietra rilascer\u00e0 molto abbondantemente la sua sospensione e presto saranno visibili gli scarti del metallo lucido. Grazie alle sue dimensioni \u00e8 perfetto per affilare i rasoi, soprattutto se ti piace una rasatura delicata e sicura. Pu\u00f2 essere utilizzato anche come donatore di sospensione su roccia dura.<\/p>\n\n\n\n<figure class=\"wp-block-embed is-type-video is-provider-youtube wp-block-embed-youtube wp-embed-aspect-16-9 wp-has-aspect-ratio\"><div class=\"wp-block-embed__wrapper\">\n<div class=\"video-container\"><iframe title=\"Nakayama Awasedo Soft\" width=\"1170\" height=\"658\" src=\"https:\/\/www.youtube.com\/embed\/-lrea77d1LM?start=187&#038;feature=oembed\" frameborder=\"0\" allow=\"accelerometer; autoplay; clipboard-write; encrypted-media; gyroscope; picture-in-picture; web-share\" referrerpolicy=\"strict-origin-when-cross-origin\" allowfullscreen><\/iframe><\/div>\n<\/div><\/figure>\n\n\n\n<p><strong>Nakayama (\u4e2d\u5c71)<\/strong><\/p>\n\n\n\n<p>Questa miniera orientale \u00e8 famosa per le sue pietre di finitura awasedo, ed \u00e8 forse la pi\u00f9 ricercata tra i professionisti dell&#039;affilatura e gli hobbisti. Rispetto alle pietre di durezza e finezza simili provenienti da altre miniere, le pietre Nakayama sono note per una sensazione di affilatura pi\u00f9 piacevole e per l&#039;elevata velocit\u00e0 di lavoro. Particolarmente apprezzate sono le pietre multistrato (Hondomae, Shikitomae) e Kiita.<\/p>","protected":false},"excerpt":{"rendered":"<ul>\n<li>Adatto per la rifinitura di rasoi, coltelli, forbici, falegnameria e altri utensili. Pu\u00f2 essere utilizzato anche come donatore di sospensione su roccia dura.<\/li>\n<li>Dimensioni: 159x54x18mm<\/li>\n<li>Peso: 260 g<\/li>\n<li>Durezza: Lv 3<\/li>\n<li>La superficie \u00e8 liscia e pronta per il lavoro. <strong>C&#039;\u00e8 un piccolo foro sul bordo.<\/strong><\/li>\n<\/ul>","protected":false},"featured_media":2174,"comment_status":"open","ping_status":"closed","template":"","meta":[],"product_brand":[],"product_cat":[22],"product_tag":[41,49,262],"class_list":{"0":"post-2169","1":"product","2":"type-product","3":"status-publish","4":"has-post-thumbnail","6":"product_cat-jnats","7":"product_tag-iromono","8":"product_tag-nakayama","9":"product_tag-nakayama-kiita-iromono","10":"product_shipping_class-iprastas","12":"first","13":"outofstock","14":"shipping-taxable","15":"purchasable","16":"product-type-simple"},"_links":{"self":[{"href":"https:\/\/jnats.eu\/it\/wp-json\/wp\/v2\/product\/2169","targetHints":{"allow":["GET"]}}],"collection":[{"href":"https:\/\/jnats.eu\/it\/wp-json\/wp\/v2\/product"}],"about":[{"href":"https:\/\/jnats.eu\/it\/wp-json\/wp\/v2\/types\/product"}],"replies":[{"embeddable":true,"href":"https:\/\/jnats.eu\/it\/wp-json\/wp\/v2\/comments?post=2169"}],"wp:featuredmedia":[{"embeddable":true,"href":"https:\/\/jnats.eu\/it\/wp-json\/wp\/v2\/media\/2174"}],"wp:attachment":[{"href":"https:\/\/jnats.eu\/it\/wp-json\/wp\/v2\/media?parent=2169"}],"wp:term":[{"taxonomy":"product_brand","embeddable":true,"href":"https:\/\/jnats.eu\/it\/wp-json\/wp\/v2\/product_brand?post=2169"},{"taxonomy":"product_cat","embeddable":true,"href":"https:\/\/jnats.eu\/it\/wp-json\/wp\/v2\/product_cat?post=2169"},{"taxonomy":"product_tag","embeddable":true,"href":"https:\/\/jnats.eu\/it\/wp-json\/wp\/v2\/product_tag?post=2169"}],"curies":[{"name":"wp","href":"https:\/\/api.w.org\/{rel}","templated":true}]}}