{"id":2179,"date":"2024-04-28T10:50:58","date_gmt":"2024-04-28T07:50:58","guid":{"rendered":"http:\/\/jnats.eu\/?post_type=product&#038;p=2179"},"modified":"2024-11-11T18:08:55","modified_gmt":"2024-11-11T16:08:55","slug":"nakayama-awasedo","status":"publish","type":"product","link":"https:\/\/jnats.eu\/it\/prodotto-2\/nakayama-awasedo\/","title":{"rendered":"Nakayama Awasedo"},"content":{"rendered":"<p>La pietra per affilare Nakayama di media durezza \u00e8 piuttosto dura e facile da lavorare. Non avrai bisogno di un nagura o di una piastra diamantata, poich\u00e9 la pietra rilascer\u00e0 una quantit\u00e0 sufficiente della propria sospensione. Un&#039;ottima opzione per coloro a cui non piace &quot;ballare con la batteria&quot;: prendilo e macinalo. Le sue dimensioni lo rendono perfetto per il lavoro con il rasoio, ma \u00e8 ottimo anche per affilare strumenti pi\u00f9 grandi. <\/p>\n\n\n\n<p>non molto bello, ma una pietra bella che funziona bene, che \u00e8 quello che ci aspettiamo dalla miniera di Nakayama. La pietra \u00e8 incollata su un supporto di legno.<\/p>\n\n\n\n<p><strong>Nakayama (\u4e2d\u5c71)<\/strong><\/p>\n\n\n\n<p>Questa miniera orientale \u00e8 famosa per le sue pietre di finitura awasedo, ed \u00e8 forse la pi\u00f9 ricercata tra i professionisti dell&#039;affilatura e gli hobbisti. Rispetto alle pietre di durezza e finezza simili provenienti da altre miniere, le pietre Nakayama sono note per una sensazione di affilatura pi\u00f9 piacevole e per l&#039;elevata velocit\u00e0 di lavoro. Particolarmente apprezzate sono le pietre multistrato (Hondomae, Shikitomae) e Kiita.<\/p>","protected":false},"excerpt":{"rendered":"<ul>\n<li>Adatto per la finitura di rasoi, coltelli, forbici, attrezzi da falegnameria e altri utensili.<\/li>\n<li>Dimensioni: 195x70x23mm<\/li>\n<li>Peso con supporto: 1050 g<\/li>\n<li>Durezza: Lv 4<\/li>\n<li>La superficie \u00e8 liscia e pronta per il lavoro<\/li>\n<\/ul>","protected":false},"featured_media":2183,"comment_status":"open","ping_status":"closed","template":"","meta":[],"product_brand":[],"product_cat":[22],"product_tag":[40,49],"class_list":{"0":"post-2179","1":"product","2":"type-product","3":"status-publish","4":"has-post-thumbnail","6":"product_cat-jnats","7":"product_tag-awasedo","8":"product_tag-nakayama","9":"product_shipping_class-iprastas","11":"first","12":"outofstock","13":"shipping-taxable","14":"purchasable","15":"product-type-simple"},"_links":{"self":[{"href":"https:\/\/jnats.eu\/it\/wp-json\/wp\/v2\/product\/2179","targetHints":{"allow":["GET"]}}],"collection":[{"href":"https:\/\/jnats.eu\/it\/wp-json\/wp\/v2\/product"}],"about":[{"href":"https:\/\/jnats.eu\/it\/wp-json\/wp\/v2\/types\/product"}],"replies":[{"embeddable":true,"href":"https:\/\/jnats.eu\/it\/wp-json\/wp\/v2\/comments?post=2179"}],"wp:featuredmedia":[{"embeddable":true,"href":"https:\/\/jnats.eu\/it\/wp-json\/wp\/v2\/media\/2183"}],"wp:attachment":[{"href":"https:\/\/jnats.eu\/it\/wp-json\/wp\/v2\/media?parent=2179"}],"wp:term":[{"taxonomy":"product_brand","embeddable":true,"href":"https:\/\/jnats.eu\/it\/wp-json\/wp\/v2\/product_brand?post=2179"},{"taxonomy":"product_cat","embeddable":true,"href":"https:\/\/jnats.eu\/it\/wp-json\/wp\/v2\/product_cat?post=2179"},{"taxonomy":"product_tag","embeddable":true,"href":"https:\/\/jnats.eu\/it\/wp-json\/wp\/v2\/product_tag?post=2179"}],"curies":[{"name":"wp","href":"https:\/\/api.w.org\/{rel}","templated":true}]}}