{"id":2200,"date":"2024-04-28T11:27:29","date_gmt":"2024-04-28T08:27:29","guid":{"rendered":"http:\/\/jnats.eu\/?post_type=product&#038;p=2200"},"modified":"2024-12-11T00:47:56","modified_gmt":"2024-12-10T22:47:56","slug":"nakayama-tomae-awasedo","status":"publish","type":"product","link":"https:\/\/jnats.eu\/it\/prodotto-2\/nakayama-tomae-awasedo\/","title":{"rendered":"Nakayama Tomae Awasedo"},"content":{"rendered":"<p>Pietra naturale giapponese per affilare la finitura Nakayama Tomae Awasedo. \u00c8 una pietra di media durezza e ottimo potere abrasivo. Lo consigliamo per rifinire coltelli o prefinire rasoi. Ottimo anche per rifinire i rasoi purch\u00e9 non si usi troppa forza.<\/p>\n\n\n\n<p>Questa \u00e8 un&#039;enorme pietra di forma regolare che fa molto bene il lavoro!<\/p>\n\n\n\n<p>Questa pietra grigia presenta un motivo fluido di rosa e verde. Nessuna linea o inclusione visibile.<\/p>\n\n\n\n<p><strong>Nakayama (\u4e2d\u5c71)<\/strong><\/p>\n\n\n\n<p>Questa miniera orientale \u00e8 famosa per le sue pietre di finitura awasedo, ed \u00e8 forse la pi\u00f9 ricercata tra i professionisti dell&#039;affilatura e gli hobbisti. Rispetto alle pietre di durezza e finezza simili provenienti da altre miniere, le pietre Nakayama sono note per una risposta di affilatura pi\u00f9 piacevole e un&#039;elevata velocit\u00e0 di lavoro. Particolarmente apprezzate sono le pietre multistrato (Hondomae, Shikitomae) e Kiita.<\/p>","protected":false},"excerpt":{"rendered":"<ul>\n<li>Adatto per la finitura di rasoi, coltelli, forbici, attrezzi da falegnameria e altri utensili.<\/li>\n<li>Dimensioni: 205x72x45mm<\/li>\n<li>Peso: 2110 grammi<\/li>\n<li>Durezza: Lv 4<\/li>\n<li>La superficie \u00e8 liscia e pronta per il lavoro.<\/li>\n<li>Si consiglia di lavorare con acqua calda, poich\u00e9 l'acqua fredda compromette la velocit\u00e0 e la risposta.<\/li>\n<\/ul>","protected":false},"featured_media":2206,"comment_status":"open","ping_status":"closed","template":"","meta":[],"product_brand":[],"product_cat":[22],"product_tag":[40,49,67],"class_list":{"0":"post-2200","1":"product","2":"type-product","3":"status-publish","4":"has-post-thumbnail","6":"product_cat-jnats","7":"product_tag-awasedo","8":"product_tag-nakayama","9":"product_tag-tomae","10":"product_shipping_class-iprastas","12":"first","13":"outofstock","14":"sale","15":"shipping-taxable","16":"purchasable","17":"product-type-simple"},"_links":{"self":[{"href":"https:\/\/jnats.eu\/it\/wp-json\/wp\/v2\/product\/2200","targetHints":{"allow":["GET"]}}],"collection":[{"href":"https:\/\/jnats.eu\/it\/wp-json\/wp\/v2\/product"}],"about":[{"href":"https:\/\/jnats.eu\/it\/wp-json\/wp\/v2\/types\/product"}],"replies":[{"embeddable":true,"href":"https:\/\/jnats.eu\/it\/wp-json\/wp\/v2\/comments?post=2200"}],"wp:featuredmedia":[{"embeddable":true,"href":"https:\/\/jnats.eu\/it\/wp-json\/wp\/v2\/media\/2206"}],"wp:attachment":[{"href":"https:\/\/jnats.eu\/it\/wp-json\/wp\/v2\/media?parent=2200"}],"wp:term":[{"taxonomy":"product_brand","embeddable":true,"href":"https:\/\/jnats.eu\/it\/wp-json\/wp\/v2\/product_brand?post=2200"},{"taxonomy":"product_cat","embeddable":true,"href":"https:\/\/jnats.eu\/it\/wp-json\/wp\/v2\/product_cat?post=2200"},{"taxonomy":"product_tag","embeddable":true,"href":"https:\/\/jnats.eu\/it\/wp-json\/wp\/v2\/product_tag?post=2200"}],"curies":[{"name":"wp","href":"https:\/\/api.w.org\/{rel}","templated":true}]}}