{"id":2214,"date":"2024-04-28T11:43:55","date_gmt":"2024-04-28T08:43:55","guid":{"rendered":"http:\/\/jnats.eu\/?post_type=product&#038;p=2214"},"modified":"2024-10-20T15:02:22","modified_gmt":"2024-10-20T12:02:22","slug":"nakayama-tomae-kita","status":"publish","type":"product","link":"https:\/\/jnats.eu\/it\/prodotto-2\/nakayama-tomae-kita\/","title":{"rendered":"Nakayama Tomae Kiita"},"content":{"rendered":"<p>Nakayama Kiita merita la sua reputazione come la migliore pietra per affilare e rifinire che il denaro possa acquistare. Di solito sono piccoli, puliti, veloci e adatti a tutto, dall&#039;affilatura dei rasoi alla lucidatura dei coltelli da cucina.<\/p>\n\n\n\n<p>Bellissima e autentica pietra kiita proveniente dalla miniera di Nakayama. Estratto negli anni &#039;50. Questa pietra \u00e8 di colore giallo brillante, decorata con radi punti nashiji e un paio di linee numazu sicure.<\/p>\n\n\n\n<p>La sensazione dell&#039;affilatura \u00e8 divina, con una base solida e tuttavia una risposta estremamente fluida. La scheggiatura nera risalta immediatamente e la pietra taglia semplicemente l&#039;acciaio mantenendo una meravigliosa sensazione tattile. La sua sospensione non rilascia molto, ma ci\u00f2 non gli impedisce di funzionare rapidamente.<\/p>\n\n\n\n<p>Kasumi ha una finitura torbida, con un elevato contrasto tra hagane e jigane, meno comune nelle pietre Nakayama pi\u00f9 dure. Durante la lavorazione la pietra emana un odore forte e particolare.<\/p>\n\n\n\n<p><strong>Un piano orizzontale mostra una fessura o una roccia sciolta attorno all&#039;intera pietra a met\u00e0 circa<\/strong>. Pertanto, i tuoi nipoti potrebbero dover rimuovere diverse pietre di circa mezzo centimetro. C&#039;\u00e8 anche una piccola possibilit\u00e0 che la pietra si spezzi l\u00ec. Per ridurlo, i lati della pietra possono essere rivestiti con vernice, impedendo cos\u00ec all&#039;acqua di entrare nella fessura.<\/p>\n\n\n\n<p><strong>Nakayama (\u4e2d\u5c71)<\/strong><\/p>\n\n\n\n<p>Questa miniera orientale \u00e8 famosa per le sue pietre di finitura awasedo, ed \u00e8 forse la pi\u00f9 ricercata tra i professionisti dell&#039;affilatura e gli hobbisti. Rispetto alle pietre di durezza e finezza simili provenienti da altre miniere, le pietre Nakayama sono note per una risposta di affilatura pi\u00f9 piacevole e un&#039;elevata velocit\u00e0 di lavoro. Particolarmente apprezzate sono le pietre multistrato (Hondomae, Shikitomae) e Kiita.<\/p>\n\n\n\n<figure class=\"wp-block-embed is-type-video is-provider-youtube wp-block-embed-youtube wp-embed-aspect-16-9 wp-has-aspect-ratio\"><div class=\"wp-block-embed__wrapper\">\n<div class=\"video-container\"><iframe title=\"Nakayama Tomae Kiita, Ohira Naikumo Suita\" width=\"1170\" height=\"658\" src=\"https:\/\/www.youtube.com\/embed\/VZSDGTWTt3c?start=260&#038;feature=oembed\" frameborder=\"0\" allow=\"accelerometer; autoplay; clipboard-write; encrypted-media; gyroscope; picture-in-picture; web-share\" referrerpolicy=\"strict-origin-when-cross-origin\" allowfullscreen><\/iframe><\/div>\n<\/div><\/figure>","protected":false},"excerpt":{"rendered":"<ul>\n<li>Adatto per la finitura di rasoi, coltelli, forbici, attrezzi da falegnameria e altri utensili.\u00a0<\/li>\n<li>Dimensioni: 205x75x35mm<\/li>\n<li>Peso: 1290 grammi<\/li>\n<li>Durezza: Lv 4,8<\/li>\n<li>La superficie \u00e8 liscia e pronta per il lavoro.<\/li>\n<li>Si consiglia di lavorare con acqua calda, poich\u00e9 l'acqua fredda compromette la velocit\u00e0 e la risposta.<\/li>\n<\/ul>","protected":false},"featured_media":2224,"comment_status":"open","ping_status":"closed","template":"","meta":[],"product_brand":[],"product_cat":[22],"product_tag":[141,49,67],"class_list":{"0":"post-2214","1":"product","2":"type-product","3":"status-publish","4":"has-post-thumbnail","6":"product_cat-jnats","7":"product_tag-kiita","8":"product_tag-nakayama","9":"product_tag-tomae","10":"product_shipping_class-iprastas","12":"first","13":"outofstock","14":"shipping-taxable","15":"purchasable","16":"product-type-simple"},"_links":{"self":[{"href":"https:\/\/jnats.eu\/it\/wp-json\/wp\/v2\/product\/2214","targetHints":{"allow":["GET"]}}],"collection":[{"href":"https:\/\/jnats.eu\/it\/wp-json\/wp\/v2\/product"}],"about":[{"href":"https:\/\/jnats.eu\/it\/wp-json\/wp\/v2\/types\/product"}],"replies":[{"embeddable":true,"href":"https:\/\/jnats.eu\/it\/wp-json\/wp\/v2\/comments?post=2214"}],"wp:featuredmedia":[{"embeddable":true,"href":"https:\/\/jnats.eu\/it\/wp-json\/wp\/v2\/media\/2224"}],"wp:attachment":[{"href":"https:\/\/jnats.eu\/it\/wp-json\/wp\/v2\/media?parent=2214"}],"wp:term":[{"taxonomy":"product_brand","embeddable":true,"href":"https:\/\/jnats.eu\/it\/wp-json\/wp\/v2\/product_brand?post=2214"},{"taxonomy":"product_cat","embeddable":true,"href":"https:\/\/jnats.eu\/it\/wp-json\/wp\/v2\/product_cat?post=2214"},{"taxonomy":"product_tag","embeddable":true,"href":"https:\/\/jnats.eu\/it\/wp-json\/wp\/v2\/product_tag?post=2214"}],"curies":[{"name":"wp","href":"https:\/\/api.w.org\/{rel}","templated":true}]}}