{"id":2232,"date":"2024-04-29T11:03:13","date_gmt":"2024-04-29T08:03:13","guid":{"rendered":"http:\/\/jnats.eu\/?post_type=product&#038;p=2232"},"modified":"2024-08-18T23:33:42","modified_gmt":"2024-08-18T20:33:42","slug":"nakayama-iromono-2","status":"publish","type":"product","link":"https:\/\/jnats.eu\/it\/prodotto-2\/nakayama-iromono-2\/","title":{"rendered":"Nakayama Iromono"},"content":{"rendered":"<p>Una resistente pietra per affilare Nakayama Kiita facile da lavorare. \u00c8 molto fine e dar\u00e0 una finitura decente al rasoio, ma \u00e8 abbastanza facile da usare da essere ottimo anche per i coltelli. \u00c8 possibile fare a meno del fondo o della piastra diamantata, perch\u00e9 la pietra rilascer\u00e0 abbastanza della propria sospensione e presto saranno visibili gli scarti del metallo lucido. Grazie alle sue dimensioni \u00e8 perfetto per affilare i rasoi, soprattutto se ti piace una rasatura delicata e sicura. Pu\u00f2 essere utilizzato anche come donatore di sospensione su roccia dura.<\/p>\n\n\n\n<p><strong>Nakayama (\u4e2d\u5c71)<\/strong><\/p>\n\n\n\n<p>Questa miniera orientale \u00e8 famosa per le sue pietre di finitura awasedo, ed \u00e8 forse la pi\u00f9 ricercata tra i professionisti dell&#039;affilatura e gli hobbisti. Rispetto alle pietre di durezza e finezza simili provenienti da altre miniere, le pietre Nakayama sono note per una sensazione di affilatura pi\u00f9 piacevole e per l&#039;elevata velocit\u00e0 di lavoro. Particolarmente apprezzate sono le pietre multistrato (Hondomae, Shikitomae) e Kiita.<\/p>","protected":false},"excerpt":{"rendered":"<ul>\n<li>Adatto per la rifinitura di rasoi, coltelli, forbici, falegnameria e altri utensili. Pu\u00f2 essere utilizzato anche come donatore di sospensione su roccia dura.<\/li>\n<li>Dimensioni: 149x79x23 mm<\/li>\n<li>Peso: 610 g<\/li>\n<li>Durezza: Lv 3,5<\/li>\n<li>La superficie \u00e8 liscia e pronta per il lavoro<\/li>\n<\/ul>","protected":false},"featured_media":2239,"comment_status":"open","ping_status":"closed","template":"","meta":[],"product_brand":[],"product_cat":[22],"product_tag":[41,49],"class_list":{"0":"post-2232","1":"product","2":"type-product","3":"status-publish","4":"has-post-thumbnail","6":"product_cat-jnats","7":"product_tag-iromono","8":"product_tag-nakayama","9":"product_shipping_class-iprastas","11":"first","12":"outofstock","13":"sale","14":"shipping-taxable","15":"purchasable","16":"product-type-simple"},"_links":{"self":[{"href":"https:\/\/jnats.eu\/it\/wp-json\/wp\/v2\/product\/2232","targetHints":{"allow":["GET"]}}],"collection":[{"href":"https:\/\/jnats.eu\/it\/wp-json\/wp\/v2\/product"}],"about":[{"href":"https:\/\/jnats.eu\/it\/wp-json\/wp\/v2\/types\/product"}],"replies":[{"embeddable":true,"href":"https:\/\/jnats.eu\/it\/wp-json\/wp\/v2\/comments?post=2232"}],"wp:featuredmedia":[{"embeddable":true,"href":"https:\/\/jnats.eu\/it\/wp-json\/wp\/v2\/media\/2239"}],"wp:attachment":[{"href":"https:\/\/jnats.eu\/it\/wp-json\/wp\/v2\/media?parent=2232"}],"wp:term":[{"taxonomy":"product_brand","embeddable":true,"href":"https:\/\/jnats.eu\/it\/wp-json\/wp\/v2\/product_brand?post=2232"},{"taxonomy":"product_cat","embeddable":true,"href":"https:\/\/jnats.eu\/it\/wp-json\/wp\/v2\/product_cat?post=2232"},{"taxonomy":"product_tag","embeddable":true,"href":"https:\/\/jnats.eu\/it\/wp-json\/wp\/v2\/product_tag?post=2232"}],"curies":[{"name":"wp","href":"https:\/\/api.w.org\/{rel}","templated":true}]}}