{"id":2240,"date":"2024-04-29T11:23:44","date_gmt":"2024-04-29T08:23:44","guid":{"rendered":"http:\/\/jnats.eu\/?post_type=product&#038;p=2240"},"modified":"2024-09-22T15:26:07","modified_gmt":"2024-09-22T12:26:07","slug":"pietra-per-affilare-nakayama-homdomae-proveniente-dallo-strato-antico","status":"publish","type":"product","link":"https:\/\/jnats.eu\/it\/prodotto-2\/pietra-per-affilare-nakayama-homdomae-proveniente-dallo-strato-antico\/","title":{"rendered":"Pietra per affilare Nakayama Hondomae proveniente da uno strato antico"},"content":{"rendered":"<p>Nakayama Hondomae sono state estratte nella prefettura di Umegahata. Questa pietra \u00e8 stata scavata dal Sig. Honda 300 anni fa. Lo strato Hondomae fu completamente esaurito 100 anni fa, seguito da molti altri. nel 1971 la societ\u00e0 Hatanaka Toishi acquist\u00f2 i diritti per estrarre la miniera di Nakayama e inizi\u00f2 a gestirla. Se il pozzo va ai lati, puoi andarci quasi per sempre, ma se porta verso l&#039;alto, prima o poi devi fermarti per il rischio di crollo. Pertanto, la miniera di Nakayama Kato-san dovette essere chiusa nel 1967. Una buona pietra da aggiungere alla collezione, perch\u00e9 sono quasi sparite dal mercato.<\/p>\n\n\n\n<p>In altre parti di questa montagna si trovano oggi anche pietre per affilare di buona qualit\u00e0, ma sono di qualit\u00e0 notevolmente inferiore a quelle d&#039;epoca. <\/p>\n\n\n\n<p>Una pietra per affilare giapponese Nakayama Homdomae di media durezza, facile da lavorare. \u00c8 abbastanza fine per rifinire correttamente un rasoio, ma abbastanza facile da usare da essere adatto anche per i coltelli. \u00c8 possibile fare a meno del fondo o della piastra diamantata, perch\u00e9 la pietra rilascer\u00e0 abbastanza della propria sospensione e presto saranno visibili gli scarti del metallo lucido. Grazie alle sue dimensioni \u00e8 perfetto per affilare i rasoi, soprattutto se ti piace una rasatura delicata e sicura. Pu\u00f2 essere utilizzato anche come donatore di sospensione su roccia dura.   <\/p>","protected":false},"excerpt":{"rendered":"<ul>\n<li>Adatto per la finitura di rasoi, coltelli, forbici, attrezzi da falegnameria e altri utensili.<\/li>\n<li>Dimensioni: 140x79x22mm<\/li>\n<li>Peso: 620 g<\/li>\n<li>Durezza: Lv 4<\/li>\n<li>La superficie \u00e8 liscia e pronta per il lavoro<\/li>\n<\/ul>","protected":false},"featured_media":2244,"comment_status":"open","ping_status":"closed","template":"","meta":[],"product_brand":[],"product_cat":[22],"product_tag":[139,49],"class_list":{"0":"post-2240","1":"product","2":"type-product","3":"status-publish","4":"has-post-thumbnail","6":"product_cat-jnats","7":"product_tag-homdomae","8":"product_tag-nakayama","9":"product_shipping_class-iprastas","11":"first","12":"outofstock","13":"sale","14":"shipping-taxable","15":"purchasable","16":"product-type-simple"},"_links":{"self":[{"href":"https:\/\/jnats.eu\/it\/wp-json\/wp\/v2\/product\/2240","targetHints":{"allow":["GET"]}}],"collection":[{"href":"https:\/\/jnats.eu\/it\/wp-json\/wp\/v2\/product"}],"about":[{"href":"https:\/\/jnats.eu\/it\/wp-json\/wp\/v2\/types\/product"}],"replies":[{"embeddable":true,"href":"https:\/\/jnats.eu\/it\/wp-json\/wp\/v2\/comments?post=2240"}],"wp:featuredmedia":[{"embeddable":true,"href":"https:\/\/jnats.eu\/it\/wp-json\/wp\/v2\/media\/2244"}],"wp:attachment":[{"href":"https:\/\/jnats.eu\/it\/wp-json\/wp\/v2\/media?parent=2240"}],"wp:term":[{"taxonomy":"product_brand","embeddable":true,"href":"https:\/\/jnats.eu\/it\/wp-json\/wp\/v2\/product_brand?post=2240"},{"taxonomy":"product_cat","embeddable":true,"href":"https:\/\/jnats.eu\/it\/wp-json\/wp\/v2\/product_cat?post=2240"},{"taxonomy":"product_tag","embeddable":true,"href":"https:\/\/jnats.eu\/it\/wp-json\/wp\/v2\/product_tag?post=2240"}],"curies":[{"name":"wp","href":"https:\/\/api.w.org\/{rel}","templated":true}]}}