{"id":2246,"date":"2024-04-29T11:35:34","date_gmt":"2024-04-29T08:35:34","guid":{"rendered":"http:\/\/jnats.eu\/?post_type=product&#038;p=2246"},"modified":"2024-09-21T11:33:09","modified_gmt":"2024-09-21T08:33:09","slug":"nakayama-maruka-8-sluoksniu-hondomae-shikitomae","status":"publish","type":"product","link":"https:\/\/jnats.eu\/it\/prodotto-2\/nakayama-maruka-8-sluoksniu-hondomae-shikitomae\/","title":{"rendered":"Nakayama Maruka 8 strati Hondomae Shikitomae"},"content":{"rendered":"<p>Le pietre per affilare a otto strati Nakayama sono quasi scomparse dal mercato perch\u00e9 sono prodotti di fascia alta. \u00c8 una pietra perfetta sotto tutti gli aspetti: finezza, levigatezza, velocit\u00e0 di lavorazione e risposta. In Giappone se ne sono visti esemplari da 2,9 kg al prezzo di 10.000 euro.<\/p>\n\n\n\n<p>\u00c8 una mola perfetta e in Giappone viene chiamata &quot;senza soffitto&quot;. Ci\u00f2 significa che il prezzo dichiarato della pietra non ha importanza, non importa quanto il venditore la offra.<\/p>\n\n\n\n<p>Tuttavia, poich\u00e9 si tratta di un business, il prezzo \u00e8 equo nel settore. Nella normale affilatura naturale giapponese, queste sono le pietre per affilare pi\u00f9 costose.<\/p>\n\n\n\n<p>Questa pietra vanta una forma perfetta per i rasoi e uno spessore che durer\u00e0 per diversi secoli. Il timbro Maruka \u32d5\u6b63\u672c\u5c71 \u00e8 appena visibile, ma c&#039;\u00e8. Kato-san, l&#039;ultimo proprietario della miniera di Nakayama, utilizzava questo marchio solo sulle pietre per affilatura giapponesi di altissima qualit\u00e0.\u00a0<\/p>\n\n\n\n<p><strong>Nakayama (\u4e2d\u5c71)<\/strong><\/p>\n\n\n\n<p>Questa miniera orientale \u00e8 famosa per le sue pietre di finitura awasedo, ed \u00e8 forse la pi\u00f9 ricercata tra i professionisti dell&#039;affilatura e gli hobbisti. Rispetto alle pietre di durezza e finezza simili provenienti da altre miniere, le pietre Nakayama sono note per una sensazione di affilatura pi\u00f9 piacevole e per l&#039;elevata velocit\u00e0 di lavoro. Particolarmente apprezzate sono le pietre multistrato (Hondomae, Shikitomae) e Kiita.<\/p>","protected":false},"excerpt":{"rendered":"<ul>\n<li>Ideale per rifinire rasoi, coltelli, forbici, falegnameria e altri utensili.<\/li>\n<li>Dimensioni: 194x69x30 mm<\/li>\n<li>Peso con supporto: 1150 g<\/li>\n<li>Durezza: Lv 5<\/li>\n<li>La superficie \u00e8 liscia e pronta per il lavoro<\/li>\n<li>Alcuni punti possono essere percepiti con il dito, ma non interferiscono con l&#039;affilatura e dovrebbero svanire con il tempo. Un angolo scheggiato, ben visibile nelle foto.<\/li>\n<\/ul>","protected":false},"featured_media":2249,"comment_status":"open","ping_status":"closed","template":"","meta":[],"product_brand":[],"product_cat":[22],"product_tag":[260,51,58,49,108],"class_list":{"0":"post-2246","1":"product","2":"type-product","3":"status-publish","4":"has-post-thumbnail","6":"product_cat-jnats","7":"product_tag-8-sluoksniu","8":"product_tag-hondomae","9":"product_tag-maruka","10":"product_tag-nakayama","11":"product_tag-shikitomae","12":"product_shipping_class-iprastas","14":"first","15":"outofstock","16":"sale","17":"shipping-taxable","18":"purchasable","19":"product-type-simple"},"_links":{"self":[{"href":"https:\/\/jnats.eu\/it\/wp-json\/wp\/v2\/product\/2246","targetHints":{"allow":["GET"]}}],"collection":[{"href":"https:\/\/jnats.eu\/it\/wp-json\/wp\/v2\/product"}],"about":[{"href":"https:\/\/jnats.eu\/it\/wp-json\/wp\/v2\/types\/product"}],"replies":[{"embeddable":true,"href":"https:\/\/jnats.eu\/it\/wp-json\/wp\/v2\/comments?post=2246"}],"wp:featuredmedia":[{"embeddable":true,"href":"https:\/\/jnats.eu\/it\/wp-json\/wp\/v2\/media\/2249"}],"wp:attachment":[{"href":"https:\/\/jnats.eu\/it\/wp-json\/wp\/v2\/media?parent=2246"}],"wp:term":[{"taxonomy":"product_brand","embeddable":true,"href":"https:\/\/jnats.eu\/it\/wp-json\/wp\/v2\/product_brand?post=2246"},{"taxonomy":"product_cat","embeddable":true,"href":"https:\/\/jnats.eu\/it\/wp-json\/wp\/v2\/product_cat?post=2246"},{"taxonomy":"product_tag","embeddable":true,"href":"https:\/\/jnats.eu\/it\/wp-json\/wp\/v2\/product_tag?post=2246"}],"curies":[{"name":"wp","href":"https:\/\/api.w.org\/{rel}","templated":true}]}}