{"id":2252,"date":"2024-04-29T11:50:24","date_gmt":"2024-04-29T08:50:24","guid":{"rendered":"http:\/\/jnats.eu\/?post_type=product&#038;p=2252"},"modified":"2024-10-20T14:58:58","modified_gmt":"2024-10-20T11:58:58","slug":"nakayama-kiita-karasu-nashiji-tomae-maruka","status":"publish","type":"product","link":"https:\/\/jnats.eu\/it\/prodotto-2\/nakayama-kiita-karasu-nashiji-tomae-maruka\/","title":{"rendered":"Nakayama Kiita Karasu Nashiji Tomae Maruka"},"content":{"rendered":"<p>Questa grande pietra riflette perfettamente tutti i vantaggi di Nakayama: piccola, ma abbastanza veloce e liscia. Non ha bisogno di un tomo o di una piastra diamantata per iniziare a lavorare. Nakayama Kiita Karasu Nashiji Tomae Maruka lucida rapidamente e lascia una lucentezza molto raffinata. Grazie alle loro grandi dimensioni, le lame lunghe sono molto facili da affilare, proprio come qualsiasi altro strumento.<\/p>\n\n\n\n<p>Questa pietra per affilare Nakayama ha una base giallastra, punti nashiji su tutta la superficie e un motivo karasu molto sottile che diventa pi\u00f9 evidente quando \u00e8 bagnato.<\/p>\n\n\n\n<p>Questa pietra vanta una forma perfetta per i rasoi e uno spessore che durer\u00e0 per diversi secoli. Il sigillo di Maruka \u32d5\u6b63\u672c\u5c71 \u00e8 chiaramente visibile perch\u00e9 \u00e8 ricoperto di lacca e non si \u00e8 cancellato per un lungo periodo di tempo. Kato-san, l&#039;ultimo proprietario della miniera di Nakayama, utilizzava questo marchio solo sulle pietre per affilatura giapponesi di altissima qualit\u00e0.\u00a0<\/p>\n\n\n\n<p>La pietra di Nakayama \u00e8 famosa per il marchio Maruka di Kato Mutsuyama con la lettera \u201eka\u201d e il sigillo Seihonzan \u32d5\u6b63\u672c\u5c71. Kato Mutsuyama fu il primo a scolpire un sigillo di questo tipo. Le pietre di dimensioni eccessive, grandi o grezze non portavano originariamente il marchio Maruka. Tuttavia, esistono anche prodotti di qualit\u00e0 e pietre da affilatura non standard che sono state successivamente impresse con il marchio Maruka durante la lavorazione finale nel commercio al dettaglio, cos\u00ec come pietre tagliate dal venditore da pietre grezze senza il marchio \u02bb\u672c\u5c71. Inoltre, le pietre da macina Nakayama vendute prima del periodo di timbratura non recano il timbro Maruka. <\/p>\n\n\n\n<p>In ogni caso, se si tratta della pietra di Kato Mutsuyama proveniente da questa miniera, sar\u00e0 la stessa pietra di Nakayama, indipendentemente dal fatto che abbia o meno il marchio Maruka. Il timbro \u32d5\u6b63\u672c\u5c71 stesso pu\u00f2 essere presente o meno a seconda del canale di distribuzione e non garantisce la qualit\u00e0. Non solo Nakayama, ma anche altre mole naturali, ognuna \u00e8 diversa e non ce ne sono due uguali. Inoltre, sono passati molti anni dalla chiusura della miniera, quindi ogni anno ci sono sempre meno esemplari buoni sul mercato.<\/p>\n\n\n\n<p>A causa della loro rarit\u00e0 e della potenza del marchio, ci sono molti falsi, quindi ti consigliamo di non fidarti troppo del sigillo Maruka e di valutare la pietra con i tuoi occhi.\u00a0<\/p>\n\n\n\n<p>La miniera di Kato si trova sui monti Nakayama dove venivano estratte le pietre per affilare ed era cos\u00ec chiamata perch\u00e9 era di propriet\u00e0 del signor Kato. Hatanaka Whetstone \u00e8 un negozio di pietra di lunga data a Kyoto. Dopo la guerra, le vendite delle mole Nakayama estratte a Kato Utsuyama erano gestite da un gruppo di cinque persone di un importante negozio di pietre di Kyoto. Tra questi, si dice che Hatanaka Toishi sia stato per un certo periodo il pi\u00f9 fidato dei proprietari di montagne. nel 1952 Hatanaka Toishi ha registrato il marchio Junshin Honzan (\u7d14\u7a7a\u6b63\u672c\u5c71) per distinguersi dagli altri rivenditori. Dopo il 1980 dove i diritti sulla miniera di Nakayama furono acquistati da Hatanaka Whetstone e divenne proprietaria del marchio Maruka. Allo stesso tempo, le pietre di questa miniera venivano distribuite anche attraverso altri rivenditori.<\/p>\n\n\n\n<p><strong>Nakayama (\u4e2d\u5c71)<\/strong><\/p>\n\n\n\n<p>Questa miniera orientale \u00e8 famosa per le sue pietre di finitura awasedo, ed \u00e8 forse la pi\u00f9 ricercata tra i professionisti dell&#039;affilatura e gli hobbisti. Rispetto alle pietre di durezza e finezza simili provenienti da altre miniere, le pietre Nakayama sono note per una sensazione di affilatura pi\u00f9 piacevole e per l&#039;elevata velocit\u00e0 di lavoro. Particolarmente apprezzate sono le pietre multistrato (Hondomae, Shikitomae) e Kiita.<\/p>","protected":false},"excerpt":{"rendered":"<ul>\n<li>Ideale per rifinire rasoi, coltelli, forbici, falegnameria e altri utensili.<\/li>\n<li>Dimensioni: 209x76x35 mm<\/li>\n<li>Peso: 1390 grammi<\/li>\n<li>Durezza: Lv 4,7<\/li>\n<li>La superficie \u00e8 liscia e pronta per il lavoro<\/li>\n<li>La linea \u00e8 sicura<\/li>\n<\/ul>","protected":false},"featured_media":2253,"comment_status":"open","ping_status":"closed","template":"","meta":[],"product_brand":[],"product_cat":[22],"product_tag":[57,141,58,49],"class_list":{"0":"post-2252","1":"product","2":"type-product","3":"status-publish","4":"has-post-thumbnail","6":"product_cat-jnats","7":"product_tag-karasu","8":"product_tag-kiita","9":"product_tag-maruka","10":"product_tag-nakayama","11":"product_shipping_class-iprastas","13":"first","14":"outofstock","15":"sale","16":"shipping-taxable","17":"purchasable","18":"product-type-simple"},"_links":{"self":[{"href":"https:\/\/jnats.eu\/it\/wp-json\/wp\/v2\/product\/2252","targetHints":{"allow":["GET"]}}],"collection":[{"href":"https:\/\/jnats.eu\/it\/wp-json\/wp\/v2\/product"}],"about":[{"href":"https:\/\/jnats.eu\/it\/wp-json\/wp\/v2\/types\/product"}],"replies":[{"embeddable":true,"href":"https:\/\/jnats.eu\/it\/wp-json\/wp\/v2\/comments?post=2252"}],"wp:featuredmedia":[{"embeddable":true,"href":"https:\/\/jnats.eu\/it\/wp-json\/wp\/v2\/media\/2253"}],"wp:attachment":[{"href":"https:\/\/jnats.eu\/it\/wp-json\/wp\/v2\/media?parent=2252"}],"wp:term":[{"taxonomy":"product_brand","embeddable":true,"href":"https:\/\/jnats.eu\/it\/wp-json\/wp\/v2\/product_brand?post=2252"},{"taxonomy":"product_cat","embeddable":true,"href":"https:\/\/jnats.eu\/it\/wp-json\/wp\/v2\/product_cat?post=2252"},{"taxonomy":"product_tag","embeddable":true,"href":"https:\/\/jnats.eu\/it\/wp-json\/wp\/v2\/product_tag?post=2252"}],"curies":[{"name":"wp","href":"https:\/\/api.w.org\/{rel}","templated":true}]}}