{"id":2285,"date":"2024-04-29T12:16:51","date_gmt":"2024-04-29T09:16:51","guid":{"rendered":"http:\/\/jnats.eu\/?post_type=product&#038;p=2285"},"modified":"2024-06-29T10:46:22","modified_gmt":"2024-06-29T07:46:22","slug":"nakayama-mizu-asagi-rifinisce-la-pietra-per-affilare","status":"publish","type":"product","link":"https:\/\/jnats.eu\/it\/prodotto-2\/nakayama-mizu-asagi-rifinisce-la-pietra-per-affilare\/","title":{"rendered":"Nakayama Mizu Asagi rifinitura della pietra per affilare"},"content":{"rendered":"<p>Questa pietra \u00e8 dura ed estremamente fine, ideale per lavorare facilmente con i rasoi. Nonostante sia dura, ha una risposta migliore della media rispetto ad altre pietre di questa grana. Pu\u00f2 essere utilizzato anche per attrezzi da falegnameria e coltelli. Lascer\u00e0 un argento brillante e uno smalto san mai dettagliato. Queste sono pietre di finitura molto potenti in ogni modo.<\/p>\n\n\n\n<p>Questa pietra pu\u00f2 essere utilizzata anche come base per i nagura poich\u00e9 \u00e8 abbastanza dura.<\/p>\n\n\n\n<p><strong>Nakayama (\u4e2d\u5c71)<\/strong><br>Questa miniera orientale \u00e8 famosa per le pietre awasedo utilizzate per rifinire il processo di affilatura. La pietra multistrato (Hondomae Shikitomae) con un &quot;collega&quot; di colore diverso \u00e8 particolarmente apprezzata da falegnami e affilatori. Rispetto alle pietre di durezza e finezza simili provenienti da altre miniere, i prodotti Nakayama sono noti per una sensazione di affilatura pi\u00f9 piacevole. Le autentiche pietre Nakayama spesso vengono fornite con il famoso timbro Maruka \u32d5\u6b63\u672c\u5c71.<\/p>\n\n\n\n<p><\/p>","protected":false},"excerpt":{"rendered":"<ul>\n<li>Adatto per la finitura di rasoi, coltelli, forbici, attrezzi da falegnameria e altri utensili.<\/li>\n<li>Dimensioni: 183x63x30mm<\/li>\n<li>Peso: 930 g<\/li>\n<li>Durezza: Lv 5<\/li>\n<li>La superficie \u00e8 liscia e pronta per il lavoro<\/li>\n<li>Linee sicure<\/li>\n<\/ul>","protected":false},"featured_media":2289,"comment_status":"open","ping_status":"closed","template":"","meta":[],"product_brand":[],"product_cat":[22],"product_tag":[45,266,154,49],"class_list":{"0":"post-2285","1":"product","2":"type-product","3":"status-publish","4":"has-post-thumbnail","6":"product_cat-jnats","7":"product_tag-asagi","8":"product_tag-finishing-whetstone","9":"product_tag-mizu","10":"product_tag-nakayama","11":"product_shipping_class-iprastas","13":"first","14":"outofstock","15":"shipping-taxable","16":"purchasable","17":"product-type-simple"},"_links":{"self":[{"href":"https:\/\/jnats.eu\/it\/wp-json\/wp\/v2\/product\/2285","targetHints":{"allow":["GET"]}}],"collection":[{"href":"https:\/\/jnats.eu\/it\/wp-json\/wp\/v2\/product"}],"about":[{"href":"https:\/\/jnats.eu\/it\/wp-json\/wp\/v2\/types\/product"}],"replies":[{"embeddable":true,"href":"https:\/\/jnats.eu\/it\/wp-json\/wp\/v2\/comments?post=2285"}],"wp:featuredmedia":[{"embeddable":true,"href":"https:\/\/jnats.eu\/it\/wp-json\/wp\/v2\/media\/2289"}],"wp:attachment":[{"href":"https:\/\/jnats.eu\/it\/wp-json\/wp\/v2\/media?parent=2285"}],"wp:term":[{"taxonomy":"product_brand","embeddable":true,"href":"https:\/\/jnats.eu\/it\/wp-json\/wp\/v2\/product_brand?post=2285"},{"taxonomy":"product_cat","embeddable":true,"href":"https:\/\/jnats.eu\/it\/wp-json\/wp\/v2\/product_cat?post=2285"},{"taxonomy":"product_tag","embeddable":true,"href":"https:\/\/jnats.eu\/it\/wp-json\/wp\/v2\/product_tag?post=2285"}],"curies":[{"name":"wp","href":"https:\/\/api.w.org\/{rel}","templated":true}]}}