{"id":2299,"date":"2024-04-30T09:16:32","date_gmt":"2024-04-30T06:16:32","guid":{"rendered":"http:\/\/jnats.eu\/?post_type=product&#038;p=2299"},"modified":"2025-10-20T17:52:29","modified_gmt":"2025-10-20T14:52:29","slug":"ohira-iromono-tomae","status":"publish","type":"product","link":"https:\/\/jnats.eu\/it\/prodotto-2\/ohira-iromono-tomae\/","title":{"rendered":"Ohira Iromono Tomae"},"content":{"rendered":"<p>Le Tomae Ohira Iromono di media durezza sono facili da usare e lasciano una finitura opaca. Fanno un ottimo lavoro nel trasformare i graffi sintetici in kasumi. Questa pietra per affilare giapponese \u00e8 molto omogenea e abbastanza veloce da funzionare bene con i coltelli. Lascer\u00e0 un nucleo di acciaio molto pulito e un graffio molto debole e consistente nel rivestimento di ferro pi\u00f9 morbido. Puoi passare facilmente da questa pietra alle pietre di finitura durante la lucidatura. Questa pietra \u00e8 adatta anche per affilare utensili da falegnameria e rasoi, ma non \u00e8 la scelta migliore per rifinire questi utensili.<\/p>\n\n\n\n<p>Questa pietra ha una bellissima combinazione di rosso, giallo e verde, decorata con fini punti Nashiji. Sul dado sono visibili un paio di linee superficiali ma sospette. Probabilmente \u00e8 meglio evitarli. Dimensioni &quot;americane&quot; e forma regolare.<\/p>","protected":false},"excerpt":{"rendered":"<ul>\n<li>Adatto per la finitura di coltelli, forbici, attrezzi da falegnameria e altri utensili.<\/li>\n<li>Dimensioni: 204x53x29mm<\/li>\n<li>Peso: 810 g<\/li>\n<li>Durezza: Lv 3,7<\/li>\n<li>La superficie \u00e8 liscia e pronta per il lavoro<\/li>\n<\/ul>","protected":false},"featured_media":2300,"comment_status":"open","ping_status":"closed","template":"","meta":[],"product_brand":[],"product_cat":[22],"product_tag":[47,67],"class_list":{"0":"post-2299","1":"product","2":"type-product","3":"status-publish","4":"has-post-thumbnail","6":"product_cat-jnats","7":"product_tag-ohira","8":"product_tag-tomae","9":"product_shipping_class-iprastas","11":"first","12":"outofstock","13":"sale","14":"shipping-taxable","15":"purchasable","16":"product-type-simple"},"_links":{"self":[{"href":"https:\/\/jnats.eu\/it\/wp-json\/wp\/v2\/product\/2299","targetHints":{"allow":["GET"]}}],"collection":[{"href":"https:\/\/jnats.eu\/it\/wp-json\/wp\/v2\/product"}],"about":[{"href":"https:\/\/jnats.eu\/it\/wp-json\/wp\/v2\/types\/product"}],"replies":[{"embeddable":true,"href":"https:\/\/jnats.eu\/it\/wp-json\/wp\/v2\/comments?post=2299"}],"wp:featuredmedia":[{"embeddable":true,"href":"https:\/\/jnats.eu\/it\/wp-json\/wp\/v2\/media\/2300"}],"wp:attachment":[{"href":"https:\/\/jnats.eu\/it\/wp-json\/wp\/v2\/media?parent=2299"}],"wp:term":[{"taxonomy":"product_brand","embeddable":true,"href":"https:\/\/jnats.eu\/it\/wp-json\/wp\/v2\/product_brand?post=2299"},{"taxonomy":"product_cat","embeddable":true,"href":"https:\/\/jnats.eu\/it\/wp-json\/wp\/v2\/product_cat?post=2299"},{"taxonomy":"product_tag","embeddable":true,"href":"https:\/\/jnats.eu\/it\/wp-json\/wp\/v2\/product_tag?post=2299"}],"curies":[{"name":"wp","href":"https:\/\/api.w.org\/{rel}","templated":true}]}}