{"id":2314,"date":"2024-04-30T09:38:16","date_gmt":"2024-04-30T06:38:16","guid":{"rendered":"http:\/\/jnats.eu\/?post_type=product&#038;p=2314"},"modified":"2024-10-04T17:53:37","modified_gmt":"2024-10-04T14:53:37","slug":"nakayama-mizu-asagi","status":"publish","type":"product","link":"https:\/\/jnats.eu\/it\/prodotto-2\/nakayama-mizu-asagi\/","title":{"rendered":"Nakayama Mizu Asagi"},"content":{"rendered":"<p>Questa pietra \u00e8 dura ed estremamente fine, ideale per lavorare facilmente con i rasoi. Sebbene sia dura, Nakayama Mizu Asagi ha una risposta migliore della media rispetto ad altre pietre di questa grana. Pu\u00f2 essere utilizzato anche per attrezzi da falegnameria e coltelli. Lascer\u00e0 un argento brillante e uno smalto san mai dettagliato. Queste sono pietre di finitura molto potenti in ogni modo.<\/p>\n\n\n\n<p>Questa pietra pu\u00f2 essere utilizzata anche come base per i nagura poich\u00e9 \u00e8 abbastanza dura.<\/p>\n\n\n\n<p><strong>Nakayama (\u4e2d\u5c71)<\/strong><br>Questa miniera orientale \u00e8 famosa per le pietre awasedo utilizzate per rifinire il processo di affilatura. La pietra multistrato (Hondomae Shikitomae) con un &quot;collega&quot; di colore diverso \u00e8 particolarmente apprezzata da falegnami e affilatori. Rispetto alle pietre di durezza e finezza simili provenienti da altre miniere, i prodotti Nakayama sono noti per una sensazione di affilatura pi\u00f9 piacevole. Le autentiche pietre Nakayama spesso vengono fornite con il famoso timbro Maruka \u32d5\u6b63\u672c\u5c71.<\/p>","protected":false},"excerpt":{"rendered":"<ul>\n<li>Adatto per la finitura di rasoi, coltelli, forbici, attrezzi da falegnameria e altri utensili.<\/li>\n<li>Dimensioni: 207x79x21mm<\/li>\n<li>Peso: 1030 g<\/li>\n<li>Durezza: Lv 5<\/li>\n<li>La superficie \u00e8 liscia e pronta per il lavoro<\/li>\n<li>Linee sicure<\/li>\n<\/ul>","protected":false},"featured_media":2320,"comment_status":"open","ping_status":"closed","template":"","meta":[],"product_brand":[],"product_cat":[22],"product_tag":[45,154,49],"class_list":{"0":"post-2314","1":"product","2":"type-product","3":"status-publish","4":"has-post-thumbnail","6":"product_cat-jnats","7":"product_tag-asagi","8":"product_tag-mizu","9":"product_tag-nakayama","10":"product_shipping_class-iprastas","12":"first","13":"outofstock","14":"sale","15":"shipping-taxable","16":"purchasable","17":"product-type-simple"},"_links":{"self":[{"href":"https:\/\/jnats.eu\/it\/wp-json\/wp\/v2\/product\/2314","targetHints":{"allow":["GET"]}}],"collection":[{"href":"https:\/\/jnats.eu\/it\/wp-json\/wp\/v2\/product"}],"about":[{"href":"https:\/\/jnats.eu\/it\/wp-json\/wp\/v2\/types\/product"}],"replies":[{"embeddable":true,"href":"https:\/\/jnats.eu\/it\/wp-json\/wp\/v2\/comments?post=2314"}],"wp:featuredmedia":[{"embeddable":true,"href":"https:\/\/jnats.eu\/it\/wp-json\/wp\/v2\/media\/2320"}],"wp:attachment":[{"href":"https:\/\/jnats.eu\/it\/wp-json\/wp\/v2\/media?parent=2314"}],"wp:term":[{"taxonomy":"product_brand","embeddable":true,"href":"https:\/\/jnats.eu\/it\/wp-json\/wp\/v2\/product_brand?post=2314"},{"taxonomy":"product_cat","embeddable":true,"href":"https:\/\/jnats.eu\/it\/wp-json\/wp\/v2\/product_cat?post=2314"},{"taxonomy":"product_tag","embeddable":true,"href":"https:\/\/jnats.eu\/it\/wp-json\/wp\/v2\/product_tag?post=2314"}],"curies":[{"name":"wp","href":"https:\/\/api.w.org\/{rel}","templated":true}]}}