{"id":2357,"date":"2024-05-01T11:04:25","date_gmt":"2024-05-01T08:04:25","guid":{"rendered":"http:\/\/jnats.eu\/?post_type=product&#038;p=2357"},"modified":"2024-08-26T08:58:17","modified_gmt":"2024-08-26T05:58:17","slug":"nakayama-tomae-iromono-nashiji","status":"publish","type":"product","link":"https:\/\/jnats.eu\/it\/prodotto-2\/nakayama-tomae-iromono-nashiji\/","title":{"rendered":"Nakayama Tomae Iromono Nashiji"},"content":{"rendered":"<p>Pietra naturale giapponese per affilare la finitura Nakayama Tomae Awasedo. \u00c8 una pietra di media durezza con un&#039;ottima velocit\u00e0 di affilatura. Lo consigliamo per rifinire coltelli o prefinire rasoi. Ottimo anche per rifinire i rasoi purch\u00e9 non si usi troppa forza.<\/p>\n\n\n\n<p>Questa \u00e8 un&#039;enorme pietra di forma regolare che fa molto bene il lavoro!<\/p>\n\n\n\n<p>Questa pietra grigia presenta un motivo di gradazioni di tonalit\u00e0 rosa e verdastre, punteggiato da piccoli punti nashiji. Non sono visibili linee o inclusioni. Un'occhiata pi\u00f9 approfondita al lato mostra che la pietra pu\u00f2 diventare nera in futuro, con macchie gialle namazu. Pertanto, con questa pietra vi aspetta un viaggio interessante e imprevedibile nel mondo delle pietre da affilatura naturali giapponesi \ud83d\ude42 <\/p>\n\n\n\n<p>In realt\u00e0, anche se il colore cambia, la pietra dovrebbe funzionare in modo molto simile. Lo si vede dalla struttura omogenea che forma i fianchi.<\/p>\n\n\n\n<figure class=\"wp-block-embed is-type-video is-provider-youtube wp-block-embed-youtube wp-embed-aspect-16-9 wp-has-aspect-ratio\"><div class=\"wp-block-embed__wrapper\">\n<div class=\"video-container\"><iframe title=\"Nakayama Tomae Iromono, Nakayama Kiita Nashiji, Nakayama Suita Maruka\" width=\"1170\" height=\"658\" src=\"https:\/\/www.youtube.com\/embed\/IZ-D-qy6bYY?start=3&#038;feature=oembed\" frameborder=\"0\" allow=\"accelerometer; autoplay; clipboard-write; encrypted-media; gyroscope; picture-in-picture; web-share\" referrerpolicy=\"strict-origin-when-cross-origin\" allowfullscreen><\/iframe><\/div>\n<\/div><\/figure>\n\n\n\n<p><strong>Nakayama (\u4e2d\u5c71)<\/strong><\/p>\n\n\n\n<p>Questa miniera orientale \u00e8 famosa per le sue pietre di finitura per affilatura awasedo ed \u00e8 probabilmente la prima tra le pi\u00f9 ricercate tra i professionisti dell&#039;affilatura e gli hobbisti. Rispetto alle pietre di durezza e finezza simili provenienti da altre miniere, le pietre Nakayama sono note per una risposta di affilatura pi\u00f9 piacevole e un&#039;elevata velocit\u00e0 di lavoro. Particolarmente apprezzate sono le pietre multistrato (Hondomae, Shikitomae) e Kiita.<\/p>","protected":false},"excerpt":{"rendered":"<ul>\n<li>Adatto per la finitura di rasoi, coltelli, forbici, attrezzi da falegnameria e altri utensili.<\/li>\n<li>Dimensioni: 208x76x41 mm<\/li>\n<li>Peso: 1600 grammi<\/li>\n<li>Durezza: Lv 4<\/li>\n<li>La superficie \u00e8 liscia e pronta per il lavoro.<\/li>\n<li>Si consiglia di lavorare con acqua calda, poich\u00e9 l'acqua fredda compromette la velocit\u00e0 e la risposta.<\/li>\n<\/ul>","protected":false},"featured_media":2362,"comment_status":"open","ping_status":"closed","template":"","meta":[],"product_brand":[],"product_cat":[22],"product_tag":[41,49,48,67],"class_list":{"0":"post-2357","1":"product","2":"type-product","3":"status-publish","4":"has-post-thumbnail","6":"product_cat-jnats","7":"product_tag-iromono","8":"product_tag-nakayama","9":"product_tag-nashiji","10":"product_tag-tomae","11":"product_shipping_class-iprastas","13":"first","14":"instock","15":"shipping-taxable","16":"purchasable","17":"product-type-simple"},"_links":{"self":[{"href":"https:\/\/jnats.eu\/it\/wp-json\/wp\/v2\/product\/2357","targetHints":{"allow":["GET"]}}],"collection":[{"href":"https:\/\/jnats.eu\/it\/wp-json\/wp\/v2\/product"}],"about":[{"href":"https:\/\/jnats.eu\/it\/wp-json\/wp\/v2\/types\/product"}],"replies":[{"embeddable":true,"href":"https:\/\/jnats.eu\/it\/wp-json\/wp\/v2\/comments?post=2357"}],"wp:featuredmedia":[{"embeddable":true,"href":"https:\/\/jnats.eu\/it\/wp-json\/wp\/v2\/media\/2362"}],"wp:attachment":[{"href":"https:\/\/jnats.eu\/it\/wp-json\/wp\/v2\/media?parent=2357"}],"wp:term":[{"taxonomy":"product_brand","embeddable":true,"href":"https:\/\/jnats.eu\/it\/wp-json\/wp\/v2\/product_brand?post=2357"},{"taxonomy":"product_cat","embeddable":true,"href":"https:\/\/jnats.eu\/it\/wp-json\/wp\/v2\/product_cat?post=2357"},{"taxonomy":"product_tag","embeddable":true,"href":"https:\/\/jnats.eu\/it\/wp-json\/wp\/v2\/product_tag?post=2357"}],"curies":[{"name":"wp","href":"https:\/\/api.w.org\/{rel}","templated":true}]}}