{"id":2364,"date":"2024-05-01T11:24:39","date_gmt":"2024-05-01T08:24:39","guid":{"rendered":"http:\/\/jnats.eu\/?post_type=product&#038;p=2364"},"modified":"2024-10-20T15:02:06","modified_gmt":"2024-10-20T12:02:06","slug":"nakayama-suita-maruka-natural-whetstone","status":"publish","type":"product","link":"https:\/\/jnats.eu\/it\/prodotto-2\/nakayama-suita-maruka-natural-whetstone\/","title":{"rendered":"Pietra per affilare naturale Nakayama Suita Maruka \u00a0"},"content":{"rendered":"<p>Un raro e grande Nakayama Suita con il sigillo Maruka gi\u00e0 cancellato, ma senza pietre con cui confonderlo. Questa pietra \u00e8 molto veloce e fine, quindi pu\u00f2 essere definita la pietra di completamento dell&#039;affilatura dei sogni. Adatto a tutte le applicazioni che richiedono una pietra pregiata: utensili, coltelli e rasoi. <\/p>\n\n\n\n<p>Una pietra pulita, bianca e senza i caratteristici buchi detta Suita <em>con<\/em>, con alcune innocue macchie marroni.<\/p>\n\n\n\n<p>Soprattutto per i rasoi, questa pietra \u00e8 piuttosto interessante. Non solo \u00e8 un&#039;ottima prefinitura con liquame diluito o semplice acqua, ma pu\u00f2 anche finire molto bene.<\/p>\n\n\n\n<figure class=\"wp-block-embed is-type-video is-provider-youtube wp-block-embed-youtube wp-embed-aspect-16-9 wp-has-aspect-ratio\"><div class=\"wp-block-embed__wrapper\">\n<div class=\"video-container\"><iframe title=\"Nakayama Tomae Iromono, Nakayama Kiita Nashiji, Nakayama Suita Maruka\" width=\"1170\" height=\"658\" src=\"https:\/\/www.youtube.com\/embed\/IZ-D-qy6bYY?start=415&#038;feature=oembed\" frameborder=\"0\" allow=\"accelerometer; autoplay; clipboard-write; encrypted-media; gyroscope; picture-in-picture; web-share\" referrerpolicy=\"strict-origin-when-cross-origin\" allowfullscreen><\/iframe><\/div>\n<\/div><\/figure>\n\n\n\n<p>La pietra Nakayama \u00e8 famosa per il marchio Kato Mutsuyama Maruka con la lettera &quot;ka&quot; e il sigillo Seihonzan \u32d5\u6b63\u672c\u5c71. Kato Mutsuyama fu il primo a scolpire un simile sigillo. Dimensioni non standard, pietre di grandi dimensioni o pietre grezze originariamente non avevano il marchio Maruka. Tuttavia, ci sono anche prodotti di qualit\u00e0 e pietre per affilare non standard che sono state successivamente contrassegnate con il timbro Maruka durante la lavorazione finale al dettaglio, cos\u00ec come pietre che sono state tagliate dal venditore da pietre grezze senza il timbro \u32d5\u6b63\u672c\u5c71. Inoltre, le mole Nakayama vendute prima del periodo di stampaggio non recano il timbro Maruka. <\/p>\n\n\n\n<p>In ogni caso, se si tratta della pietra di Kato Mutsuyama proveniente da questa miniera, sar\u00e0 la stessa pietra di Nakayama, indipendentemente dal fatto che abbia o meno il marchio Maruka. Il timbro \u32d5\u6b63\u672c\u5c71 stesso pu\u00f2 essere presente o meno a seconda del canale di distribuzione e non garantisce la qualit\u00e0. Non solo Nakayama, ma anche altre mole naturali, ognuna \u00e8 diversa e non ce ne sono due uguali. Inoltre, sono passati molti anni dalla chiusura della miniera, quindi ogni anno ci sono sempre meno esemplari buoni sul mercato.<\/p>\n\n\n\n<p>A causa della loro rarit\u00e0 e della potenza del marchio, ci sono molti falsi, quindi ti consigliamo di non fidarti troppo del sigillo Maruka e di valutare la pietra con i tuoi occhi.&nbsp;<\/p>\n\n\n\n<p>La miniera di Kato si trova sui monti Nakayama dove venivano estratte le pietre per affilare ed era cos\u00ec chiamata perch\u00e9 era di propriet\u00e0 del signor Kato. Hatanaka Whetstone \u00e8 un negozio di pietra di lunga data a Kyoto. Dopo la guerra, le vendite delle mole Nakayama estratte a Kato Utsuyama erano gestite da un gruppo di cinque persone di un importante negozio di pietre di Kyoto. Tra questi, si dice che Hatanaka Toishi sia stato per un certo periodo il pi\u00f9 fidato dei proprietari di montagne. nel 1952 Hatanaka Toishi ha registrato il marchio Junshin Honzan (\u7d14\u7a7a\u6b63\u672c\u5c71) per distinguersi dagli altri rivenditori. Dopo il 1980 dove i diritti sulla miniera di Nakayama furono acquistati da Hatanaka Whetstone e divenne proprietaria del marchio Maruka. Allo stesso tempo, le pietre di questa miniera venivano distribuite anche attraverso altri rivenditori.<\/p>","protected":false},"excerpt":{"rendered":"<ul>\n<li>Adatto per la finitura di rasoi, coltelli, forbici, attrezzi da falegnameria e altri utensili.<\/li>\n<li>Dimensioni: 200x71x33mm<\/li>\n<li>Peso: 1130 grammi<\/li>\n<li>Durezza: Lv 5<\/li>\n<li>La superficie \u00e8 liscia e pronta per il lavoro.<\/li>\n<li>Si consiglia di lavorare con acqua calda, poich\u00e9 l'acqua fredda compromette la velocit\u00e0 e la risposta.<\/li>\n<\/ul>","protected":false},"featured_media":2370,"comment_status":"open","ping_status":"closed","template":"","meta":[],"product_brand":[],"product_cat":[22],"product_tag":[58,49,50],"class_list":{"0":"post-2364","1":"product","2":"type-product","3":"status-publish","4":"has-post-thumbnail","6":"product_cat-jnats","7":"product_tag-maruka","8":"product_tag-nakayama","9":"product_tag-suita","10":"product_shipping_class-iprastas","12":"first","13":"outofstock","14":"shipping-taxable","15":"purchasable","16":"product-type-simple"},"_links":{"self":[{"href":"https:\/\/jnats.eu\/it\/wp-json\/wp\/v2\/product\/2364","targetHints":{"allow":["GET"]}}],"collection":[{"href":"https:\/\/jnats.eu\/it\/wp-json\/wp\/v2\/product"}],"about":[{"href":"https:\/\/jnats.eu\/it\/wp-json\/wp\/v2\/types\/product"}],"replies":[{"embeddable":true,"href":"https:\/\/jnats.eu\/it\/wp-json\/wp\/v2\/comments?post=2364"}],"wp:featuredmedia":[{"embeddable":true,"href":"https:\/\/jnats.eu\/it\/wp-json\/wp\/v2\/media\/2370"}],"wp:attachment":[{"href":"https:\/\/jnats.eu\/it\/wp-json\/wp\/v2\/media?parent=2364"}],"wp:term":[{"taxonomy":"product_brand","embeddable":true,"href":"https:\/\/jnats.eu\/it\/wp-json\/wp\/v2\/product_brand?post=2364"},{"taxonomy":"product_cat","embeddable":true,"href":"https:\/\/jnats.eu\/it\/wp-json\/wp\/v2\/product_cat?post=2364"},{"taxonomy":"product_tag","embeddable":true,"href":"https:\/\/jnats.eu\/it\/wp-json\/wp\/v2\/product_tag?post=2364"}],"curies":[{"name":"wp","href":"https:\/\/api.w.org\/{rel}","templated":true}]}}