{"id":2400,"date":"2024-05-02T11:05:42","date_gmt":"2024-05-02T08:05:42","guid":{"rendered":"http:\/\/jnats.eu\/?post_type=product&#038;p=2400"},"modified":"2025-04-28T23:24:20","modified_gmt":"2025-04-28T20:24:20","slug":"nakayama-iromono-japoniskas-naturalus-akmuo-galandimui-2","status":"publish","type":"product","link":"https:\/\/jnats.eu\/it\/prodotto-2\/nakayama-iromono-japoniskas-naturalus-akmuo-galandimui-2\/","title":{"rendered":"Nakayama Iromono Pietra naturale giapponese per affilare"},"content":{"rendered":"<p>Questo bellissimo iromono Nakayama \u00e8 una pietra naturale giapponese di media durezza perfetta per rifinire qualsiasi affilatura di utensili. Si pu\u00f2 tranquillamente fare a meno del fondo o della piastra diamantata, perch\u00e9 la pietra rilascia abbastanza bene la sua sospensione.<\/p>\n\n\n\n<p><strong>Nakayama (\u4e2d\u5c71)<\/strong><\/p>\n\n\n\n<p>Questa miniera orientale \u00e8 famosa per le sue pietre di finitura per affilatura awasedo ed \u00e8 probabilmente la prima tra le pi\u00f9 ricercate tra i professionisti dell&#039;affilatura e gli hobbisti. Rispetto alle pietre di durezza e finezza simili provenienti da altre miniere, le pietre Nakayama sono note per una sensazione di affilatura pi\u00f9 piacevole e per l&#039;elevata velocit\u00e0 di lavoro. Particolarmente apprezzate sono le pietre multistrato (Hondomae, Shikitomae) e Kiita.<\/p>","protected":false},"excerpt":{"rendered":"<ul>\n<li>Adatto per la finitura di rasoi, coltelli, forbici, attrezzi da falegnameria e altri utensili.<\/li>\n<li>Dimensioni circa: 204x75x22 mm<\/li>\n<li>Peso: 970 g<\/li>\n<li>Durezza: Lv 4<\/li>\n<li>La superficie \u00e8 liscia e pronta per il lavoro<\/li>\n<\/ul>","protected":false},"featured_media":2408,"comment_status":"open","ping_status":"closed","template":"","meta":[],"product_brand":[],"product_cat":[22],"product_tag":[41,49],"class_list":{"0":"post-2400","1":"product","2":"type-product","3":"status-publish","4":"has-post-thumbnail","6":"product_cat-jnats","7":"product_tag-iromono","8":"product_tag-nakayama","9":"product_shipping_class-iprastas","11":"first","12":"outofstock","13":"shipping-taxable","14":"purchasable","15":"product-type-simple"},"_links":{"self":[{"href":"https:\/\/jnats.eu\/it\/wp-json\/wp\/v2\/product\/2400","targetHints":{"allow":["GET"]}}],"collection":[{"href":"https:\/\/jnats.eu\/it\/wp-json\/wp\/v2\/product"}],"about":[{"href":"https:\/\/jnats.eu\/it\/wp-json\/wp\/v2\/types\/product"}],"replies":[{"embeddable":true,"href":"https:\/\/jnats.eu\/it\/wp-json\/wp\/v2\/comments?post=2400"}],"wp:featuredmedia":[{"embeddable":true,"href":"https:\/\/jnats.eu\/it\/wp-json\/wp\/v2\/media\/2408"}],"wp:attachment":[{"href":"https:\/\/jnats.eu\/it\/wp-json\/wp\/v2\/media?parent=2400"}],"wp:term":[{"taxonomy":"product_brand","embeddable":true,"href":"https:\/\/jnats.eu\/it\/wp-json\/wp\/v2\/product_brand?post=2400"},{"taxonomy":"product_cat","embeddable":true,"href":"https:\/\/jnats.eu\/it\/wp-json\/wp\/v2\/product_cat?post=2400"},{"taxonomy":"product_tag","embeddable":true,"href":"https:\/\/jnats.eu\/it\/wp-json\/wp\/v2\/product_tag?post=2400"}],"curies":[{"name":"wp","href":"https:\/\/api.w.org\/{rel}","templated":true}]}}