{"id":2434,"date":"2024-05-03T10:27:43","date_gmt":"2024-05-03T07:27:43","guid":{"rendered":"http:\/\/jnats.eu\/?post_type=product&#038;p=2434"},"modified":"2024-06-29T15:55:34","modified_gmt":"2024-06-29T12:55:34","slug":"narutaki-awasedo-maruichi-for-kamisori","status":"publish","type":"product","link":"https:\/\/jnats.eu\/it\/prodotto-2\/narutaki-awasedo-maruichi-for-kamisori\/","title":{"rendered":"NARUTAKI AWASEDO Maruichi per Kamisori\u00a0"},"content":{"rendered":"<p>Le Narutak-toi sono pietre pregiate ottenute dalle zone di Narutaki, Umegahata e Takao.<\/p>\n\n\n\n<p>La pietra naturale giapponese NARUTAKI AWASEDO Maruichi per Kamisori, appositamente selezionata per la rifinitura dell&#039;affilatura dei rasoi, agisce rapidamente e rilascia una quantit\u00e0 sufficiente della sua sospensione. Non \u00e8 necessaria una pietra pi\u00f9 morbida (mikawa o tomo nagura) o una piastra di diamante usurata per formare una sospensione.<\/p>\n\n\n\n<p>Sulla lama in acciaio Aogami 2, l&#039;Hagane ha una finitura a specchio, mentre la Jigae pi\u00f9 morbida ha una finitura argento opaco brillante.<\/p>\n\n\n\n<p>Le pietre per affilare Narutaki sono tra le pi\u00f9 pregiate estratte a Kyoto da quasi 900 anni. Nell&#039;era dei samurai era molto importante come questione militare perch\u00e9 serviva per affilare le armi, quindi per centinaia di anni le montagne furono sorvegliate dall&#039;imperatore giapponese, dagli shogun o dal governo. Solo la famiglia Honmu ha estratto a lungo la montagna. Narutaki-to viene utilizzato per affilare e lucidare le spade giapponesi, ma Kanna (scalpello giapponese), obliamsl, Kamisori, ecc. consentivano anche l&#039;uso di pietre pi\u00f9 piccole o inferiori.<\/p>\n\n\n\n<p>Una pietra per affilare naturale ha una scala di lavoro maggiore di una artificiale, quindi non conosciamo il risultato esatto finch\u00e9 non finiamo l&#039;affilatura. L&#039;abrasivo delle pietre artificiali non si scompone in dimensioni pi\u00f9 piccole e le particelle naturali possono essere scomposte in dimensioni pi\u00f9 piccole, che vengono mescolate con i rottami di acciaio per produrre la finitura Jigane e Hagane corretta.<\/p>","protected":false},"excerpt":{"rendered":"<ul>\n<li>Adatto per la rifinitura di rasoi, coltelli, falegnameria e altri utensili.<\/li>\n<li>Dimensioni circa: 133x82x24 mm<\/li>\n<li>Peso: 609 g<\/li>\n<li>Durezza: Lv 5<\/li>\n<li>La superficie \u00e8 liscia e pronta per il lavoro<\/li>\n<\/ul>","protected":false},"featured_media":2439,"comment_status":"open","ping_status":"closed","template":"","meta":[],"product_brand":[],"product_cat":[22],"product_tag":[40,25,275,146],"class_list":{"0":"post-2434","1":"product","2":"type-product","3":"status-publish","4":"has-post-thumbnail","6":"product_cat-jnats","7":"product_tag-awasedo","8":"product_tag-kamisori","9":"product_tag-maruichi","10":"product_tag-narutaki","11":"product_shipping_class-iprastas","13":"first","14":"outofstock","15":"shipping-taxable","16":"purchasable","17":"product-type-simple"},"_links":{"self":[{"href":"https:\/\/jnats.eu\/it\/wp-json\/wp\/v2\/product\/2434","targetHints":{"allow":["GET"]}}],"collection":[{"href":"https:\/\/jnats.eu\/it\/wp-json\/wp\/v2\/product"}],"about":[{"href":"https:\/\/jnats.eu\/it\/wp-json\/wp\/v2\/types\/product"}],"replies":[{"embeddable":true,"href":"https:\/\/jnats.eu\/it\/wp-json\/wp\/v2\/comments?post=2434"}],"wp:featuredmedia":[{"embeddable":true,"href":"https:\/\/jnats.eu\/it\/wp-json\/wp\/v2\/media\/2439"}],"wp:attachment":[{"href":"https:\/\/jnats.eu\/it\/wp-json\/wp\/v2\/media?parent=2434"}],"wp:term":[{"taxonomy":"product_brand","embeddable":true,"href":"https:\/\/jnats.eu\/it\/wp-json\/wp\/v2\/product_brand?post=2434"},{"taxonomy":"product_cat","embeddable":true,"href":"https:\/\/jnats.eu\/it\/wp-json\/wp\/v2\/product_cat?post=2434"},{"taxonomy":"product_tag","embeddable":true,"href":"https:\/\/jnats.eu\/it\/wp-json\/wp\/v2\/product_tag?post=2434"}],"curies":[{"name":"wp","href":"https:\/\/api.w.org\/{rel}","templated":true}]}}