{"id":2442,"date":"2024-05-03T10:33:17","date_gmt":"2024-05-03T07:33:17","guid":{"rendered":"http:\/\/jnats.eu\/?post_type=product&#038;p=2442"},"modified":"2024-11-28T23:41:07","modified_gmt":"2024-11-28T21:41:07","slug":"narutaki-awasedo-maruichi-for-kamisori-2","status":"publish","type":"product","link":"https:\/\/jnats.eu\/it\/prodotto-2\/narutaki-awasedo-maruichi-for-kamisori-2\/","title":{"rendered":"Maruichi Maruka per Kamisori\u00a0"},"content":{"rendered":"<p>Le Narutak-toi sono pietre pregiate ottenute dalle zone di Narutaki, Umegahata e Takao.<\/p>\n\n\n\n<p>La pietra naturale giapponese NARUTAKI AWASEDO Maruichi Maruka per Kamisori, appositamente selezionata per la finitura dell'affilatura dei rasoi, lavora rapidamente e produce una quantit\u00e0 sufficiente della sua sospensione. La sospensione non richiede una pietra pi\u00f9 morbida (mikawa o tomo nagura) o una piastra diamantata usurata.<\/p>\n\n\n\n<p>Sulla lama in acciaio Aogami 2, l&#039;Hagane ha una finitura a specchio, mentre la Jigae pi\u00f9 morbida ha una finitura argento opaco brillante.<\/p>\n\n\n\n<p>Le pietre da affilatura di Narutaki sono tra le pi\u00f9 pregiate estratte a Kyoto da quasi 900 anni. All'epoca dei samurai, la montagna era molto importante per l'affilatura delle armi e per centinaia di anni \u00e8 stata custodita dall'imperatore, dallo shogun o dal governo giapponese. Solo la famiglia Honma ha sfruttato la montagna per molto tempo. Il Narutaki-to era usato per affilare e lucidare le spade giapponesi, ma pietre pi\u00f9 piccole o di qualit\u00e0 inferiore erano usate anche per Kanna (scalpello giapponese), pialle, Kamisori, ecc.<\/p>\n\n\n\n<p>Una pietra per affilare naturale ha una scala di lavoro maggiore di una artificiale, quindi non conosciamo il risultato esatto finch\u00e9 non finiamo l&#039;affilatura. L&#039;abrasivo delle pietre artificiali non si scompone in dimensioni pi\u00f9 piccole e le particelle naturali possono essere scomposte in dimensioni pi\u00f9 piccole, che vengono mescolate con i rottami di acciaio per produrre la finitura Jigane e Hagane corretta.<\/p>","protected":false},"excerpt":{"rendered":"<ul>\n<li>Adatto per la rifinitura di rasoi, coltelli, falegnameria e altri utensili.<\/li>\n<li>Dimensioni circa: 144x84x28 mm<\/li>\n<li>Peso: 857 g<\/li>\n<li>Durezza: Lv 5<\/li>\n<li>La superficie \u00e8 liscia e pronta per il lavoro<\/li>\n<\/ul>","protected":false},"featured_media":2444,"comment_status":"open","ping_status":"closed","template":"","meta":[],"product_brand":[],"product_cat":[22],"product_tag":[40,275],"class_list":{"0":"post-2442","1":"product","2":"type-product","3":"status-publish","4":"has-post-thumbnail","6":"product_cat-jnats","7":"product_tag-awasedo","8":"product_tag-maruichi","9":"product_shipping_class-iprastas","11":"first","12":"outofstock","13":"shipping-taxable","14":"purchasable","15":"product-type-simple"},"_links":{"self":[{"href":"https:\/\/jnats.eu\/it\/wp-json\/wp\/v2\/product\/2442","targetHints":{"allow":["GET"]}}],"collection":[{"href":"https:\/\/jnats.eu\/it\/wp-json\/wp\/v2\/product"}],"about":[{"href":"https:\/\/jnats.eu\/it\/wp-json\/wp\/v2\/types\/product"}],"replies":[{"embeddable":true,"href":"https:\/\/jnats.eu\/it\/wp-json\/wp\/v2\/comments?post=2442"}],"wp:featuredmedia":[{"embeddable":true,"href":"https:\/\/jnats.eu\/it\/wp-json\/wp\/v2\/media\/2444"}],"wp:attachment":[{"href":"https:\/\/jnats.eu\/it\/wp-json\/wp\/v2\/media?parent=2442"}],"wp:term":[{"taxonomy":"product_brand","embeddable":true,"href":"https:\/\/jnats.eu\/it\/wp-json\/wp\/v2\/product_brand?post=2442"},{"taxonomy":"product_cat","embeddable":true,"href":"https:\/\/jnats.eu\/it\/wp-json\/wp\/v2\/product_cat?post=2442"},{"taxonomy":"product_tag","embeddable":true,"href":"https:\/\/jnats.eu\/it\/wp-json\/wp\/v2\/product_tag?post=2442"}],"curies":[{"name":"wp","href":"https:\/\/api.w.org\/{rel}","templated":true}]}}