{"id":2468,"date":"2024-05-03T11:12:03","date_gmt":"2024-05-03T08:12:03","guid":{"rendered":"http:\/\/jnats.eu\/?post_type=product&#038;p=2468"},"modified":"2025-09-09T08:41:05","modified_gmt":"2025-09-09T05:41:05","slug":"maruoyama-shin-ogami","status":"publish","type":"product","link":"https:\/\/jnats.eu\/it\/prodotto-2\/maruoyama-shin-ogami\/","title":{"rendered":"Maruoyama Shin Ogami"},"content":{"rendered":"<p>Maruoyama Shin Ogami \u00e8 adatto per rifinire l&#039;affilatura di tutti i tipi di utensili come coltelli, pialle, scalpelli, rasoi, ecc. \u00c8 facile da affilare, pu\u00f2 rifinire velocemente e bene, quindi tagliare con l&#039;utensile per lungo tempo.<\/p>\n\n\n\n<p>La miniera Maruo si trova sui Monti Tanba. Situata nel nord-ovest della citt\u00e0 di Kameoka, la montagna di pietra naturale chiamata Nishimono \u00e8 relativamente nuova e la sua estrazione \u00e8 iniziata nell&#039;era Meiji (data di fine: 30 luglio 1912 data di inizio: 25 gennaio 1868). C&#039;erano circa 500 ingressi in pietra principali e combinati, sia grandi che piccoli, entro 3 km dal sito. Uno di questi \u00e8 il monte Maruo, dove attualmente la famiglia tartara sta estraendo.<\/p>\n\n\n\n<p>Shoji di terza generazione e Yozo di quarta generazione iniziarono l&#039;attivit\u00e0 mineraria nel 1970. La miniera contiene gli strati Suita e Tomae formati da Honguchi e ancora oggi vengono estratte pietre tagliate di alta qualit\u00e0. Viene effettuata un&#039;estrazione completamente sotterranea, cosa molto rara al giorno d&#039;oggi.<\/p>","protected":false},"excerpt":{"rendered":"<ul>\n<li>Adatto per la rifinitura di rasoi, coltelli, falegnameria e altri utensili.<\/li>\n<li>Dimensioni: 196x40x67mm<\/li>\n<li>Peso: 1060 g<\/li>\n<li>Durezza: Lv 4<\/li>\n<li>La superficie \u00e8 liscia e pronta per il lavoro<\/li>\n<\/ul>","protected":false},"featured_media":2471,"comment_status":"open","ping_status":"closed","template":"","meta":[],"product_brand":[],"product_cat":[22],"product_tag":[233],"class_list":{"0":"post-2468","1":"product","2":"type-product","3":"status-publish","4":"has-post-thumbnail","6":"product_cat-jnats","7":"product_tag-maruoyama","8":"product_shipping_class-iprastas","10":"first","11":"instock","12":"sale","13":"shipping-taxable","14":"purchasable","15":"product-type-simple"},"_links":{"self":[{"href":"https:\/\/jnats.eu\/it\/wp-json\/wp\/v2\/product\/2468","targetHints":{"allow":["GET"]}}],"collection":[{"href":"https:\/\/jnats.eu\/it\/wp-json\/wp\/v2\/product"}],"about":[{"href":"https:\/\/jnats.eu\/it\/wp-json\/wp\/v2\/types\/product"}],"replies":[{"embeddable":true,"href":"https:\/\/jnats.eu\/it\/wp-json\/wp\/v2\/comments?post=2468"}],"wp:featuredmedia":[{"embeddable":true,"href":"https:\/\/jnats.eu\/it\/wp-json\/wp\/v2\/media\/2471"}],"wp:attachment":[{"href":"https:\/\/jnats.eu\/it\/wp-json\/wp\/v2\/media?parent=2468"}],"wp:term":[{"taxonomy":"product_brand","embeddable":true,"href":"https:\/\/jnats.eu\/it\/wp-json\/wp\/v2\/product_brand?post=2468"},{"taxonomy":"product_cat","embeddable":true,"href":"https:\/\/jnats.eu\/it\/wp-json\/wp\/v2\/product_cat?post=2468"},{"taxonomy":"product_tag","embeddable":true,"href":"https:\/\/jnats.eu\/it\/wp-json\/wp\/v2\/product_tag?post=2468"}],"curies":[{"name":"wp","href":"https:\/\/api.w.org\/{rel}","templated":true}]}}