{"id":2485,"date":"2024-05-03T12:03:57","date_gmt":"2024-05-03T09:03:57","guid":{"rendered":"http:\/\/jnats.eu\/?post_type=product&#038;p=2485"},"modified":"2024-05-04T11:06:23","modified_gmt":"2024-05-04T08:06:23","slug":"atago-awasedo-imanishi","status":"publish","type":"product","link":"https:\/\/jnats.eu\/it\/prodotto-2\/atago-awasedo-imanishi\/","title":{"rendered":"Atago Awasedo Imanishi"},"content":{"rendered":"<p>Nonostante l'aspetto modesto, la pietra giapponese per affilatura Atago Awasedo Imanishi \u00e8 piacevole da usare. Le grandi dimensioni danno una sensazione di affilatura estremamente stabile e la purezza della pietra garantisce risultati costanti per tutta la vita. \u00c8 un \"cavallo di battaglia\" che pu\u00f2 durare tutta la vita per l'artigiano e il lucidatore professionista. La pietra \u00e8 robusta, ma non cos\u00ec dura da risultare troppo pesante per gli utenti meno esperti. Utilizzando una sospensione laterale o una piastra diamantata, cancella i graffi di 6.000 pietre sintetiche abbastanza rapidamente da lasciare un taglio piacevole, e con una pietra pulita il coltello pu\u00f2 essere ulteriormente rifinito per ottenere una superba finitura lucida. Questa pietra \u00e8 adatta a un'ampia gamma di applicazioni, dai coltelli agli utensili e ai rasoi. La pietra ha un colore grigio uniforme con bande deboli.<\/p>\n\n\n\n<p><strong>Atagoyama<\/strong><br>Questa miniera ha estratto pietre da Chu-ishi naori, che generalmente sono grandi e pulite. Il monte Atago \u00e8 spesso indicato come il centro dell&#039;area mineraria della pietra per affilare di Kyoto.<\/p>","protected":false},"excerpt":{"rendered":"<ul>\n<li>Adatto per la finitura di coltelli, forbici, attrezzi da falegnameria e altri utensili.<\/li>\n<li>Dimensioni: 205x75x43 mm<\/li>\n<li>Peso: 1690 g<\/li>\n<li>Durezza: Lv 4<\/li>\n<li>La superficie \u00e8 liscia e pronta per il lavoro.<\/li>\n<li>Le linee sono sicure.<\/li>\n<li>Si consiglia di lavorare con acqua calda, poich\u00e9 l'acqua fredda compromette la velocit\u00e0 e la risposta.<\/li>\n<\/ul>","protected":false},"featured_media":2490,"comment_status":"open","ping_status":"closed","template":"","meta":[],"product_brand":[],"product_cat":[22],"product_tag":[242,278,254],"class_list":{"0":"post-2485","1":"product","2":"type-product","3":"status-publish","4":"has-post-thumbnail","6":"product_cat-jnats","7":"product_tag-atago","8":"product_tag-atago-awasedo","9":"product_tag-imanishi","10":"product_shipping_class-iprastas","12":"first","13":"instock","14":"sale","15":"shipping-taxable","16":"purchasable","17":"product-type-simple"},"_links":{"self":[{"href":"https:\/\/jnats.eu\/it\/wp-json\/wp\/v2\/product\/2485","targetHints":{"allow":["GET"]}}],"collection":[{"href":"https:\/\/jnats.eu\/it\/wp-json\/wp\/v2\/product"}],"about":[{"href":"https:\/\/jnats.eu\/it\/wp-json\/wp\/v2\/types\/product"}],"replies":[{"embeddable":true,"href":"https:\/\/jnats.eu\/it\/wp-json\/wp\/v2\/comments?post=2485"}],"wp:featuredmedia":[{"embeddable":true,"href":"https:\/\/jnats.eu\/it\/wp-json\/wp\/v2\/media\/2490"}],"wp:attachment":[{"href":"https:\/\/jnats.eu\/it\/wp-json\/wp\/v2\/media?parent=2485"}],"wp:term":[{"taxonomy":"product_brand","embeddable":true,"href":"https:\/\/jnats.eu\/it\/wp-json\/wp\/v2\/product_brand?post=2485"},{"taxonomy":"product_cat","embeddable":true,"href":"https:\/\/jnats.eu\/it\/wp-json\/wp\/v2\/product_cat?post=2485"},{"taxonomy":"product_tag","embeddable":true,"href":"https:\/\/jnats.eu\/it\/wp-json\/wp\/v2\/product_tag?post=2485"}],"curies":[{"name":"wp","href":"https:\/\/api.w.org\/{rel}","templated":true}]}}