{"id":2493,"date":"2024-05-03T12:13:07","date_gmt":"2024-05-03T09:13:07","guid":{"rendered":"http:\/\/jnats.eu\/?post_type=product&#038;p=2493"},"modified":"2024-05-04T11:06:47","modified_gmt":"2024-05-04T08:06:47","slug":"izoriyama-awasedo-imanishi","status":"publish","type":"product","link":"https:\/\/jnats.eu\/it\/prodotto-2\/izoriyama-awasedo-imanishi\/","title":{"rendered":"Izoriyama Awasedo Imanishi"},"content":{"rendered":"<p>La pietra per affilare giapponese Izoriyama Awasedo Imanishi \u00e8 un piacere da usare e funziona rapidamente. Le grandi dimensioni forniscono una sensazione di affilatura estremamente stabile e la purezza della pietra garantisce risultati costanti per tutta la vita. \u00c8 un &quot;cavallo di battaglia&quot; che pu\u00f2 durare una vita per un affilatore professionista e un appassionato di lucidatura. La pietra \u00e8 resistente ma non cos\u00ec dura da renderla troppo difficile da usare per gli utenti meno esperti. Usando una sospensione estratta lateralmente o con una piastra diamantata, ne cancella 6mila abbastanza velocemente. le pietre sintetiche graffiano e lasciano un piacevole kasumi e, con una pietra pulita, il coltello pu\u00f2 essere ulteriormente rifinito fino a ottenere una finitura lucida. Questa pietra \u00e8 adatta a tutto, dai coltelli agli utensili e ai rasoi. <\/p>","protected":false},"excerpt":{"rendered":"<ul>\n<li>Adatto per la finitura di rasoi, coltelli, forbici, attrezzi da falegnameria e altri utensili.<\/li>\n<li>Dimensioni: 205x78x45 mm<\/li>\n<li>Peso: 1850 grammi<\/li>\n<li>Durezza: Lv 4,5<\/li>\n<li>La superficie \u00e8 liscia e pronta per il lavoro.<\/li>\n<li>Si consiglia di lavorare con acqua calda, poich\u00e9 l'acqua fredda compromette la velocit\u00e0 e la risposta.<\/li>\n<\/ul>","protected":false},"featured_media":2494,"comment_status":"open","ping_status":"closed","template":"","meta":[],"product_brand":[],"product_cat":[22],"product_tag":[40,254,279],"class_list":{"0":"post-2493","1":"product","2":"type-product","3":"status-publish","4":"has-post-thumbnail","6":"product_cat-jnats","7":"product_tag-awasedo","8":"product_tag-imanishi","9":"product_tag-izoriyama","10":"product_shipping_class-iprastas","12":"first","13":"instock","14":"sale","15":"shipping-taxable","16":"purchasable","17":"product-type-simple"},"_links":{"self":[{"href":"https:\/\/jnats.eu\/it\/wp-json\/wp\/v2\/product\/2493","targetHints":{"allow":["GET"]}}],"collection":[{"href":"https:\/\/jnats.eu\/it\/wp-json\/wp\/v2\/product"}],"about":[{"href":"https:\/\/jnats.eu\/it\/wp-json\/wp\/v2\/types\/product"}],"replies":[{"embeddable":true,"href":"https:\/\/jnats.eu\/it\/wp-json\/wp\/v2\/comments?post=2493"}],"wp:featuredmedia":[{"embeddable":true,"href":"https:\/\/jnats.eu\/it\/wp-json\/wp\/v2\/media\/2494"}],"wp:attachment":[{"href":"https:\/\/jnats.eu\/it\/wp-json\/wp\/v2\/media?parent=2493"}],"wp:term":[{"taxonomy":"product_brand","embeddable":true,"href":"https:\/\/jnats.eu\/it\/wp-json\/wp\/v2\/product_brand?post=2493"},{"taxonomy":"product_cat","embeddable":true,"href":"https:\/\/jnats.eu\/it\/wp-json\/wp\/v2\/product_cat?post=2493"},{"taxonomy":"product_tag","embeddable":true,"href":"https:\/\/jnats.eu\/it\/wp-json\/wp\/v2\/product_tag?post=2493"}],"curies":[{"name":"wp","href":"https:\/\/api.w.org\/{rel}","templated":true}]}}