{"id":2529,"date":"2024-05-03T12:53:45","date_gmt":"2024-05-03T09:53:45","guid":{"rendered":"http:\/\/jnats.eu\/?post_type=product&#038;p=2529"},"modified":"2025-07-22T00:35:55","modified_gmt":"2025-07-21T21:35:55","slug":"ohira-awasedo-japoniskas-naturalus-akmuo-galandimui","status":"publish","type":"product","link":"https:\/\/jnats.eu\/it\/prodotto-2\/ohira-awasedo-japoniskas-naturalus-akmuo-galandimui\/","title":{"rendered":"Pietra per affilare naturale giapponese Ohira Awasedo"},"content":{"rendered":"<p>Pietra per affilare naturale giapponese Ohira Awasedo, veloce e uniforme, proveniente da una miniera attualmente attiva rinomata per la sua qualit\u00e0 e variet\u00e0 di rocce.<\/p>\n\n\n\n<p><strong>Ohira (\u5927\u5e73, Oohira, Ohirayama)<\/strong><br>Miniera occidentale, famosa per la qualit\u00e0 di Uchigumori e Suita. Anche se la miniera viene ancora sfruttata occasionalmente, gli uchigumori e gli ohira suite esportabili sono sempre pi\u00f9 difficili da trovare. Secondo quanto riferito, molti minatori sono preoccupati per la fornitura a lungo termine di pietre uchigumori di qualit\u00e0. A causa della qualit\u00e0 superiore di Ohira suita e uchigumori, non \u00e8 raro che pietre provenienti da altre miniere vengano stampate o vendute come Ohira.<\/p>","protected":false},"excerpt":{"rendered":"<ul>\n<li>Adatto per la finitura di coltelli, falegnameria e altri utensili. Per i rasoi: prefinitura.<\/li>\n<li>Dimensioni: 156x87x27mm<\/li>\n<li>Peso: 900 g<\/li>\n<li>Durezza: Lv 4<\/li>\n<li>La superficie \u00e8 liscia e pronta per il lavoro<\/li>\n<\/ul>","protected":false},"featured_media":2531,"comment_status":"open","ping_status":"closed","template":"","meta":[],"product_brand":[],"product_cat":[22],"product_tag":[40,47],"class_list":{"0":"post-2529","1":"product","2":"type-product","3":"status-publish","4":"has-post-thumbnail","6":"product_cat-jnats","7":"product_tag-awasedo","8":"product_tag-ohira","9":"product_shipping_class-iprastas","11":"first","12":"outofstock","13":"sale","14":"shipping-taxable","15":"purchasable","16":"product-type-simple"},"_links":{"self":[{"href":"https:\/\/jnats.eu\/it\/wp-json\/wp\/v2\/product\/2529","targetHints":{"allow":["GET"]}}],"collection":[{"href":"https:\/\/jnats.eu\/it\/wp-json\/wp\/v2\/product"}],"about":[{"href":"https:\/\/jnats.eu\/it\/wp-json\/wp\/v2\/types\/product"}],"replies":[{"embeddable":true,"href":"https:\/\/jnats.eu\/it\/wp-json\/wp\/v2\/comments?post=2529"}],"wp:featuredmedia":[{"embeddable":true,"href":"https:\/\/jnats.eu\/it\/wp-json\/wp\/v2\/media\/2531"}],"wp:attachment":[{"href":"https:\/\/jnats.eu\/it\/wp-json\/wp\/v2\/media?parent=2529"}],"wp:term":[{"taxonomy":"product_brand","embeddable":true,"href":"https:\/\/jnats.eu\/it\/wp-json\/wp\/v2\/product_brand?post=2529"},{"taxonomy":"product_cat","embeddable":true,"href":"https:\/\/jnats.eu\/it\/wp-json\/wp\/v2\/product_cat?post=2529"},{"taxonomy":"product_tag","embeddable":true,"href":"https:\/\/jnats.eu\/it\/wp-json\/wp\/v2\/product_tag?post=2529"}],"curies":[{"name":"wp","href":"https:\/\/api.w.org\/{rel}","templated":true}]}}