{"id":2558,"date":"2024-05-05T09:44:49","date_gmt":"2024-05-05T06:44:49","guid":{"rendered":"http:\/\/jnats.eu\/?post_type=product&#038;p=2558"},"modified":"2024-07-19T15:51:05","modified_gmt":"2024-07-19T12:51:05","slug":"techninis-jaspis-jasma-rusiskas-naturalus-galandimo-akmuo-2","status":"publish","type":"product","link":"https:\/\/jnats.eu\/it\/prodotto-2\/techninis-jaspis-jasma-rusiskas-naturalus-galandimo-akmuo-2\/","title":{"rendered":"Diaspro tecnico (Ja\u0161ma) Pietra naturale russa per affilare"},"content":{"rendered":"<p>Il diaspro tecnico (ja\u0161ma - \u044f\u0448\u043c\u0430) \u00e8 una mola verde o verde scuro. \u00c8 una delle variet\u00e0 secretrici delle rocce cristalline, costituita principalmente da quarzo, calcedonio e impurit\u00e0 di altri minerali (epidoto, actinolite, clorite, mica, pirite, ossidi e idrossidi di ferro e manganese). Il diaspro \u00e8 di origine sedimentaria o vulcanica. Composizione approssimativa del diaspro: quarzo e calcedonio (SiO2) 80-95%; ossido di alluminio (Al2O3) e ossido di ferro (Fe2O3) fino a 15 %; ossido di calcio (CaO) - 3-6% (e altri). Va notato che quarzo e calcedonio hanno la stessa formula chimica (SiO2) e differiscono tra loro solo nell&#039;aspetto.<\/p>\n\n\n\n<p>Il diaspro industriale viene estratto nelle aree in cui si trovano rocce scagliose o stratificate. Il diaspro tecnico comprende principalmente quarzo e quarzo calcedonio, che sono variet\u00e0 di diaspro fasciato o fasciato. Molto spesso, questo tipo di diaspro ha un colore verde, che \u00e8 direttamente correlato al colore del fango emesso dai vulcani sottomarini. Nel corso di milioni di anni, eruttarono attraverso grandi quantit\u00e0 di silice sotto forma di lava, poi si depositarono come silice e poi, sempre nel corso di milioni di anni, subirono un processo di ricristallizzazione. Il diaspro pu\u00f2 anche essere di origine secondaria da materie prime biologiche. Un esempio sono gli alberi pietrificati che sono stati trasformati nel corso di milioni di anni in varie forme di quarzo, compreso il diaspro. Inoltre, la formazione secondaria del diaspro pu\u00f2 verificarsi da alcuni tipi di organismi viventi: spugne, alghe, ecc.<\/p>\n\n\n\n<p>A differenza di altri tipi di diaspro, il diaspro industriale ha una densit\u00e0 molto pi\u00f9 elevata perch\u00e9 di solito \u00e8 costituito da 80-90% di quarzo e 10-15% di clorite (un minerale simile alla mica della sottoclasse dei silicati stratificati) con una miscela di epidoto. , tiosite e argilla. Il diaspro ha una frattura pettinata, simile nell&#039;aspetto alla superficie interna delle conchiglie. Oltre al diaspro ordinario, anche il diaspro maculato \u00e8 classificato come diaspro tecnico. In base al numero e alla densit\u00e0 delle macchie, i diaspri maculati sono divisi in diversi tipi: debolmente maculati, densi, sfocati, maculati gialli, ecc. Allo stesso tempo, un numero minore di macchie indica una maggiore uniformit\u00e0 del diaspro, che \u00e8 direttamente correlata alla sua efficienza lavorativa.<\/p>\n\n\n\n<p><em>Pi\u00f9 il diaspro \u00e8 uniforme, migliore \u00e8 la qualit\u00e0 della pietra per affilare, pi\u00f9 nitida \u00e8 la linea e pi\u00f9 aggressivo \u00e8 il taglio del coltello dopo l&#039;affilatura.<\/em><\/p>\n\n\n\n<p>Nell&#039;industria, il diaspro tecnico viene utilizzato principalmente come materia prima, nonch\u00e9 come pietre di finitura e decorative. Infatti, le pietre preziose di qualit\u00e0 pi\u00f9 bassa, inadatte alla realizzazione di oggetti di artigianato, souvenir e stoviglie, sono chiamate &quot;diaspro tecnico&quot;. Da essi vengono ricavati alberi di lavorazione, tazze, prismi di supporto per strumenti di misura, ecc. Questo tipo di diaspro \u00e8 caratterizzato da massima resistenza, durezza, uniformit\u00e0 e, soprattutto, ripetibilit\u00e0 delle propriet\u00e0 della pietra estratta in un deposito.<br>Ci sono molti giacimenti industriali di diaspro in Russia. I diaspri grigi e grigio-verdi vengono estratti nel deposito di Kalkan, anche i depositi di Kushkuldinskoye, Anastasevskoye, Muldakaevskoye, Malomuinakovskoye e Naurazovskoye, dove si trovano diaspro di altre tonalit\u00e0, sono considerati piuttosto grandi. All&#039;estero ci sono giacimenti di diaspro industriale in India, Giappone, Germania, Francia, Uzbekistan e Tagikistan.<\/p>\n\n\n\n<p>Nell&#039;affilatura il diaspro industriale viene utilizzato come pietra di finitura e lucidatura. Mostra la massima efficienza quando si lavora con acciaio al carbonio come Aogami, Shirogami, R6M5, U7, 65G, ecc. Dopo il diaspro, ottengono una superficie opaca uniforme con un taglio aggressivo. La pietra affila anche gli acciai da polvere RWL, CPM S 35VN, S30V, ELMAX con una durezza fino a 63HRC. La pietra \u00e8 progettata per funzionare con l&#039;olio, ma pu\u00f2 funzionare anche con l&#039;acqua. Tuttavia, lavorando con l&#039;acqua la superficie della lama sar\u00e0 pi\u00f9 ruvida rispetto a quella con l&#039;olio. Affilatori esperti, confrontando il diaspro tecnico con wasita o Arkansas, notano il lavoro pi\u00f9 fine di queste pietre e il taglio del coltello pi\u00f9 affilato dopo l&#039;affilatura. Il coltello con finitura tecnica in diaspro fornisce i massimi risultati quando si lavora con legno, carne e altri materiali densi.<\/p>\n\n\n\n<p>Il diaspro tecnico non \u00e8 classificato come una pietra rara che pu\u00f2 essere acquistata solo da professionisti dell&#039;affilatura. \u00c8 una pietra comune e ampiamente venduta. Jasper viene venduto sia in grandi rettangoli per l&#039;affilatura manuale, sia in pezzi di dimensioni &quot;apessoidi&quot; per portaabrasivi standard. Dopo aver superato un lungo viaggio di diversi secoli, non rinuncia ancora alla sua posizione.<\/p>","protected":false},"excerpt":{"rendered":"<ul>\n<li>Dimensioni: 171x39x18mm<\/li>\n<li>Peso: 322 g<\/li>\n<li>Durezza: Lv 5+++<\/li>\n<li>Adatto per la finitura di rasoi, coltelli e utensili.<\/li>\n<li>La pietra \u00e8 molto omogenea, senza linee tossiche.<\/li>\n<li>Entrambe le parti sono pronte all'azione.<\/li>\n<li>Utilizzato in URSS come alternativa alle pietre traslucide dell&#039;Arkansas. \u00c8 consigliabile lavorare con grasso, ma \u00e8 possibile anche con acqua. Una pietra a usura molto, molto lenta e quindi difficile da livellare.<\/li>\n<\/ul>","protected":false},"featured_media":2561,"comment_status":"open","ping_status":"closed","template":"","meta":[],"product_brand":[],"product_cat":[22],"product_tag":[282],"class_list":{"0":"post-2558","1":"product","2":"type-product","3":"status-publish","4":"has-post-thumbnail","6":"product_cat-jnats","7":"product_tag-jaspis","8":"product_shipping_class-iprastas","10":"first","11":"outofstock","12":"shipping-taxable","13":"purchasable","14":"product-type-simple"},"_links":{"self":[{"href":"https:\/\/jnats.eu\/it\/wp-json\/wp\/v2\/product\/2558","targetHints":{"allow":["GET"]}}],"collection":[{"href":"https:\/\/jnats.eu\/it\/wp-json\/wp\/v2\/product"}],"about":[{"href":"https:\/\/jnats.eu\/it\/wp-json\/wp\/v2\/types\/product"}],"replies":[{"embeddable":true,"href":"https:\/\/jnats.eu\/it\/wp-json\/wp\/v2\/comments?post=2558"}],"wp:featuredmedia":[{"embeddable":true,"href":"https:\/\/jnats.eu\/it\/wp-json\/wp\/v2\/media\/2561"}],"wp:attachment":[{"href":"https:\/\/jnats.eu\/it\/wp-json\/wp\/v2\/media?parent=2558"}],"wp:term":[{"taxonomy":"product_brand","embeddable":true,"href":"https:\/\/jnats.eu\/it\/wp-json\/wp\/v2\/product_brand?post=2558"},{"taxonomy":"product_cat","embeddable":true,"href":"https:\/\/jnats.eu\/it\/wp-json\/wp\/v2\/product_cat?post=2558"},{"taxonomy":"product_tag","embeddable":true,"href":"https:\/\/jnats.eu\/it\/wp-json\/wp\/v2\/product_tag?post=2558"}],"curies":[{"name":"wp","href":"https:\/\/api.w.org\/{rel}","templated":true}]}}