{"id":2567,"date":"2024-05-05T10:13:50","date_gmt":"2024-05-05T07:13:50","guid":{"rendered":"http:\/\/jnats.eu\/?post_type=product&#038;p=2567"},"modified":"2024-06-29T15:55:34","modified_gmt":"2024-06-29T12:55:34","slug":"charnley-forest-naturalus-britiskas-galandimo-akmuo","status":"publish","type":"product","link":"https:\/\/jnats.eu\/it\/prodotto-2\/charnley-forest-naturalus-britiskas-galandimo-akmuo\/","title":{"rendered":"Pietra per affilare britannica naturale della foresta di Charnley"},"content":{"rendered":"<p>La pietra per affilare britannica naturale Charnley Forest \u00e8 molto dura e molto fine, il che la rende perfetta per rifinire l&#039;affilatura del rasoio. La foresta di Charnley \u00e8 novaculitica e simile alle rocce dell&#039;Arkansas. Si consiglia di lavorare con grasso, ma \u00e8 possibile anche con acqua.<\/p>\n\n\n\n<p>In una scatola di legno da cui la pietra pu\u00f2 essere facilmente rimossa. Le linee marroni sono leggermente pi\u00f9 ruvide rispetto al resto della superficie.<\/p>","protected":false},"excerpt":{"rendered":"<ul>\n<li>Dimensioni circa: 285x48x30 mm<\/li>\n<li>Peso senza scatola: 986 g<\/li>\n<li>Peso con scatola: 1657 g<\/li>\n<li>Durezza: Lv 5<\/li>\n<li>Adatto per la rifinitura di coltelli e utensili. Evitare le macchie marroni pu\u00f2 anche rifinire i rasoi.<\/li>\n<li>Si consiglia di lavorare con grasso, ma \u00e8 possibile anche con acqua.<\/li>\n<\/ul>","protected":false},"featured_media":2569,"comment_status":"open","ping_status":"closed","template":"","meta":[],"product_brand":[],"product_cat":[22],"product_tag":[284],"class_list":{"0":"post-2567","1":"product","2":"type-product","3":"status-publish","4":"has-post-thumbnail","6":"product_cat-jnats","7":"product_tag-charnley-forest","8":"product_shipping_class-iprastas","10":"first","11":"outofstock","12":"shipping-taxable","13":"purchasable","14":"product-type-simple"},"_links":{"self":[{"href":"https:\/\/jnats.eu\/it\/wp-json\/wp\/v2\/product\/2567","targetHints":{"allow":["GET"]}}],"collection":[{"href":"https:\/\/jnats.eu\/it\/wp-json\/wp\/v2\/product"}],"about":[{"href":"https:\/\/jnats.eu\/it\/wp-json\/wp\/v2\/types\/product"}],"replies":[{"embeddable":true,"href":"https:\/\/jnats.eu\/it\/wp-json\/wp\/v2\/comments?post=2567"}],"wp:featuredmedia":[{"embeddable":true,"href":"https:\/\/jnats.eu\/it\/wp-json\/wp\/v2\/media\/2569"}],"wp:attachment":[{"href":"https:\/\/jnats.eu\/it\/wp-json\/wp\/v2\/media?parent=2567"}],"wp:term":[{"taxonomy":"product_brand","embeddable":true,"href":"https:\/\/jnats.eu\/it\/wp-json\/wp\/v2\/product_brand?post=2567"},{"taxonomy":"product_cat","embeddable":true,"href":"https:\/\/jnats.eu\/it\/wp-json\/wp\/v2\/product_cat?post=2567"},{"taxonomy":"product_tag","embeddable":true,"href":"https:\/\/jnats.eu\/it\/wp-json\/wp\/v2\/product_tag?post=2567"}],"curies":[{"name":"wp","href":"https:\/\/api.w.org\/{rel}","templated":true}]}}