{"id":2580,"date":"2025-04-02T11:16:59","date_gmt":"2025-04-02T08:16:59","guid":{"rendered":"http:\/\/jnats.eu\/?post_type=product&#038;p=2580"},"modified":"2025-09-30T12:24:17","modified_gmt":"2025-09-30T09:24:17","slug":"mikawa-nagura-asano","status":"publish","type":"product","link":"https:\/\/jnats.eu\/it\/prodotto-2\/mikawa-nagura-asano\/","title":{"rendered":"Asano Mikawa Nagura"},"content":{"rendered":"<p>Come altri nagura, Mikawa Asano viene tradizionalmente utilizzato per creare un impasto abrasivo su una pietra per affilare naturale. La differenza dagli altri \u00e8 tesoro. Asano \u00e8 un tentativo di creare un sistema di classificazione gratuito che consentir\u00e0 all&#039;utente di scegliere una progressione di affilatura da grossolana a fine. <\/p>\n\n\n\n<p>Infatti, per l&#039;affilatura \u00e8 sufficiente una passata, una qualsiasi, poich\u00e9 durante l&#039;affilatura le particelle abrasive naturali si scompongono e diventano pi\u00f9 fini. Se necessario, la sospensione pu\u00f2 essere ricreata utilizzando lo stesso Mikawa nagura.  <\/p>\n\n\n\n<p>L&#039;eccezione alla regola \u00e8 Muchi. Quest&#039;ultimo pu\u00f2 risultare in alcuni casi troppo ruvido e non \u00e8 consigliabile utilizzarlo per i rasoi. <\/p>\n\n\n\n<p>Questo tipo di pietra viene estratto dalla miniera Junmikawa Shiro nel distretto di Kitashitara nella prefettura di Aichi. La roccia rinvenuta \u00e8 composta da 10 a 12 strati, a seconda dell&#039;area scavata. Di questi livelli, ce ne sono 8 utilizzabili e 4 di essi sono i pi\u00f9 popolari. Le aree con 12 livelli utilizzabili includono due diversi livelli Tenjyo, oltre a Yae Botan e Botan, che sono molto simili. Come per tutte le pietre naturali giapponesi, ogni singolo esemplare pu\u00f2 variare. <\/p>\n\n\n\n<p>Mikawa nagura \u00e8 classificato dal pi\u00f9 grossolano al pi\u00f9 fine come segue: <strong>Mushi [\u30e0\u30b7] &gt; Ban [\u30d0\u30f3] &gt; Atsu [\u30a2\u30c4] &gt; Yae Botan [\u516b\u91cd\u30dc\u30bf\u30f3] &gt; Botan [\u30dc\u30bf\u30f3] &gt; Tenjyo [\u5929\u4e0a] &gt; Mejiro [\u76ee\u767d] &gt; Koma [\u30b3\u30de]<\/strong><\/p>\n\n\n\n<p>I nagura Asano Mikawa sono classificati in base alla loro velocit\u00e0 di funzionamento come segue:<strong> Ban &gt; Koma &gt; Yae Botan &gt; Botan &gt; Atsu &gt;Tenjo &gt; Mejiro.<\/strong><\/p>\n\n\n\n<p>La ripartizione non corrisponde sempre esattamente alla realt\u00e0, poich\u00e9 ogni pietra naturale \u00e8 unica e presenta propriet\u00e0 leggermente diverse, ma nella maggior parte dei casi \u00e8 vero. <\/p>\n\n\n\n<p>Dopo i nagur, l&#039;affilatura viene solitamente completata sulla stessa pietra pulita che costituiva la base. Alcuni terminano il processo di affilatura dei rasoi con una sospensione liquida e ottengono cos\u00ec una rasatura delicata e sicura, perch\u00e9 poi la lama diventa non aggressiva per la pelle, ma taglia i peli.<\/p>\n\n\n\n<figure class=\"wp-block-embed is-type-video is-provider-youtube wp-block-embed-youtube wp-embed-aspect-16-9 wp-has-aspect-ratio\"><div class=\"wp-block-embed__wrapper\">\n<div class=\"video-container\"><iframe title=\"Asano Mikawa Nagura\" width=\"1170\" height=\"658\" src=\"https:\/\/www.youtube.com\/embed\/uzbRmb6lzcI?feature=oembed\" frameborder=\"0\" allow=\"accelerometer; autoplay; clipboard-write; encrypted-media; gyroscope; picture-in-picture; web-share\" referrerpolicy=\"strict-origin-when-cross-origin\" allowfullscreen><\/iframe><\/div>\n<\/div><\/figure>","protected":false},"excerpt":{"rendered":"<ol>\n<li><strong>Botanico \u2013 200 g. 85\u20ac<\/strong><\/li>\n<li><strong>Botanico \u2013 130 g. 65\u20ac<\/strong><\/li>\n<li><strong>Botanico \u2013 100 g. 45\u20ac<\/strong><\/li>\n<li><strong>Botanico \u2013 110 g. 50\u20ac<\/strong><\/li>\n<li><strong>Botanico [botan] \u2013 196 g. 82\u20ac<\/strong><\/li>\n<li><strong>Mejiro [\u76ee\u767d] \u2013 225 g. 100\u20ac<\/strong><\/li>\n<li><strong>Mejiro [\u76ee\u767d] \u2013 124 g. 60\u20ac<\/strong><\/li>\n<li><strong>Tenjyo [cibo] - 120 g. \u20ac58<\/strong><\/li>\n<li><strong>Tenjyo [cibo] \u2013 115 g. 52\u20ac\u00a0<\/strong><\/li>\n<li><strong>Coma [\u30b3\u30de] \u2013 107 g. 80\u20ac<\/strong><\/li>\n<li><strong>Coma [\u30b3\u30de] \u2013 105 g. 79\u20ac <\/strong><strong>\u00a0<\/strong><\/li>\n<li><strong>Virgola [\u30b3\u30de] \u2013 166 g. 150\u20ac<\/strong><\/li>\n<\/ol>\n<p><span style=\"color: #993300;\"><strong>Se l&#039;articolo non \u00e8 presente nell&#039;elenco a discesa, significa che \u00e8 stato venduto.<\/strong><\/span><\/p>","protected":false},"featured_media":4271,"comment_status":"open","ping_status":"closed","template":"","meta":[],"product_brand":[],"product_cat":[22],"product_tag":[285,151,153],"class_list":{"0":"post-2580","1":"product","2":"type-product","3":"status-publish","4":"has-post-thumbnail","6":"product_cat-jnats","7":"product_tag-asano","8":"product_tag-mikawa","9":"product_tag-nagura","10":"product_shipping_class-light","12":"first","13":"outofstock","14":"shipping-taxable","15":"product-type-variable"},"_links":{"self":[{"href":"https:\/\/jnats.eu\/it\/wp-json\/wp\/v2\/product\/2580","targetHints":{"allow":["GET"]}}],"collection":[{"href":"https:\/\/jnats.eu\/it\/wp-json\/wp\/v2\/product"}],"about":[{"href":"https:\/\/jnats.eu\/it\/wp-json\/wp\/v2\/types\/product"}],"replies":[{"embeddable":true,"href":"https:\/\/jnats.eu\/it\/wp-json\/wp\/v2\/comments?post=2580"}],"wp:featuredmedia":[{"embeddable":true,"href":"https:\/\/jnats.eu\/it\/wp-json\/wp\/v2\/media\/4271"}],"wp:attachment":[{"href":"https:\/\/jnats.eu\/it\/wp-json\/wp\/v2\/media?parent=2580"}],"wp:term":[{"taxonomy":"product_brand","embeddable":true,"href":"https:\/\/jnats.eu\/it\/wp-json\/wp\/v2\/product_brand?post=2580"},{"taxonomy":"product_cat","embeddable":true,"href":"https:\/\/jnats.eu\/it\/wp-json\/wp\/v2\/product_cat?post=2580"},{"taxonomy":"product_tag","embeddable":true,"href":"https:\/\/jnats.eu\/it\/wp-json\/wp\/v2\/product_tag?post=2580"}],"curies":[{"name":"wp","href":"https:\/\/api.w.org\/{rel}","templated":true}]}}