{"id":2618,"date":"2024-05-08T13:30:08","date_gmt":"2024-05-08T10:30:08","guid":{"rendered":"http:\/\/jnats.eu\/?post_type=product&#038;p=2618"},"modified":"2024-08-26T19:59:17","modified_gmt":"2024-08-26T16:59:17","slug":"surgical-black-arkansas-amerikietiskas-galandinimo-akmuo","status":"publish","type":"product","link":"https:\/\/jnats.eu\/it\/prodotto-2\/surgical-black-arkansas-amerikietiskas-galandinimo-akmuo\/","title":{"rendered":"Pietra per affilare americana chirurgica Black Arkansas"},"content":{"rendered":"<p>La pietra per affilare Surgical Black Arkansas ha una grana di circa 4000-6000. Come suggerisce il nome, creer\u00e0 una lama molto affilata, come un bisturi. Abbastanza lungo e largo per tutte le attivit\u00e0 di affilatura, dai coltelli da cucina, ai vari strumenti per la lavorazione del legno fino ai rasoi. La pietra si trova in una scatola di legno separata per la conservazione e il trasporto.<\/p>\n\n\n\n<p><br>\u00c8 meglio usare olio minerale, olio per bambini, olio speciale per affilare o olio d&#039;oliva quando si lavora con tutte le pietre Arkansas. Applicare qualche goccia sulla superficie della pietra per evitare intasamenti, ridurre l&#039;attrito durante l&#039;affilatura e mantenere la pietra pulita. Si pu\u00f2 usare anche l&#039;acqua, ma il grasso d\u00e0 un risultato leggermente migliore. L&#039;uso dell&#039;acqua render\u00e0 anche la pulizia della pietra un po&#039; pi\u00f9 difficile. Soprattutto se hai gi\u00e0 usato una pietra con olio.<\/p>\n\n\n\n<p>Queste pietre naturali sono molto dure e non necessitano di essere levigate cos\u00ec spesso come la maggior parte delle pietre sintetiche. <\/p>","protected":false},"excerpt":{"rendered":"<ul>\n<li>Dimensioni circa: 103x49x13 mm<\/li>\n<li>Peso senza scatola: 357 g<\/li>\n<li>Peso con scatola: 606 g<\/li>\n<li>Durezza: Lv 5<\/li>\n<li>Adatto per la finitura di rasoi, coltelli e utensili.<\/li>\n<li>Si consiglia di lavorare con grasso, ma \u00e8 possibile anche con acqua.<\/li>\n<\/ul>","protected":false},"featured_media":2622,"comment_status":"open","ping_status":"closed","template":"","meta":[],"product_brand":[],"product_cat":[22],"product_tag":[288,286,287],"class_list":{"0":"post-2618","1":"product","2":"type-product","3":"status-publish","4":"has-post-thumbnail","6":"product_cat-jnats","7":"product_tag-arkansas","8":"product_tag-black","9":"product_tag-surgical","10":"product_shipping_class-iprastas","12":"first","13":"outofstock","14":"shipping-taxable","15":"purchasable","16":"product-type-simple"},"_links":{"self":[{"href":"https:\/\/jnats.eu\/it\/wp-json\/wp\/v2\/product\/2618","targetHints":{"allow":["GET"]}}],"collection":[{"href":"https:\/\/jnats.eu\/it\/wp-json\/wp\/v2\/product"}],"about":[{"href":"https:\/\/jnats.eu\/it\/wp-json\/wp\/v2\/types\/product"}],"replies":[{"embeddable":true,"href":"https:\/\/jnats.eu\/it\/wp-json\/wp\/v2\/comments?post=2618"}],"wp:featuredmedia":[{"embeddable":true,"href":"https:\/\/jnats.eu\/it\/wp-json\/wp\/v2\/media\/2622"}],"wp:attachment":[{"href":"https:\/\/jnats.eu\/it\/wp-json\/wp\/v2\/media?parent=2618"}],"wp:term":[{"taxonomy":"product_brand","embeddable":true,"href":"https:\/\/jnats.eu\/it\/wp-json\/wp\/v2\/product_brand?post=2618"},{"taxonomy":"product_cat","embeddable":true,"href":"https:\/\/jnats.eu\/it\/wp-json\/wp\/v2\/product_cat?post=2618"},{"taxonomy":"product_tag","embeddable":true,"href":"https:\/\/jnats.eu\/it\/wp-json\/wp\/v2\/product_tag?post=2618"}],"curies":[{"name":"wp","href":"https:\/\/api.w.org\/{rel}","templated":true}]}}