{"id":2623,"date":"2024-05-08T13:41:39","date_gmt":"2024-05-08T10:41:39","guid":{"rendered":"http:\/\/jnats.eu\/?post_type=product&#038;p=2623"},"modified":"2024-11-19T14:20:29","modified_gmt":"2024-11-19T12:20:29","slug":"translucent-hard-arkansas-ir-whale-oil-stone-mini-akmenu-komplektas","status":"publish","type":"product","link":"https:\/\/jnats.eu\/it\/prodotto-2\/translucent-hard-arkansas-ir-whale-oil-stone-mini-akmenu-komplektas\/","title":{"rendered":"Set di mini pietre traslucide dure Arkansas e olio di balena"},"content":{"rendered":"<p>La pietra per affilare Hard Arkansas ha una grana di circa 10.000. Ti permetter\u00e0 di ottenere una lama molto affilata. <\/p>\n\n\n\n<p>\u00c8 meglio usare olio minerale, olio per bambini, olio speciale per affilare o olio d&#039;oliva quando si lavora con tutte le pietre Arkansas. Applicare qualche goccia sulla superficie della pietra per evitare intasamenti, ridurre l&#039;attrito durante l&#039;affilatura e mantenere la pietra pulita. Si pu\u00f2 usare anche l&#039;acqua, ma il grasso d\u00e0 un risultato leggermente migliore. L&#039;uso dell&#039;acqua render\u00e0 anche la pulizia della pietra un po&#039; pi\u00f9 difficile. Soprattutto se hai gi\u00e0 usato una pietra con olio.<\/p>\n\n\n\n<p>Queste pietre naturali sono molto dure e non necessitano di essere levigate cos\u00ec spesso come la maggior parte delle pietre sintetiche.<\/p>\n\n\n\n<p>Pietra a olio di balena di circa 3000 grana. Lavora con grasso.<\/p>","protected":false},"excerpt":{"rendered":"<p><strong>Arkansas duro traslucido<\/strong><\/p>\n<ul>\n<li>Dimensioni: 99x25x12mm<\/li>\n<li>Peso: 83 g<\/li>\n<li>Durezza: Lv 5<\/li>\n<li>Adatto per la finitura di rasoi, coltelli e utensili.<\/li>\n<li>Si consiglia di lavorare con grasso, ma \u00e8 possibile anche con acqua.<\/li>\n<\/ul>\n<p><strong>Pietra di olio di balena<\/strong><\/p>\n<ul>\n<li>Dimensioni: 103x21x13 mm<\/li>\n<li>Peso: 79 g<\/li>\n<li>Grana: #3000<\/li>\n<li>Adatto per affilare rasoi, coltelli e utensili.<\/li>\n<li>Si consiglia di lavorare con grasso.<\/li>\n<\/ul>\n<p>&nbsp;<\/p>","protected":false},"featured_media":2624,"comment_status":"open","ping_status":"closed","template":"","meta":[],"product_brand":[],"product_cat":[22],"product_tag":[288,289],"class_list":{"0":"post-2623","1":"product","2":"type-product","3":"status-publish","4":"has-post-thumbnail","6":"product_cat-jnats","7":"product_tag-arkansas","8":"product_tag-translucent-hard-arkansas","9":"product_shipping_class-iprastas","11":"first","12":"outofstock","13":"shipping-taxable","14":"purchasable","15":"product-type-simple"},"_links":{"self":[{"href":"https:\/\/jnats.eu\/it\/wp-json\/wp\/v2\/product\/2623","targetHints":{"allow":["GET"]}}],"collection":[{"href":"https:\/\/jnats.eu\/it\/wp-json\/wp\/v2\/product"}],"about":[{"href":"https:\/\/jnats.eu\/it\/wp-json\/wp\/v2\/types\/product"}],"replies":[{"embeddable":true,"href":"https:\/\/jnats.eu\/it\/wp-json\/wp\/v2\/comments?post=2623"}],"wp:featuredmedia":[{"embeddable":true,"href":"https:\/\/jnats.eu\/it\/wp-json\/wp\/v2\/media\/2624"}],"wp:attachment":[{"href":"https:\/\/jnats.eu\/it\/wp-json\/wp\/v2\/media?parent=2623"}],"wp:term":[{"taxonomy":"product_brand","embeddable":true,"href":"https:\/\/jnats.eu\/it\/wp-json\/wp\/v2\/product_brand?post=2623"},{"taxonomy":"product_cat","embeddable":true,"href":"https:\/\/jnats.eu\/it\/wp-json\/wp\/v2\/product_cat?post=2623"},{"taxonomy":"product_tag","embeddable":true,"href":"https:\/\/jnats.eu\/it\/wp-json\/wp\/v2\/product_tag?post=2623"}],"curies":[{"name":"wp","href":"https:\/\/api.w.org\/{rel}","templated":true}]}}