{"id":265,"date":"2024-02-27T11:59:19","date_gmt":"2024-02-27T09:59:19","guid":{"rendered":"http:\/\/jnats.eu\/?post_type=product&#038;p=265"},"modified":"2025-09-03T00:47:47","modified_gmt":"2025-09-02T21:47:47","slug":"vestito-momiji-tomono","status":"publish","type":"product","link":"https:\/\/jnats.eu\/it\/prodotto-2\/vestito-momiji-tomono\/","title":{"rendered":"Pietra naturale giapponese per affilatura Suita Momiji Tomono"},"content":{"rendered":"<p>Presentazione di Suita Momiji Tomono, una pietra per affilare giapponese che esalta il meglio dei coltelli.<\/p>\n\n\n\n<p>Migliora la tua esperienza di affilatura con la pietra per affilatura giapponese Suita Momiji Tomono, uno strumento esclusivo progettato per affilare le lame alla perfezione con una precisione senza precedenti. Selezionata con cura e lavorata con perizia, la pietra Suita \u00e8 rispettata da appassionati e professionisti per le sue eccezionali qualit\u00e0, in particolare per la sua velocit\u00e0 di lavoro.<\/p>\n\n\n\n<p><strong>Caratteristiche principali:<\/strong><\/p>\n\n\n\n<p>Levigatezza abrasiva e versatilit\u00e0: la pietra Suita vanta un livello di grana costante. Che tu voglia ripristinare l&#039;opacit\u00e0 della lama di un coltello o migliorare l&#039;affilatura di altri strumenti, questa pietra si adatta facilmente alle tue esigenze di affilatura.<\/p>\n\n\n\n<p>Composizione naturale: Proveniente dal ricco paesaggio geologico del Giappone, la pietra Suita \u00e8 una meraviglia naturale con una composizione unica che la distingue. La sua struttura ricca di minerali contribuisce alla capacit\u00e0 della pietra di creare bordi affilati e una finitura a specchio sui coltelli.<\/p>\n\n\n\n<p>Applicazione universale: la pietra Suita \u00e8 perfetta per affilare coltelli da cucina, utensili per la lavorazione del legno, rasoi, ecc. La sua versatilit\u00e0 lo rende un compagno indispensabile per i professionisti e gli amatori della cucina che ricercano la massima precisione nel loro lavoro.<\/p>\n\n\n\n<p>Artigianato professionale: ogni pietra Suite \u00e8 meticolosamente lavorata per garantire uniformit\u00e0 e consistenza. La durabilit\u00e0 e la longevit\u00e0 della pietra la rendono un saggio investimento per coloro che apprezzano l&#039;eccellenza nella cura dei coltelli.<\/p>\n\n\n\n<p>Facilit\u00e0 d&#039;uso: La pietra Suita \u00e8 comoda, anche per chi \u00e8 nuovo all&#039;autoaffilatura. La sua composizione facilita l&#039;affilatura efficace del metallo, previene l&#039;intasamento e garantisce un&#039;affilatura regolare.<\/p>\n\n\n\n<p>Istruzioni per la cura e l&#039;uso:<\/p>\n\n\n\n<p>Per massimizzare la durata e l&#039;efficacia della pietra Suita, si consiglia di lavorare con acqua tiepida. <\/p>\n\n\n\n<p>Migliora i tuoi rituali di affilatura con la pietra per affilare giapponese Suita, dove la tradizione incontra la precisione. Investi nell&#039;artigianato e goditi l&#039;affilatura e la durata dei coltelli come mai prima d&#039;ora.<\/p>\n\n\n\n<figure class=\"wp-block-embed is-type-video is-provider-youtube wp-block-embed-youtube wp-embed-aspect-16-9 wp-has-aspect-ratio\"><div class=\"wp-block-embed__wrapper\">\n<div class=\"video-container\"><iframe title=\"Pietre naturali giapponesi per affilare: pietre Aiwatani, Wakasa, Suita Momiji Tomono\" width=\"1170\" height=\"658\" src=\"https:\/\/www.youtube.com\/embed\/l3u342Q8jTo?start=501&#038;feature=oembed\" frameborder=\"0\" allow=\"accelerometer; autoplay; clipboard-write; encrypted-media; gyroscope; picture-in-picture; web-share\" referrerpolicy=\"strict-origin-when-cross-origin\" allowfullscreen><\/iframe><\/div>\n<\/div><\/figure>\n\n\n\n<p>I principali vantaggi delle pietre giapponesi naturali per affilare:<\/p>\n\n\n\n<ul class=\"wp-block-list\">\n<li>Gli utensili rimangono affilati pi\u00f9 a lungo<\/li>\n\n\n\n<li>Le pietre non si contaminano con i rifiuti metallici<\/li>\n\n\n\n<li>Facile da rimuovere la valvola a saracinesca<\/li>\n\n\n\n<li>Una risposta sorprendente che consente di percepire esattamente ci\u00f2 che accade sulla superficie metallica.<\/li>\n<\/ul>","protected":false},"excerpt":{"rendered":"<ul>\n<li><strong>Durezza: Lv 4,5<\/strong><\/li>\n<li><strong>Dimensioni: 207x78x47mm<\/strong><\/li>\n<li><strong>Peso: 1850 grammi<\/strong><\/li>\n<li><strong>Le linee visibili sono completamente sicure e non interferiscono con l&#039;affilatura.<\/strong><\/li>\n<li>Una pietra estremamente veloce, pulita e con una struttura uniforme che durer\u00e0 pi\u00f9 volte. Adatto per rifinire l&#039;affilatura di coltelli, falegnameria e altri utensili. Per i rasoi: prefinitura. Come la maggior parte delle pietre naturali giapponesi, questa Suita garantisce una lunga durata della lama e una buona affilatura.<\/li>\n<\/ul>","protected":false},"featured_media":1172,"comment_status":"open","ping_status":"closed","template":"","meta":[],"product_brand":[],"product_cat":[22],"product_tag":[62,50,63],"class_list":{"0":"post-265","1":"product","2":"type-product","3":"status-publish","4":"has-post-thumbnail","6":"product_cat-jnats","7":"product_tag-momiji","8":"product_tag-suita","9":"product_tag-tomono","10":"product_shipping_class-iprastas","12":"first","13":"outofstock","14":"sale","15":"shipping-taxable","16":"purchasable","17":"product-type-simple"},"_links":{"self":[{"href":"https:\/\/jnats.eu\/it\/wp-json\/wp\/v2\/product\/265","targetHints":{"allow":["GET"]}}],"collection":[{"href":"https:\/\/jnats.eu\/it\/wp-json\/wp\/v2\/product"}],"about":[{"href":"https:\/\/jnats.eu\/it\/wp-json\/wp\/v2\/types\/product"}],"replies":[{"embeddable":true,"href":"https:\/\/jnats.eu\/it\/wp-json\/wp\/v2\/comments?post=265"}],"wp:featuredmedia":[{"embeddable":true,"href":"https:\/\/jnats.eu\/it\/wp-json\/wp\/v2\/media\/1172"}],"wp:attachment":[{"href":"https:\/\/jnats.eu\/it\/wp-json\/wp\/v2\/media?parent=265"}],"wp:term":[{"taxonomy":"product_brand","embeddable":true,"href":"https:\/\/jnats.eu\/it\/wp-json\/wp\/v2\/product_brand?post=265"},{"taxonomy":"product_cat","embeddable":true,"href":"https:\/\/jnats.eu\/it\/wp-json\/wp\/v2\/product_cat?post=265"},{"taxonomy":"product_tag","embeddable":true,"href":"https:\/\/jnats.eu\/it\/wp-json\/wp\/v2\/product_tag?post=265"}],"curies":[{"name":"wp","href":"https:\/\/api.w.org\/{rel}","templated":true}]}}