{"id":2659,"date":"2024-05-13T08:28:21","date_gmt":"2024-05-13T05:28:21","guid":{"rendered":"http:\/\/jnats.eu\/?post_type=product&#038;p=2659"},"modified":"2026-04-01T11:53:42","modified_gmt":"2026-04-01T08:53:42","slug":"naniwa-220-pa-bgs-022p-pink-alumina-traditional-whetstone","status":"publish","type":"product","link":"https:\/\/jnats.eu\/it\/prodotto-2\/naniwa-220-pa-bgs-022p-pink-alumina-traditional-whetstone\/","title":{"rendered":"Pietra per affilare tradizionale in allumina rosa Naniwa #220 PA BGS-022p"},"content":{"rendered":"<p>La pietra ad acqua tradizionale Naniwa 220 Grit Pink Alumina \u00e8 simile alla serie Naniwa Traditional, ma \u00e8 stata progettata per consumarsi pi\u00f9 lentamente e lavorare pi\u00f9 velocemente.<\/p>\n\n\n\n<figure class=\"wp-block-embed is-type-video is-provider-youtube wp-block-embed-youtube wp-embed-aspect-16-9 wp-has-aspect-ratio\"><div class=\"wp-block-embed__wrapper\">\n<div class=\"video-container\"><iframe title=\"Naniwa Test all&#039;ossido di alluminio rosa con Shirogami Honyaki\" width=\"1170\" height=\"658\" src=\"https:\/\/www.youtube.com\/embed\/DuBMwsrQGaY?feature=oembed\" frameborder=\"0\" allow=\"accelerometer; autoplay; clipboard-write; encrypted-media; gyroscope; picture-in-picture; web-share\" referrerpolicy=\"strict-origin-when-cross-origin\" allowfullscreen><\/iframe><\/div>\n<\/div><\/figure>\n\n\n\n<p>Le pietre per acqua tradizionali Naniwa offrono un eccellente equilibrio tra prezzo e prestazioni. Si ottiene la qualit\u00e0 e l'attenzione che Naniwa dedica a tutte le sue pietre, senza dover pagare i prezzi pi\u00f9 alti delle linee di pietre pi\u00f9 costose. A differenza delle pietre Super, hanno un legante tradizionale che assorbe l'acqua. Si consiglia di immergerle in acqua prima dell'uso.<\/p>\n\n\n\n<p>La scatola \u00e8 dotata di una cornice nella parte superiore che consente di posizionare una pietra per il lavoro. La scatola \u00e8 dotata di piedini in gomma e di fori di ventilazione, in modo che la pietra possa essere collocata all'interno e richiusa subito dopo il lavoro.<\/p>\n\n\n\n<p>Realizzata in ossido di alluminio rosa, pi\u00f9 duro e durevole del solito ossido di alluminio bianco o del carburo di silicio utilizzato in altre pietre abrasive. L'allumina rosa contiene additivi di ossido di cromo che le conferiscono un colore rosa e ne aumentano la durezza e la resistenza all'abrasione.<\/p>\n\n\n\n<p><strong>Vantaggi<\/strong>:<\/p>\n\n\n\n<ul class=\"wp-block-list\">\n<li><strong>Durata<\/strong>R: L'ossido di alluminio rosa si consuma pi\u00f9 lentamente del carburo di silicio, quindi la pietra mantiene la sua forma pi\u00f9 a lungo.<\/li>\n\n\n\n<li><strong>Efficienza<\/strong>Fornisce una buona velocit\u00e0 di rettifica, ma \u00e8 meno aggressiva delle pietre in carburo di silicio, quindi non danneggia la superficie metallica in modo cos\u00ec profondo.<\/li>\n\n\n\n<li>Prodotto in Giappone, a garanzia dell'alta qualit\u00e0 e delle tecniche di produzione tradizionali.<\/li>\n<\/ul>","protected":false},"excerpt":{"rendered":"<ul>\n<li>L'ossido di alluminio rosa si consuma pi\u00f9 lentamente del carburo di silicio, quindi la pietra mantiene la sua forma pi\u00f9 a lungo. Fornisce una buona velocit\u00e0 di rettifica, ma \u00e8 meno aggressiva delle pietre in carburo di silicio e quindi non danneggia la superficie del metallo in modo cos\u00ec profondo.<!-- \/wp:list --><\/li>\n<li>Granulometria: #220<\/li>\n<li>Utilizzato per la fase iniziale di affilatura<\/li>\n<li>Da immergere in acqua prima del lavoro<\/li>\n<li>Dimensioni: 210 x 70 x 20 mm<\/li>\n<\/ul>","protected":false},"featured_media":2660,"comment_status":"open","ping_status":"closed","template":"","meta":[],"product_brand":[],"product_cat":[290],"product_tag":[197],"class_list":{"0":"post-2659","1":"product","2":"type-product","3":"status-publish","4":"has-post-thumbnail","6":"product_cat-whetstones","7":"product_tag-naniwa","8":"product_shipping_class-iprastas","10":"first","11":"instock","12":"shipping-taxable","13":"purchasable","14":"product-type-simple"},"_links":{"self":[{"href":"https:\/\/jnats.eu\/it\/wp-json\/wp\/v2\/product\/2659","targetHints":{"allow":["GET"]}}],"collection":[{"href":"https:\/\/jnats.eu\/it\/wp-json\/wp\/v2\/product"}],"about":[{"href":"https:\/\/jnats.eu\/it\/wp-json\/wp\/v2\/types\/product"}],"replies":[{"embeddable":true,"href":"https:\/\/jnats.eu\/it\/wp-json\/wp\/v2\/comments?post=2659"}],"wp:featuredmedia":[{"embeddable":true,"href":"https:\/\/jnats.eu\/it\/wp-json\/wp\/v2\/media\/2660"}],"wp:attachment":[{"href":"https:\/\/jnats.eu\/it\/wp-json\/wp\/v2\/media?parent=2659"}],"wp:term":[{"taxonomy":"product_brand","embeddable":true,"href":"https:\/\/jnats.eu\/it\/wp-json\/wp\/v2\/product_brand?post=2659"},{"taxonomy":"product_cat","embeddable":true,"href":"https:\/\/jnats.eu\/it\/wp-json\/wp\/v2\/product_cat?post=2659"},{"taxonomy":"product_tag","embeddable":true,"href":"https:\/\/jnats.eu\/it\/wp-json\/wp\/v2\/product_tag?post=2659"}],"curies":[{"name":"wp","href":"https:\/\/api.w.org\/{rel}","templated":true}]}}