{"id":2749,"date":"2024-05-30T11:29:14","date_gmt":"2024-05-30T08:29:14","guid":{"rendered":"http:\/\/jnats.eu\/?post_type=product&#038;p=2749"},"modified":"2024-08-09T23:30:23","modified_gmt":"2024-08-09T20:30:23","slug":"ohira-suita-suminagashi","status":"publish","type":"product","link":"https:\/\/jnats.eu\/it\/prodotto-2\/ohira-suita-suminagashi\/","title":{"rendered":"Ohira Suita Suminagashi"},"content":{"rendered":"<p>Fine e dura, Ohira Suita Suminagashi \u00e8 facile da usare e ideale per lucidare e affilare i coltelli da cucina. Se si preme con forza, la pietra rilascer\u00e0 la sospensione e affiler\u00e0 il coltello, se si applica una pressione pi\u00f9 leggera, si lucider\u00e0. La risposta \u00e8 fluida e abbastanza informativa da dare all&#039;utente una buona idea del processo di affilatura. Questa pietra sarebbe un eccellente e prezioso cavallo di battaglia per l&#039;affilatura e la lucidatura. Le linee sono sicure. <\/p>\n\n\n\n<p><strong>Ohira (\u5927\u5e73, Oohira, Ohirayama)<\/strong> Miniera occidentale, famosa per la qualit\u00e0 di Uchigumori e Suita. Anche se la miniera viene ancora sfruttata occasionalmente, gli uchigumori e gli ohira suite esportabili sono sempre pi\u00f9 difficili da trovare. A causa della qualit\u00e0 superiore di Ohira suita e uchigumori, non \u00e8 raro che pietre provenienti da altre miniere vengano stampate e vendute come Ohira.<\/p>\n\n\n\n<figure class=\"wp-block-embed is-type-video is-provider-youtube wp-block-embed-youtube wp-embed-aspect-16-9 wp-has-aspect-ratio\"><div class=\"wp-block-embed__wrapper\">\n<div class=\"video-container\"><iframe title=\"Ohira Suita Suminagashi, Nakayama Ikimurasaki, Ozuku Asagi Razor Finisher\" width=\"1170\" height=\"658\" src=\"https:\/\/www.youtube.com\/embed\/cywJ94xv11o?feature=oembed\" frameborder=\"0\" allow=\"accelerometer; autoplay; clipboard-write; encrypted-media; gyroscope; picture-in-picture; web-share\" referrerpolicy=\"strict-origin-when-cross-origin\" allowfullscreen><\/iframe><\/div>\n<\/div><\/figure>","protected":false},"excerpt":{"rendered":"<p><!-- wp:list --><\/p>\n<ul><!-- wp:list-item --><\/p>\n<li>Adatto per la rifinitura di rasoi, coltelli, forbici, falegnameria e altri utensili.<\/li>\n<p><!-- \/wp:list-item --><\/p>\n<p><!-- wp:list-item --><\/p>\n<li>Dimensioni: 205x74x55mm<\/li>\n<p><!-- \/wp:list-item --><\/p>\n<p><!-- wp:list-item --><\/p>\n<li>Peso: 2130 grammi<\/li>\n<p><!-- \/wp:list-item --><\/p>\n<p><!-- wp:list-item --><\/p>\n<li>Durezza: Lv 4,7<\/li>\n<p><!-- \/wp:list-item --><\/p>\n<p><!-- wp:list-item --><\/p>\n<li>Linee sicure<\/li>\n<p><!-- \/wp:list-item --><\/p>\n<p><!-- wp:list-item --><\/p>\n<li>Entrambi i lati sono livellati e pronti per il lavoro. Ci sono alcuni buchi sui bordi.<\/li>\n<p><!-- \/wp:list-item --><\/ul>\n<p><!-- \/wp:list --><\/p>","protected":false},"featured_media":2751,"comment_status":"open","ping_status":"closed","template":"","meta":[],"product_brand":[],"product_cat":[22],"product_tag":[47,50,295],"class_list":{"0":"post-2749","1":"product","2":"type-product","3":"status-publish","4":"has-post-thumbnail","6":"product_cat-jnats","7":"product_tag-ohira","8":"product_tag-suita","9":"product_tag-suminagashi","10":"product_shipping_class-iprastas","12":"first","13":"instock","14":"shipping-taxable","15":"purchasable","16":"product-type-simple"},"_links":{"self":[{"href":"https:\/\/jnats.eu\/it\/wp-json\/wp\/v2\/product\/2749","targetHints":{"allow":["GET"]}}],"collection":[{"href":"https:\/\/jnats.eu\/it\/wp-json\/wp\/v2\/product"}],"about":[{"href":"https:\/\/jnats.eu\/it\/wp-json\/wp\/v2\/types\/product"}],"replies":[{"embeddable":true,"href":"https:\/\/jnats.eu\/it\/wp-json\/wp\/v2\/comments?post=2749"}],"wp:featuredmedia":[{"embeddable":true,"href":"https:\/\/jnats.eu\/it\/wp-json\/wp\/v2\/media\/2751"}],"wp:attachment":[{"href":"https:\/\/jnats.eu\/it\/wp-json\/wp\/v2\/media?parent=2749"}],"wp:term":[{"taxonomy":"product_brand","embeddable":true,"href":"https:\/\/jnats.eu\/it\/wp-json\/wp\/v2\/product_brand?post=2749"},{"taxonomy":"product_cat","embeddable":true,"href":"https:\/\/jnats.eu\/it\/wp-json\/wp\/v2\/product_cat?post=2749"},{"taxonomy":"product_tag","embeddable":true,"href":"https:\/\/jnats.eu\/it\/wp-json\/wp\/v2\/product_tag?post=2749"}],"curies":[{"name":"wp","href":"https:\/\/api.w.org\/{rel}","templated":true}]}}