{"id":2776,"date":"2025-08-21T08:23:35","date_gmt":"2025-08-21T05:23:35","guid":{"rendered":"http:\/\/jnats.eu\/?post_type=product&#038;p=2776"},"modified":"2025-09-30T11:22:08","modified_gmt":"2025-09-30T08:22:08","slug":"iwasaki-kamisori-swedish-steel","status":"publish","type":"product","link":"https:\/\/jnats.eu\/it\/prodotto-2\/iwasaki-kamisori-swedish-steel\/","title":{"rendered":"Iwasaki kamisori Acciaio svedese (NOS)"},"content":{"rendered":"<figure class=\"wp-block-embed is-type-video is-provider-youtube wp-block-embed-youtube wp-embed-aspect-9-16 wp-has-aspect-ratio\"><div class=\"wp-block-embed__wrapper\">\n<div class=\"video-container\"><iframe title=\"Iwasaki kamisori Acciaio svedese (NOS)\" width=\"563\" height=\"1000\" src=\"https:\/\/www.youtube.com\/embed\/DL6KQ6jBGuI?feature=oembed\" frameborder=\"0\" allow=\"accelerometer; autoplay; clipboard-write; encrypted-media; gyroscope; picture-in-picture; web-share\" referrerpolicy=\"strict-origin-when-cross-origin\" allowfullscreen><\/iframe><\/div>\n<\/div><\/figure>\n\n\n\n<p>L'Iwasaki \u00e8 uno dei rasoi pi\u00f9 apprezzati dai collezionisti e dagli appassionati di rasatura tradizionale per la qualit\u00e0 della tempra dell'acciaio e della lavorazione. Il rasoio \u00e8 stato realizzato nel periodo Showa, intorno agli anni Cinquanta. Ha una lunghezza di 15 cm, un tagliente di 4,6 cm e un peso di 36 grammi. \u00c8 un kamisori di medie dimensioni e leggero.<\/p>\n\n\n\n<p>Simile ad una tradizionale spada da samurai, questa Kamisori \u00e8 stata forgiata a mano da 2 strati, la parte tagliente \u00e8 in acciaio ad alto tenore di carbonio e il supporto \u00e8 in acciaio inossidabile pi\u00f9 semplice. Lo strato intermedio \u00e8 duro per una nitidezza duratura e una rasatura piacevole, mentre lo strato di supporto fornisce la flessibilit\u00e0 necessaria.<\/p>\n\n\n\n<p>Entrambi gli strati sono efficaci nel resistere alla corrosione, ma nessun acciaio \u00e8 completamente antiruggine, quindi mantieni sempre il rasoio asciutto e proteggilo con un sottile strato di olio dopo la rasatura. <\/p>","protected":false},"excerpt":{"rendered":"<ul>\n<li>Materiale lama: acciaio svedese forgiato temprato abbastanza duro - 63 HRC. Pertanto, mantiene la sua nitidezza per lungo tempo.<\/li>\n<li>Dimensioni circa della lama (tutti i kamisori sono leggermente diversi perch\u00e9 fatti a mano): 46x20x4,5 mm<\/li>\n<li>Materiale manico: acciaio forgiato<\/li>\n<li>Lunghezza totale: 151 mm<\/li>\n<li>Peso 36 g<\/li>\n<li>Origine: Giappone<\/li>\n<\/ul>","protected":false},"featured_media":5125,"comment_status":"open","ping_status":"closed","template":"","meta":[],"product_brand":[],"product_cat":[23],"product_tag":[130,25,298],"class_list":{"0":"post-2776","1":"product","2":"type-product","3":"status-publish","4":"has-post-thumbnail","6":"product_cat-razors","7":"product_tag-iwasaki","8":"product_tag-kamisori","9":"product_tag-swedish-steel","10":"product_shipping_class-light","12":"first","13":"outofstock","14":"shipping-taxable","15":"product-type-variable"},"_links":{"self":[{"href":"https:\/\/jnats.eu\/it\/wp-json\/wp\/v2\/product\/2776","targetHints":{"allow":["GET"]}}],"collection":[{"href":"https:\/\/jnats.eu\/it\/wp-json\/wp\/v2\/product"}],"about":[{"href":"https:\/\/jnats.eu\/it\/wp-json\/wp\/v2\/types\/product"}],"replies":[{"embeddable":true,"href":"https:\/\/jnats.eu\/it\/wp-json\/wp\/v2\/comments?post=2776"}],"wp:featuredmedia":[{"embeddable":true,"href":"https:\/\/jnats.eu\/it\/wp-json\/wp\/v2\/media\/5125"}],"wp:attachment":[{"href":"https:\/\/jnats.eu\/it\/wp-json\/wp\/v2\/media?parent=2776"}],"wp:term":[{"taxonomy":"product_brand","embeddable":true,"href":"https:\/\/jnats.eu\/it\/wp-json\/wp\/v2\/product_brand?post=2776"},{"taxonomy":"product_cat","embeddable":true,"href":"https:\/\/jnats.eu\/it\/wp-json\/wp\/v2\/product_cat?post=2776"},{"taxonomy":"product_tag","embeddable":true,"href":"https:\/\/jnats.eu\/it\/wp-json\/wp\/v2\/product_tag?post=2776"}],"curies":[{"name":"wp","href":"https:\/\/api.w.org\/{rel}","templated":true}]}}