{"id":283,"date":"2024-02-29T10:57:24","date_gmt":"2024-02-29T08:57:24","guid":{"rendered":"http:\/\/jnats.eu\/?post_type=product&#038;p=283"},"modified":"2025-03-04T09:10:26","modified_gmt":"2025-03-04T07:10:26","slug":"shobudani-asagi","status":"publish","type":"product","link":"https:\/\/jnats.eu\/it\/prodotto-2\/shobudani-asagi\/","title":{"rendered":"Pietra naturale giapponese Shobudani Asagi per affilatura"},"content":{"rendered":"<ul class=\"wp-block-list\">\n<li><strong>Durezza: Lv 4<\/strong><\/li>\n\n\n\n<li><strong>Dimensioni: 206x76x33 mm<\/strong><\/li>\n\n\n\n<li><strong>Peso: 1320 g<\/strong><\/li>\n\n\n\n<li><em>Contro: Nella parte operativa \u00e8 presente una piccola scanalatura a circa 3 cm dal bordo.<\/em><\/li>\n\n\n\n<li>Ideale per rifinire i rasoi per una rasatura super delicata. Naturalmente, \u00e8 adatta anche per affilare coltelli, attrezzi da falegnameria e altri utensili. Come la maggior parte delle pietre naturali giapponesi, questa garantisce una maggiore durata della lama (rispetto a quelle sintetiche) e una buona affilatura. Inoltre, impedisce la formazione di bave durante l'affilatura, rendendo il processo pi\u00f9 semplice e veloce. Si consiglia di lavorare con acqua calda, perch\u00e9 solo cos\u00ec si possono sfruttare al meglio le propriet\u00e0 abrasive.<\/li>\n<\/ul>\n\n\n\n<figure class=\"wp-block-embed is-type-video is-provider-youtube wp-block-embed-youtube wp-embed-aspect-16-9 wp-has-aspect-ratio\"><div class=\"wp-block-embed__wrapper\">\n<div class=\"video-container\"><iframe title=\"Jnats: Umegahata Tomae, Ozuku, Shobudani Asagi whetstones\" width=\"1170\" height=\"658\" src=\"https:\/\/www.youtube.com\/embed\/mTqJM3yPskA?start=310&#038;feature=oembed\" frameborder=\"0\" allow=\"accelerometer; autoplay; clipboard-write; encrypted-media; gyroscope; picture-in-picture; web-share\" referrerpolicy=\"strict-origin-when-cross-origin\" allowfullscreen><\/iframe><\/div>\n<\/div><\/figure>\n\n\n\n<p>I principali vantaggi delle pietre giapponesi naturali per affilare:<\/p>\n\n\n\n<ul class=\"wp-block-list\">\n<li>Gli utensili rimangono affilati pi\u00f9 a lungo<\/li>\n\n\n\n<li>Le pietre non si contaminano con i rifiuti metallici<\/li>\n\n\n\n<li>Facile da rimuovere la valvola a saracinesca<\/li>\n\n\n\n<li>Una risposta sorprendente che consente di percepire esattamente ci\u00f2 che accade sulla superficie metallica.<\/li>\n<\/ul>","protected":false},"excerpt":{"rendered":"<ul>\n<li><strong>Durezza: Lv 4<\/strong><\/li>\n<li><strong>Dimensioni: 206x76x33 mm<\/strong><\/li>\n<li><strong>Peso: 1320 g<\/strong><\/li>\n<li><em>Contro: Nella parte operativa \u00e8 presente una piccola scanalatura a circa 3 cm dal bordo.<\/em><\/li>\n<li>Ideale per rifinire i rasoi per una rasatura super delicata. Naturalmente, \u00e8 adatta anche per affilare coltelli, attrezzi da falegnameria e altri utensili. Come la maggior parte delle pietre naturali giapponesi, questa garantisce una maggiore durata della lama (rispetto a quelle sintetiche) e una buona affilatura. Inoltre, impedisce la formazione di bave durante l'affilatura, rendendo il processo pi\u00f9 semplice e veloce. Si consiglia di lavorare con acqua calda, perch\u00e9 solo cos\u00ec si possono sfruttare al meglio le propriet\u00e0 abrasive.<\/li>\n<\/ul>","protected":false},"featured_media":1251,"comment_status":"open","ping_status":"closed","template":"","meta":[],"product_brand":[],"product_cat":[22],"product_tag":[45,44],"class_list":{"0":"post-283","1":"product","2":"type-product","3":"status-publish","4":"has-post-thumbnail","6":"product_cat-jnats","7":"product_tag-asagi","8":"product_tag-shobudani","9":"product_shipping_class-iprastas","11":"first","12":"outofstock","13":"sale","14":"shipping-taxable","15":"purchasable","16":"product-type-simple"},"_links":{"self":[{"href":"https:\/\/jnats.eu\/it\/wp-json\/wp\/v2\/product\/283","targetHints":{"allow":["GET"]}}],"collection":[{"href":"https:\/\/jnats.eu\/it\/wp-json\/wp\/v2\/product"}],"about":[{"href":"https:\/\/jnats.eu\/it\/wp-json\/wp\/v2\/types\/product"}],"replies":[{"embeddable":true,"href":"https:\/\/jnats.eu\/it\/wp-json\/wp\/v2\/comments?post=283"}],"wp:featuredmedia":[{"embeddable":true,"href":"https:\/\/jnats.eu\/it\/wp-json\/wp\/v2\/media\/1251"}],"wp:attachment":[{"href":"https:\/\/jnats.eu\/it\/wp-json\/wp\/v2\/media?parent=283"}],"wp:term":[{"taxonomy":"product_brand","embeddable":true,"href":"https:\/\/jnats.eu\/it\/wp-json\/wp\/v2\/product_brand?post=283"},{"taxonomy":"product_cat","embeddable":true,"href":"https:\/\/jnats.eu\/it\/wp-json\/wp\/v2\/product_cat?post=283"},{"taxonomy":"product_tag","embeddable":true,"href":"https:\/\/jnats.eu\/it\/wp-json\/wp\/v2\/product_tag?post=283"}],"curies":[{"name":"wp","href":"https:\/\/api.w.org\/{rel}","templated":true}]}}