{"id":295,"date":"2024-02-29T11:11:28","date_gmt":"2024-02-29T09:11:28","guid":{"rendered":"http:\/\/jnats.eu\/?post_type=product&#038;p=295"},"modified":"2024-10-20T14:59:50","modified_gmt":"2024-10-20T11:59:50","slug":"umeghata-tomae","status":"publish","type":"product","link":"https:\/\/jnats.eu\/it\/prodotto-2\/umeghata-tomae\/","title":{"rendered":"Umegahata Tomae Pietra naturale giapponese per affilare"},"content":{"rendered":"<ul class=\"wp-block-list\">\n<li><strong>Durezza: Lv 4,5<\/strong><\/li>\n\n\n\n<li><strong>Dimensioni (circa): 232x100x35 mm<\/strong><\/li>\n\n\n\n<li><strong>Peso: 1900 grammi<\/strong><\/li>\n\n\n\n<li>Una pietra veloce, perfetta per rifinire l&#039;affilatura di coltelli, falegnameria e altri utensili. Prefinitura per rasoi.<\/li>\n\n\n\n<li>Le pietre naturali giapponesi garantiscono una maggiore durata della lama (rispetto alle sintetiche e soprattutto al &quot;diamante&quot; e all&#039;elbor) e una buona affilatura. Inoltre, impedisce la formazione di una barriera durante l&#039;affilatura, rendendo il processo pi\u00f9 semplice e veloce. Si consiglia di lavorare con acqua tiepida, perch\u00e9 solo allora si rivelano tutte le migliori propriet\u00e0 abrasive: velocit\u00e0 di lavoro, risposta e uniformit\u00e0.<\/li>\n<\/ul>\n\n\n\n<figure class=\"wp-block-embed is-type-video is-provider-youtube wp-block-embed-youtube wp-embed-aspect-16-9 wp-has-aspect-ratio\"><div class=\"wp-block-embed__wrapper\">\n<div class=\"video-container\"><iframe title=\"Jnat: Umegahata Tomae, Ozuku, Shobudani Asagi\" width=\"1170\" height=\"658\" src=\"https:\/\/www.youtube.com\/embed\/mTqJM3yPskA?feature=oembed\" frameborder=\"0\" allow=\"accelerometer; autoplay; clipboard-write; encrypted-media; gyroscope; picture-in-picture; web-share\" allowfullscreen><\/iframe><\/div>\n<\/div><\/figure>","protected":false},"excerpt":{"rendered":"<ul>\n<li><strong>Durezza: Lv 4,5<\/strong><\/li>\n<li><strong>Dimensioni (circa): 232x100x35 mm<\/strong><\/li>\n<li><strong>Peso: 1900 grammi<\/strong><\/li>\n<li>Una pietra veloce, perfetta per rifinire l&#039;affilatura di coltelli, falegnameria e altri utensili. Prefinitura per rasoi.<\/li>\n<li>Le pietre naturali giapponesi garantiscono una maggiore durata della lama (rispetto alle sintetiche e soprattutto al &quot;diamante&quot; e all&#039;elbor) e una buona affilatura. Inoltre, impedisce la formazione di una barriera durante l&#039;affilatura, rendendo il processo pi\u00f9 semplice e veloce. Si consiglia di lavorare con acqua tiepida, perch\u00e9 solo allora si rivelano tutte le migliori propriet\u00e0 abrasive: velocit\u00e0 di lavoro, risposta e uniformit\u00e0.<\/li>\n<\/ul>","protected":false},"featured_media":1257,"comment_status":"open","ping_status":"closed","template":"","meta":[],"product_brand":[],"product_cat":[22],"product_tag":[67,68],"class_list":{"0":"post-295","1":"product","2":"type-product","3":"status-publish","4":"has-post-thumbnail","6":"product_cat-jnats","7":"product_tag-tomae","8":"product_tag-umegahata","9":"product_shipping_class-iprastas","11":"first","12":"outofstock","13":"sale","14":"shipping-taxable","15":"purchasable","16":"product-type-simple"},"_links":{"self":[{"href":"https:\/\/jnats.eu\/it\/wp-json\/wp\/v2\/product\/295","targetHints":{"allow":["GET"]}}],"collection":[{"href":"https:\/\/jnats.eu\/it\/wp-json\/wp\/v2\/product"}],"about":[{"href":"https:\/\/jnats.eu\/it\/wp-json\/wp\/v2\/types\/product"}],"replies":[{"embeddable":true,"href":"https:\/\/jnats.eu\/it\/wp-json\/wp\/v2\/comments?post=295"}],"wp:featuredmedia":[{"embeddable":true,"href":"https:\/\/jnats.eu\/it\/wp-json\/wp\/v2\/media\/1257"}],"wp:attachment":[{"href":"https:\/\/jnats.eu\/it\/wp-json\/wp\/v2\/media?parent=295"}],"wp:term":[{"taxonomy":"product_brand","embeddable":true,"href":"https:\/\/jnats.eu\/it\/wp-json\/wp\/v2\/product_brand?post=295"},{"taxonomy":"product_cat","embeddable":true,"href":"https:\/\/jnats.eu\/it\/wp-json\/wp\/v2\/product_cat?post=295"},{"taxonomy":"product_tag","embeddable":true,"href":"https:\/\/jnats.eu\/it\/wp-json\/wp\/v2\/product_tag?post=295"}],"curies":[{"name":"wp","href":"https:\/\/api.w.org\/{rel}","templated":true}]}}