{"id":313,"date":"2024-03-02T14:13:44","date_gmt":"2024-03-02T12:13:44","guid":{"rendered":"http:\/\/jnats.eu\/?post_type=product&#038;p=313"},"modified":"2026-01-30T18:16:12","modified_gmt":"2026-01-30T16:16:12","slug":"vintaziniai-japoniski-skustuvai-kamisori-nos","status":"publish","type":"product","link":"https:\/\/jnats.eu\/it\/prodotto-2\/vintaziniai-japoniski-skustuvai-kamisori-nos\/","title":{"rendered":"Iwasaki Sanjo Seisakusho \u4e09\u6761\u88fd\u4f5c\u6240 Shizusaburo e Henkotsu Rasoi giapponesi d'epoca Kamisori NOS"},"content":{"rendered":"<p>Il leggendario fabbro Shigeyoshi Iwasaki \u00e8 nato nel 1933 ed \u00e8 stato istruito, tra gli altri, dal padre Dr Iwasaki Kousuke, che ha creato Iwasaki Kamisori, anch'egli metallurgista, famoso per la classificazione dell'acciaio giapponese, ovvero \"carta gialla\", \"carta bianca\", \"carta blu\". ecc.<br>Si \u00e8 occupato anche dello studio di antiche spade e coltelli conservati nel Museo Syousou-In, costruito nell'VIII secolo.<br>Quando non lavorava nella sua fucina, insegnava competenze tecniche e teoria metallurgica ai giovani fabbri di Sanjo come Shigefusa e Yoshikane. Ora Shigeyoshi Iwasaki \u00e8 in pensione, ma il suo apprendista, il signor Ryoichi Mizuochi, produce altri meravigliosi rasoi con il logo ben noto tra i dilettanti: tre strisce in un cerchio!<\/p>\n\n\n\n<p><strong>Henkotsu \u00e8 anche uno dei kamisori d'epoca pi\u00f9 pregiati del Giappone.<\/strong><\/p>\n\n\n\n<p>Presentiamo un'esclusiva collezione di rasoi giapponesi vintage - la Serie Kamisori, progettata per ridefinire l'esperienza della cura della barba con la tradizionale maestria e precisione giapponese.<br><br>Realizzato con la massima cura e attenzione ai dettagli, ogni rasoio Kamisori incarna l'eleganza senza tempo e le prestazioni associate al patrimonio giapponese. Questi rasoi combinano perfettamente le tecniche tradizionali con le caratteristiche moderne per offrire all'uomo esigente l'esperienza di rasatura pi\u00f9 avanzata. La lama in acciaio al carbonio duro viene forgiata dal fabbro in una guaina di acciaio pi\u00f9 morbido per ottenere la massima affilatura e durata. \u00c8 cos\u00ec che da secoli vengono realizzate le famose spade katana giapponesi.<br><br>Caratteristiche principali:<br><br>Autentico artigianato giapponese: i rasoi Kamisori sono meticolosamente realizzati a mano da abili artigiani che hanno affinato il loro mestiere per generazioni, garantendo una qualit\u00e0 e una precisione senza pari.<br><br>Materiali pregiati: per i nostri rasoi vengono utilizzati solo i migliori materiali, tra cui acciaio di alta qualit\u00e0 e leghe giapponesi autentiche per garantire durata e longevit\u00e0.<br><br>Design senza tempo: il rasoio Kamisori si ispira alla secolare estetica giapponese, con linee pulite, eleganza minimalista e impugnature ergonomiche per una facile maneggevolezza e manovrabilit\u00e0.<br><br>Eccellenti prestazioni di rasatura: sperimentate la massima precisione di rasatura con i rasoi Kamisori, progettati per una rasatura liscia e ravvicinata con minime irritazioni grazie alle lame affilate e alla distribuzione equilibrata del peso.<br><br>Versatilit\u00e0: sia che si preferisca una rasatura pulita o con dettagli complessi, i rasoi Kamisori sono versatili e si adattano a un'ampia gamma di stili di rasatura e preferenze, rendendoli uno strumento di toelettatura essenziale per il gentiluomo moderno.<br><br>Un oggetto da collezione: ogni rasoio Kamisori \u00e8 una testimonianza della ricca eredit\u00e0 dell'artigianato giapponese, che lo rende non solo un accessorio funzionale per la cura del corpo, ma anche un prezioso oggetto da collezione per gli appassionati della cultura della rasatura tradizionale.<br><br>Godetevi l'arte della rasatura tradizionale giapponese con i rasoi Kamisori vintage e portate la vostra routine di rasatura a nuovi livelli di raffinatezza e lusso. Provate la differenza che l'ingegneria di precisione e il design senza tempo possono fare per ottenere una rasatura perfetta ogni volta.<\/p>","protected":false},"excerpt":{"rendered":"<ul>\n<li>NOS (New old stock) Rasoi tradizionali giapponesi non utilizzati, conservati con cura e con scatole dalla met\u00e0 del secolo scorso.<\/li>\n<li>Presenta segni di corrosione.<\/li>\n<li>La lama in acciaio al carbonio duro viene incastonata dal fabbro in un fodero di acciaio pi\u00f9 morbido per ottenere la massima affilatura e durata. \u00c8 cos\u00ec che da secoli vengono realizzate le famose spade katana giapponesi.<\/li>\n<li>\n<p>Rarissimi rasoi, primi lavori di Shigeyoshi Iwasaki. A met\u00e0 del secolo scorso, Iwasaki fu l'unico a utilizzare tre linee in un cerchio in un logo. Iwasaki lavorava ai rasoi Nippon prima di creare il logo. Shizusaburo cre\u00f2 il proprio logo dopo la comparsa di questo rasoio.<\/p>\n<\/li>\n<li><strong>Sinistra n. 2<\/strong><\/li>\n<li>Lunghezza totale: 150 mm<\/li>\n<li>Lama: 43x21x5 mm<\/li>\n<li>Peso: 36 g<\/li>\n<\/ul>","protected":false},"featured_media":1083,"comment_status":"open","ping_status":"closed","template":"","meta":[],"product_brand":[],"product_cat":[23],"product_tag":[25,55],"class_list":{"0":"post-313","1":"product","2":"type-product","3":"status-publish","4":"has-post-thumbnail","6":"product_cat-razors","7":"product_tag-kamisori","8":"product_tag-nos","9":"product_shipping_class-light","11":"first","12":"instock","13":"sold-individually","14":"shipping-taxable","15":"product-type-variable"},"_links":{"self":[{"href":"https:\/\/jnats.eu\/it\/wp-json\/wp\/v2\/product\/313","targetHints":{"allow":["GET"]}}],"collection":[{"href":"https:\/\/jnats.eu\/it\/wp-json\/wp\/v2\/product"}],"about":[{"href":"https:\/\/jnats.eu\/it\/wp-json\/wp\/v2\/types\/product"}],"replies":[{"embeddable":true,"href":"https:\/\/jnats.eu\/it\/wp-json\/wp\/v2\/comments?post=313"}],"wp:featuredmedia":[{"embeddable":true,"href":"https:\/\/jnats.eu\/it\/wp-json\/wp\/v2\/media\/1083"}],"wp:attachment":[{"href":"https:\/\/jnats.eu\/it\/wp-json\/wp\/v2\/media?parent=313"}],"wp:term":[{"taxonomy":"product_brand","embeddable":true,"href":"https:\/\/jnats.eu\/it\/wp-json\/wp\/v2\/product_brand?post=313"},{"taxonomy":"product_cat","embeddable":true,"href":"https:\/\/jnats.eu\/it\/wp-json\/wp\/v2\/product_cat?post=313"},{"taxonomy":"product_tag","embeddable":true,"href":"https:\/\/jnats.eu\/it\/wp-json\/wp\/v2\/product_tag?post=313"}],"curies":[{"name":"wp","href":"https:\/\/api.w.org\/{rel}","templated":true}]}}