{"id":3175,"date":"2025-02-12T14:37:19","date_gmt":"2025-02-12T12:37:19","guid":{"rendered":"https:\/\/jnats.eu\/?post_type=product&#038;p=3175"},"modified":"2026-04-11T09:30:05","modified_gmt":"2026-04-11T06:30:05","slug":"gole","status":"publish","type":"product","link":"https:\/\/jnats.eu\/it\/prodotto-2\/gole\/","title":{"rendered":"Pietra dentata media Aizu"},"content":{"rendered":"<p>Come la maggior parte delle Aizu, questa pietra ha una durezza abbastanza moderata e non rilascia facilmente la sua sospensione. Si affila efficacemente finch\u00e9 la superficie rimane umida. Forma ideale. Questa pietra equivale a prodotti artificiali di circa 800-1500 grit. Pu\u00f2 essere utilizzata per terminare l'affilatura dei coltelli o per preparare la superficie a un'ulteriore finitura con un'altra pietra naturale. \u00c8 possibile aumentare la velocit\u00e0 e la facilit\u00e0 di affilatura utilizzando uno slurry forzato da una piastra diamantata.<\/p>\n\n\n\n<p>Questa pietra presenta il caratteristico colore grigio chiaro di Aizu con macchie scure e bianche.<\/p>\n\n\n\n<figure class=\"wp-block-embed is-type-video is-provider-youtube wp-block-embed-youtube wp-embed-aspect-16-9 wp-has-aspect-ratio\"><div class=\"wp-block-embed__wrapper\">\n<div class=\"video-container\"><iframe title=\"Aizu Medium Whetstone Jnats\" width=\"1170\" height=\"658\" src=\"https:\/\/www.youtube.com\/embed\/YkGH4UyfKrg?feature=oembed\" frameborder=\"0\" allow=\"accelerometer; autoplay; clipboard-write; encrypted-media; gyroscope; picture-in-picture; web-share\" referrerpolicy=\"strict-origin-when-cross-origin\" allowfullscreen><\/iframe><\/div>\n<\/div><\/figure>\n\n\n\n<p><strong>Aizu (\u4f1a\u6d25\u7825)<\/strong><br>Questa miniera, a differenza di molte altre, non si trova vicino a Kyoto, ma pi\u00f9 a nord, vicino a Fukushima. Queste pietre sono forse le pi\u00f9 desiderabili nakatoishi a grana media del Giappone. Le pietre da affilatura naturali di Aizu hanno un colore che va dal grigio chiaro o bluastro al verde menta con macchie bianche e rari \"anelli di loto\" neri o grigi. La miniera \u00e8 stata chiusa negli anni '60 a causa di problemi di salute dei lavoratori.<\/p>\n\n\n\n<p>Guardate il video per vedere come funziona questa pietra di Aizu:<\/p>\n\n\n\n<figure class=\"wp-block-embed is-type-video is-provider-youtube wp-block-embed-youtube wp-embed-aspect-16-9 wp-has-aspect-ratio\"><div class=\"wp-block-embed__wrapper\">\n<div class=\"video-container\"><iframe title=\"Pietre per affilare Aizu Lv 3 - 4.5 contro acciaio Aogami\" width=\"1170\" height=\"658\" src=\"https:\/\/www.youtube.com\/embed\/VdMya5Knqzs?feature=oembed\" frameborder=\"0\" allow=\"accelerometer; autoplay; clipboard-write; encrypted-media; gyroscope; picture-in-picture; web-share\" referrerpolicy=\"strict-origin-when-cross-origin\" allowfullscreen><\/iframe><\/div>\n<\/div><\/figure>","protected":false},"excerpt":{"rendered":"<ul>\n<li>Peso: circa 480 g<\/li>\n<li>Dimensioni: 150x45x30 mm<\/li>\n<li>Granulometria circa #800-1500<\/li>\n<li>Durezza Lv 3<\/li>\n<li>\u00c8 pi\u00f9 adatta per la fase intermedia della lucidatura o come donatore di fango (nagura) che per l'affilatura diretta, poich\u00e9 queste pietre sono molto morbide.<\/li>\n<\/ul>","protected":false},"featured_media":3933,"comment_status":"open","ping_status":"closed","template":"","meta":[],"product_brand":[],"product_cat":[22],"product_tag":[299,300],"class_list":{"0":"post-3175","1":"product","2":"type-product","3":"status-publish","4":"has-post-thumbnail","6":"product_cat-jnats","7":"product_tag-aizu","8":"product_tag-medium","9":"product_shipping_class-iprastas","11":"first","12":"outofstock","13":"sale","14":"shipping-taxable","15":"purchasable","16":"product-type-simple"},"_links":{"self":[{"href":"https:\/\/jnats.eu\/it\/wp-json\/wp\/v2\/product\/3175","targetHints":{"allow":["GET"]}}],"collection":[{"href":"https:\/\/jnats.eu\/it\/wp-json\/wp\/v2\/product"}],"about":[{"href":"https:\/\/jnats.eu\/it\/wp-json\/wp\/v2\/types\/product"}],"replies":[{"embeddable":true,"href":"https:\/\/jnats.eu\/it\/wp-json\/wp\/v2\/comments?post=3175"}],"wp:featuredmedia":[{"embeddable":true,"href":"https:\/\/jnats.eu\/it\/wp-json\/wp\/v2\/media\/3933"}],"wp:attachment":[{"href":"https:\/\/jnats.eu\/it\/wp-json\/wp\/v2\/media?parent=3175"}],"wp:term":[{"taxonomy":"product_brand","embeddable":true,"href":"https:\/\/jnats.eu\/it\/wp-json\/wp\/v2\/product_brand?post=3175"},{"taxonomy":"product_cat","embeddable":true,"href":"https:\/\/jnats.eu\/it\/wp-json\/wp\/v2\/product_cat?post=3175"},{"taxonomy":"product_tag","embeddable":true,"href":"https:\/\/jnats.eu\/it\/wp-json\/wp\/v2\/product_tag?post=3175"}],"curies":[{"name":"wp","href":"https:\/\/api.w.org\/{rel}","templated":true}]}}