{"id":3184,"date":"2025-09-30T11:13:34","date_gmt":"2025-09-30T08:13:34","guid":{"rendered":"https:\/\/jnats.eu\/?post_type=product&#038;p=3184"},"modified":"2026-04-11T09:18:41","modified_gmt":"2026-04-11T06:18:41","slug":"jun-mikawa-shiro-nagura-mejiro-button-rinkinys","status":"publish","type":"product","link":"https:\/\/jnats.eu\/it\/prodotto-2\/jun-mikawa-shiro-nagura-mejiro-button-rinkinys\/","title":{"rendered":"Mikawa Shiro Nagura Koma + Mejiro + set Botan"},"content":{"rendered":"<p>Come altri nagura, Mikawa Asano viene tradizionalmente utilizzato per creare un impasto abrasivo su una pietra per affilare naturale. La differenza dagli altri \u00e8 tesoro. Asano \u00e8 un tentativo di creare un sistema di classificazione gratuito che consentir\u00e0 all&#039;utente di scegliere una progressione di affilatura da grossolana a fine.<\/p>\n\n\n\n<p>L'uspensia per unghie accelera il lavoro delle pietre naturali pi\u00f9 lente, affila i carburi d'acciaio e mantiene gli utensili pi\u00f9 affilati molto pi\u00f9 a lungo. Pu\u00f2 essere utilizzata anche sulle pietre sintetiche, rendendole pi\u00f9 morbide e pulite. \u00c8 anche possibile rifinire i rasoi in sospensione liquida se si desidera una rasatura non aggressiva e sicura.<\/p>\n\n\n\n<figure class=\"wp-block-embed is-type-video is-provider-youtube wp-block-embed-youtube wp-embed-aspect-16-9 wp-has-aspect-ratio\"><div class=\"wp-block-embed__wrapper\">\n<div class=\"video-container\"><iframe title=\"Affilatura di un Henkotsu Kamisori su una mola Nakayama Asagi Premium | Mejiro, Tenjo &amp; Koma Nagura\" width=\"1170\" height=\"658\" src=\"https:\/\/www.youtube.com\/embed\/xLUXM45tq0o?start=491&#038;feature=oembed\" frameborder=\"0\" allow=\"accelerometer; autoplay; clipboard-write; encrypted-media; gyroscope; picture-in-picture; web-share\" referrerpolicy=\"strict-origin-when-cross-origin\" allowfullscreen><\/iframe><\/div>\n<\/div><\/figure>\n\n\n\n<p>Infatti, per l&#039;affilatura \u00e8 sufficiente una passata, una qualsiasi, poich\u00e9 durante l&#039;affilatura le particelle abrasive naturali si scompongono e diventano pi\u00f9 fini. Se necessario, la sospensione pu\u00f2 essere ricreata utilizzando lo stesso Mikawa nagura.<\/p>\n\n\n\n<p>L&#039;eccezione alla regola \u00e8 Muchi. Quest&#039;ultimo pu\u00f2 risultare in alcuni casi troppo ruvido e non \u00e8 consigliabile utilizzarlo per i rasoi.<\/p>\n\n\n\n<p>Questo tipo di pietra viene estratto dalla miniera Junmikawa Shiro nel distretto di Kitashitara nella prefettura di Aichi. La roccia rinvenuta \u00e8 composta da 10 a 12 strati, a seconda dell&#039;area scavata. Di questi livelli, ce ne sono 8 utilizzabili e 4 di essi sono i pi\u00f9 popolari. Le aree con 12 livelli utilizzabili includono due diversi livelli Tenjyo, oltre a Yae Botan e Botan, che sono molto simili. Come per tutte le pietre naturali giapponesi, ogni singolo esemplare pu\u00f2 variare.<\/p>\n\n\n\n<p>Mikawa nagura \u00e8 classificato dal pi\u00f9 grossolano al pi\u00f9 fine come segue:&nbsp;<strong>Mushi [\u30e0\u30b7] &gt; Ban [\u30d0\u30f3] &gt; Atsu [\u30a2\u30c4] &gt; Yae Botan [\u516b\u91cd\u30dc\u30bf\u30f3] &gt; Botan [\u30dc\u30bf\u30f3] &gt; Tenjyo [\u5929\u4e0a] &gt; Mejiro [\u76ee\u767d] &gt; Koma [\u30b3\u30de]<\/strong><\/p>\n\n\n\n<p>I Mikawa nagura sono classificati in base alla loro velocit\u00e0 di funzionamento come segue:<strong> Ban &gt; Koma &gt; Yae Botan &gt; Botan &gt; Atsu &gt;Tenjo &gt; Mejiro.<\/strong><\/p>\n\n\n\n<p>Dopo i nagur, l&#039;affilatura viene solitamente completata sulla stessa pietra pulita che costituiva la base. Alcuni terminano il processo di affilatura dei rasoi con una sospensione liquida e ottengono cos\u00ec una rasatura delicata e sicura, perch\u00e9 poi la lama diventa non aggressiva per la pelle, ma taglia i peli.<\/p>\n\n\n\n<h2 class=\"wp-block-heading\">Jun Mikawa Shiro Nagura tipi<\/h2>\n\n\n\n<figure class=\"wp-block-table\"><table class=\"has-fixed-layout\"><thead><tr><th>Nome giapponese<\/th><th>Kanji\/scrittura<\/th><th>Descrizione<\/th><th>Utilizzo tipico<\/th><\/tr><\/thead><tbody><tr><td>Coma<\/td><td>\u99d2 \/ \u30b3\u30de<\/td><td>Il pi\u00f9 piccolo e uno dei pi\u00f9 efficaci nagura della serie Jun Mikawa Shiro. Crea una sospensione molto fine.<\/td><td>Ultimo round, rasoi e coltelli<\/td><\/tr><tr><td>Mejiro<\/td><td>\u76ee\u767d<\/td><td>Molto piccolo, quasi delle dimensioni di un Coma.<\/td><td>Fase di lucidatura tardiva<\/td><\/tr><tr><td>Tenjyo (Tenjou)<\/td><td>\u5929\u4e0a<\/td><td>Rapporto equilibrato tra finezza e potenza di affilatura. Uno degli affilatori pi\u00f9 versatili.<\/td><td>Stadio medio-tardivo<\/td><\/tr><tr><td>Botanica<\/td><td>\u7261\u4e39<\/td><td>Buon potere abrasivo, sospensione abbastanza attiva. Da utilizzare sempre con una pietra di base.<\/td><td>Stadio iniziale di nagura<\/td><\/tr><tr><td>Yae Botan<\/td><td>\u516b\u91cd\u7261\u4e39<\/td><td>Simile al Botan, ma spesso con una sospensione leggermente pi\u00f9 morbida e fine.<\/td><td>Fase iniziale-media<\/td><\/tr><tr><td>Atsu<\/td><td>\u539a<\/td><td>Un po' pi\u00f9 ruvido.<\/td><td>Talvolta utilizzato per lavori di sgrossatura<\/td><\/tr><tr><td>Ban<\/td><td>\u76e4<\/td><td>Uno dei Mikawa nagura pi\u00f9 ruvidi.<\/td><td>Per un'affilatura grossolana<\/td><\/tr><\/tbody><\/table><\/figure>\n\n\n\n<p>Classi di qualit\u00e0:<\/p>\n\n\n\n<ul class=\"wp-block-list\">\n<li><strong>\u5225\u4e0a (Betsuj\u014d)<\/strong> - alta qualit\u00e0<\/li>\n\n\n\n<li><strong>\u7279\u7d1a (Tokky\u016b)<\/strong> - massima qualit\u00e0<\/li>\n<\/ul>\n\n\n\n<h2 class=\"wp-block-heading\">Ordine di finezza (dal pi\u00f9 piccolo al pi\u00f9 grossolano)<\/h2>\n\n\n\n<figure class=\"wp-block-table\"><table class=\"has-fixed-layout\"><thead><tr><th>Dettaglio<\/th><th>Tipo<\/th><\/tr><\/thead><tbody><tr><td>1 (il pi\u00f9 piccolo)<\/td><td>\u99d2 \/ \u30b3\u30de Koma<\/td><\/tr><tr><td>2<\/td><td>Mejiro<\/td><\/tr><tr><td>3<\/td><td>\u5929\u4e0a Tenjyo<\/td><\/tr><tr><td>4<\/td><td>Botan<\/td><\/tr><tr><td>5<\/td><td>\u516b\u91cd\u7261\u4e39 Yae Botan<\/td><\/tr><tr><td>6<\/td><td>\u539a Atsu<\/td><\/tr><tr><td>7<\/td><td>Ban<\/td><\/tr><\/tbody><\/table><\/figure>\n\n\n\n<hr class=\"wp-block-separator has-alpha-channel-opacity\"\/>\n\n\n\n<p>In pratica, in particolare <strong>nell'affilatura dei rasoi<\/strong>, si usa comunemente una progressione:<\/p>\n\n\n\n<p><strong>\u7261\u4e39 Botan \u2192 \u5929\u4e0a Tenjyo \u2192 \u76ee\u767d Mejiro \u2192 \u99d2 Koma<\/strong><\/p>","protected":false},"excerpt":{"rendered":"<ol>\n<li>Koma + Mejiro + Botan peso totale 185 g\u00a0<\/li>\n<li>Koma + Mejiro + Botan peso totale 190 g<\/li>\n<li>Koma + Mejiro + Botan peso totale 200 g<\/li>\n<li>Koma + Mejiro + Botan peso totale 183 g<\/li>\n<li>Koma + Mejiro + Botan peso totale 178 g<\/li>\n<li>Koma + Mejiro + Botan peso totale 185 g<\/li>\n<li>Koma + Mejiro + Botan peso totale 225 g<\/li>\n<li>Peso del Mejiro 218 g<\/li>\n<li>Peso di Mejiro 438 g<\/li>\n<\/ol>\n<p>Se l'articolo non \u00e8 presente nell'elenco a discesa, significa che \u00e8 stato venduto.<\/p>","protected":false},"featured_media":5278,"comment_status":"open","ping_status":"closed","template":"","meta":[],"product_brand":[],"product_cat":[22],"product_tag":[152,301,153],"class_list":{"0":"post-3184","1":"product","2":"type-product","3":"status-publish","4":"has-post-thumbnail","6":"product_cat-jnats","7":"product_tag-button","8":"product_tag-mejiro","9":"product_tag-nagura","10":"product_shipping_class-light","12":"first","13":"instock","14":"shipping-taxable","15":"purchasable","16":"product-type-variable"},"_links":{"self":[{"href":"https:\/\/jnats.eu\/it\/wp-json\/wp\/v2\/product\/3184","targetHints":{"allow":["GET"]}}],"collection":[{"href":"https:\/\/jnats.eu\/it\/wp-json\/wp\/v2\/product"}],"about":[{"href":"https:\/\/jnats.eu\/it\/wp-json\/wp\/v2\/types\/product"}],"replies":[{"embeddable":true,"href":"https:\/\/jnats.eu\/it\/wp-json\/wp\/v2\/comments?post=3184"}],"wp:featuredmedia":[{"embeddable":true,"href":"https:\/\/jnats.eu\/it\/wp-json\/wp\/v2\/media\/5278"}],"wp:attachment":[{"href":"https:\/\/jnats.eu\/it\/wp-json\/wp\/v2\/media?parent=3184"}],"wp:term":[{"taxonomy":"product_brand","embeddable":true,"href":"https:\/\/jnats.eu\/it\/wp-json\/wp\/v2\/product_brand?post=3184"},{"taxonomy":"product_cat","embeddable":true,"href":"https:\/\/jnats.eu\/it\/wp-json\/wp\/v2\/product_cat?post=3184"},{"taxonomy":"product_tag","embeddable":true,"href":"https:\/\/jnats.eu\/it\/wp-json\/wp\/v2\/product_tag?post=3184"}],"curies":[{"name":"wp","href":"https:\/\/api.w.org\/{rel}","templated":true}]}}