{"id":3257,"date":"2024-09-09T09:52:17","date_gmt":"2024-09-09T06:52:17","guid":{"rendered":"https:\/\/jnats.eu\/?post_type=product&#038;p=3257"},"modified":"2024-11-23T10:54:43","modified_gmt":"2024-11-23T08:54:43","slug":"naniwa-jyunpaku-galandinimo-akmuo-8000","status":"publish","type":"product","link":"https:\/\/jnats.eu\/it\/prodotto-2\/naniwa-jyunpaku-galandinimo-akmuo-8000\/","title":{"rendered":"Pietra per affilare Naniwa Jyunpaku #8000 +30 affilatura +47 3000"},"content":{"rendered":"<p>La pietra per affilatura Naniwa Jyunpaku 8000 \u00e8 estremamente fine per dare ai coltelli un bordo molto affilato. Jyunpaku \u00e8 uno dei prodotti pi\u00f9 popolari della gamma Naniwa.<\/p>\n\n\n\n<p>Nel mondo dell'affilatura, questa pietra \u00e8 nota anche come \"Biancaneve\". Non solo per il suo colore bianco come la neve, ma anche per gli straordinari risultati di affilatura a specchio. Nonostante questa reputazione e l'elevata richiesta, le pietre da affilatura presenti sul mercato sono relativamente poche, perch\u00e9 Naniwa produce una quantit\u00e0 limitata di Jyunpaku. Questo per garantire il controllo della qualit\u00e0 di ogni pietra da affilatura. <\/p>\n\n\n\n<p>La Naniwa Jyunpaku deve essere immersa in acqua per alcuni minuti prima dell'uso. Rispetto alle pietre ad acqua pi\u00f9 economiche, questa pietra per affilare non ha bisogno di molta acqua e la assorbe molto bene. Pertanto, non sar\u00e0 necessario bagnare la pietra cos\u00ec spesso quando si affila il coltello. Le particelle metalliche scure sono ovviamente molto visibili sulla superficie di affilatura chiara, quindi vi consigliamo di pulire la superficie della pietra dopo l'uso con un prodotto apposito. In questo modo la pietra rimane bella e bianca.<\/p>\n\n\n\n<p>Lasciare asciugare la pietra a temperatura ambiente dopo l'uso. <\/p>","protected":false},"excerpt":{"rendered":"<ul>\n<li>Dimensioni: 210x70x20 mm<\/li>\n<li>Peso: 660 g<\/li>\n<li>Granulometria: #8000<\/li>\n<li>Prima dell'uso, la pietra deve essere immersa nell'acqua per alcuni minuti, finch\u00e9 le bolle d'aria non smettono di salire.<\/li>\n<\/ul>","protected":false},"featured_media":3259,"comment_status":"open","ping_status":"closed","template":"","meta":[],"product_brand":[],"product_cat":[290],"product_tag":[303,197],"class_list":{"0":"post-3257","1":"product","2":"type-product","3":"status-publish","4":"has-post-thumbnail","6":"product_cat-whetstones","7":"product_tag-303","8":"product_tag-naniwa","9":"product_shipping_class-iprastas","11":"first","12":"outofstock","13":"shipping-taxable","14":"purchasable","15":"product-type-simple"},"_links":{"self":[{"href":"https:\/\/jnats.eu\/it\/wp-json\/wp\/v2\/product\/3257","targetHints":{"allow":["GET"]}}],"collection":[{"href":"https:\/\/jnats.eu\/it\/wp-json\/wp\/v2\/product"}],"about":[{"href":"https:\/\/jnats.eu\/it\/wp-json\/wp\/v2\/types\/product"}],"replies":[{"embeddable":true,"href":"https:\/\/jnats.eu\/it\/wp-json\/wp\/v2\/comments?post=3257"}],"wp:featuredmedia":[{"embeddable":true,"href":"https:\/\/jnats.eu\/it\/wp-json\/wp\/v2\/media\/3259"}],"wp:attachment":[{"href":"https:\/\/jnats.eu\/it\/wp-json\/wp\/v2\/media?parent=3257"}],"wp:term":[{"taxonomy":"product_brand","embeddable":true,"href":"https:\/\/jnats.eu\/it\/wp-json\/wp\/v2\/product_brand?post=3257"},{"taxonomy":"product_cat","embeddable":true,"href":"https:\/\/jnats.eu\/it\/wp-json\/wp\/v2\/product_cat?post=3257"},{"taxonomy":"product_tag","embeddable":true,"href":"https:\/\/jnats.eu\/it\/wp-json\/wp\/v2\/product_tag?post=3257"}],"curies":[{"name":"wp","href":"https:\/\/api.w.org\/{rel}","templated":true}]}}