{"id":340,"date":"2024-03-03T16:17:30","date_gmt":"2024-03-03T14:17:30","guid":{"rendered":"http:\/\/jnats.eu\/?post_type=product&#038;p=340"},"modified":"2024-09-21T11:33:09","modified_gmt":"2024-09-21T08:33:09","slug":"otaniyama-asagi-pietra-per-affilare-la-finitura-del-rasoio","status":"publish","type":"product","link":"https:\/\/jnats.eu\/it\/prodotto-2\/otaniyama-asagi-pietra-per-affilare-la-finitura-del-rasoio\/","title":{"rendered":"Otaniyama Asagi Razor Finishing Whetstone (pietra per finitura)"},"content":{"rendered":"<p>Le pietre Otaniyama di grandi dimensioni non sono quasi pi\u00f9 disponibili in commercio. Otaniyama si trova a circa 10 km a nord-ovest del centro di Kameoka.<\/p>\n\n\n\n<p>Il pozzo \u00e8 scavato in un luogo chiamato Monte Otani, che \u00e8 un nome collettivo per diverse montagne. La pietra divenne popolare in tutto il Giappone come pietra da rasoio.<\/p>\n\n\n\n<p>Sebbene sia un&#039;ottima mola, non \u00e8 molto conosciuta. L&#039;area di Kameoka, dove venivano estratte molte pietre pregiate per l&#039;affilatura, ma le persone che lavoravano l\u00ec non erano membri della Kyoto Natural Stone Association. Si ritiene che questo tipo di pietra non fosse molto conosciuta perch\u00e9 i suoi estrattori non avevano accesso alla suddetta organizzazione. Molti per\u00f2 furono attratti dalla perfezione di questa pietra e iniziarono ad usarla per i rasoi. <\/p>\n\n\n\n<p>La societ\u00e0 commerciale ha sparso la voce nei saloni di parrucchiere di tutto il Giappone attraverso le vendite porta a porta. L&#039;affilatura del rasoio \u00e8 importante tanto in un negozio di barbiere quanto lo \u00e8 per un barbiere. I proprietari dei barbieri erano attenti nella scelta delle mole perch\u00e9 erano associate alla reputazione dell&#039;azienda. \u00c8 una pietra con una lunga storia di distribuzione. Naturalmente, se la reazione con l&#039;acciaio non sembra abbastanza dura, pu\u00f2 essere utilizzata come pietra da barba.<\/p>\n\n\n\n<p>Ho sentito che all&#039;epoca i pezzi di grandi dimensioni venivano venduti per 10.000 yen. Al valore monetario attuale, se converti, sar\u00e0 di circa \u00a5 200.000 (circa \u20ac 1.220). Come suggerisce il nome, questa pietra \u00e8 adatta per l&#039;affilatura finale di rasoi, coltelli, lamette, pialle, scalpelli e altro. per la fase di affilatura.<\/p>\n\n\n\n<p>L&#039;acqua fredda degrader\u00e0 in modo significativo la risposta dell&#039;acciaio nel tempo, quindi assicurati di utilizzare acqua calda a circa 42 gradi durante l&#039;affilatura.<\/p>\n\n\n\n<figure class=\"wp-block-embed is-type-video is-provider-youtube wp-block-embed-youtube wp-embed-aspect-16-9 wp-has-aspect-ratio\"><div class=\"wp-block-embed__wrapper\">\n<div class=\"video-container\"><iframe title=\"Otaniyama Daigokujo \u2013 La migliore pietra per affilare naturale per rasoi\" width=\"1170\" height=\"658\" src=\"https:\/\/www.youtube.com\/embed\/6k_XyH2uSsI?feature=oembed\" frameborder=\"0\" allow=\"accelerometer; autoplay; clipboard-write; encrypted-media; gyroscope; picture-in-picture; web-share\" referrerpolicy=\"strict-origin-when-cross-origin\" allowfullscreen><\/iframe><\/div>\n<\/div><\/figure>","protected":false},"excerpt":{"rendered":"<ul>\n<li>Dimensioni ca. 20,5x7,7x3,7 cm<\/li>\n<li>\u00a0Peso ca. 1330 g<\/li>\n<li>Durezza Lv 4<\/li>\n<li>Funziona velocemente e garantisce una rasatura perfetta. I capelli vengono tagliati subito dopo la finitura sulla pietra. La piastra Nagura o diamantata non \u00e8 necessaria.<\/li>\n<li>Una delle migliori pietre per rasoi che abbia mai visto. Non \u00e8 molto bella, ma funziona bene.<\/li>\n<\/ul>","protected":false},"featured_media":346,"comment_status":"open","ping_status":"closed","template":"","meta":[],"product_brand":[],"product_cat":[22],"product_tag":[45,71,70,69,72],"class_list":{"0":"post-340","1":"product","2":"type-product","3":"status-publish","4":"has-post-thumbnail","6":"product_cat-jnats","7":"product_tag-asagi","8":"product_tag-finishing","9":"product_tag-otaniyama","10":"product_tag-otaniyama-asagi","11":"product_tag-razor","12":"product_shipping_class-iprastas","14":"first","15":"outofstock","16":"sale","17":"shipping-taxable","18":"purchasable","19":"product-type-simple"},"_links":{"self":[{"href":"https:\/\/jnats.eu\/it\/wp-json\/wp\/v2\/product\/340","targetHints":{"allow":["GET"]}}],"collection":[{"href":"https:\/\/jnats.eu\/it\/wp-json\/wp\/v2\/product"}],"about":[{"href":"https:\/\/jnats.eu\/it\/wp-json\/wp\/v2\/types\/product"}],"replies":[{"embeddable":true,"href":"https:\/\/jnats.eu\/it\/wp-json\/wp\/v2\/comments?post=340"}],"wp:featuredmedia":[{"embeddable":true,"href":"https:\/\/jnats.eu\/it\/wp-json\/wp\/v2\/media\/346"}],"wp:attachment":[{"href":"https:\/\/jnats.eu\/it\/wp-json\/wp\/v2\/media?parent=340"}],"wp:term":[{"taxonomy":"product_brand","embeddable":true,"href":"https:\/\/jnats.eu\/it\/wp-json\/wp\/v2\/product_brand?post=340"},{"taxonomy":"product_cat","embeddable":true,"href":"https:\/\/jnats.eu\/it\/wp-json\/wp\/v2\/product_cat?post=340"},{"taxonomy":"product_tag","embeddable":true,"href":"https:\/\/jnats.eu\/it\/wp-json\/wp\/v2\/product_tag?post=340"}],"curies":[{"name":"wp","href":"https:\/\/api.w.org\/{rel}","templated":true}]}}